{"id":99831,"date":"2025-11-30T19:02:47","date_gmt":"2025-11-30T18:02:47","guid":{"rendered":"https:\/\/nimedixmedical.com\/notre-catalogue\/oxymetre-de-pouls-mindray-pm-60\/"},"modified":"2026-02-14T19:40:39","modified_gmt":"2026-02-14T18:40:39","slug":"oxymetre-de-pouls-mindray-pm-60","status":"publish","type":"product","link":"https:\/\/nimedixmedical.com\/fr\/notre-catalogue\/oxymetre-de-pouls-mindray-pm-60\/","title":{"rendered":"Oxym\u00e8tre de Pouls Mindray Pm-60"},"content":{"rendered":"<p>L&#8217;oxym\u00e8tre de pouls Mindray PM-60 est un dispositif m\u00e9dical l\u00e9ger, con\u00e7u pour un contr\u00f4le al\u00e9atoire et une surveillance continue de la saturation en oxyg\u00e8ne (SpO2) et de la fr\u00e9quence cardiaque. Adapt\u00e9 pour les adultes et les enfants, il assure une pr\u00e9cision et une fiabilit\u00e9 dans divers contextes m\u00e9dicaux.<\/p>\n<h2>Caract\u00e9ristiques<\/h2>\n<ul>\n<li>Mode de contr\u00f4le al\u00e9atoire et surveillance continue.<\/li>\n<li>\u00c9cran LCD couleur haute r\u00e9solution de 2,4 pouces.<\/li>\n<li>Plage de mesure SpO2 : 0~100% \u00b12% (70~100%).<\/li>\n<li>Plage de mesure de pouls : 18~300 bpm (\u00b13 bpm sans mouvement).<\/li>\n<li>Transfert de donn\u00e9es en temps r\u00e9el par technologie infrarouge.<\/li>\n<li>Autonomie : jusqu\u2019\u00e0 24 heures avec batterie Li-ion ou 36 heures avec piles AA.<\/li>\n<li>Alarme visuelle et sonore r\u00e9glable, avec 3 niveaux d&#8217;alerte.<\/li>\n<li>Livr\u00e9 avec capteur adulte r\u00e9utilisable et interface pour connexion PC.<\/li>\n<\/ul>\n<h2>Livraison<\/h2>\n<ul>\n<li><strong>France :<\/strong> Livraison directe.<\/li>\n<li><strong>Export (Europe et Afrique) :<\/strong> Sur devis.<\/li>\n<\/ul>\n","protected":false},"excerpt":{"rendered":"<ul>\n<li>Usage : Surveillance continue ou contr\u00f4le al\u00e9atoire de la SpO2 et de la fr\u00e9quence cardiaque.<\/li>\n<li>B\u00e9n\u00e9fice : Appareil l\u00e9ger et portable, id\u00e9al pour un usage en milieu hospitalier ou \u00e0 domicile.<\/li>\n<li>Alarme : Alarmes visuelles et sonores r\u00e9glables pour une s\u00e9curit\u00e9 accrue.<\/li>\n<li>Technologie : Transfert de donn\u00e9es en temps r\u00e9el via infrarouges.<\/li>\n<\/ul>\n","protected":false},"featured_media":99832,"comment_status":"open","ping_status":"closed","template":"","meta":{"inline_featured_image":false},"product_brand":[],"product_cat":[805,803,784],"product_tag":[],"class_list":{"0":"post-99831","1":"product","2":"type-product","3":"status-publish","4":"has-post-thumbnail","6":"product_cat-oxymetres-de-pouls","7":"product_cat-oxymetres-de-pouls-capnographe","8":"product_cat-urgences-premiers-secours","10":"first","11":"instock","12":"sale","13":"taxable","14":"shipping-taxable","15":"purchasable","16":"product-type-simple"},"_links":{"self":[{"href":"https:\/\/nimedixmedical.com\/fr\/wp-json\/wp\/v2\/product\/99831","targetHints":{"allow":["GET"]}}],"collection":[{"href":"https:\/\/nimedixmedical.com\/fr\/wp-json\/wp\/v2\/product"}],"about":[{"href":"https:\/\/nimedixmedical.com\/fr\/wp-json\/wp\/v2\/types\/product"}],"replies":[{"embeddable":true,"href":"https:\/\/nimedixmedical.com\/fr\/wp-json\/wp\/v2\/comments?post=99831"}],"wp:featuredmedia":[{"embeddable":true,"href":"https:\/\/nimedixmedical.com\/fr\/wp-json\/wp\/v2\/media\/99832"}],"wp:attachment":[{"href":"https:\/\/nimedixmedical.com\/fr\/wp-json\/wp\/v2\/media?parent=99831"}],"wp:term":[{"taxonomy":"product_brand","embeddable":true,"href":"https:\/\/nimedixmedical.com\/fr\/wp-json\/wp\/v2\/product_brand?post=99831"},{"taxonomy":"product_cat","embeddable":true,"href":"https:\/\/nimedixmedical.com\/fr\/wp-json\/wp\/v2\/product_cat?post=99831"},{"taxonomy":"product_tag","embeddable":true,"href":"https:\/\/nimedixmedical.com\/fr\/wp-json\/wp\/v2\/product_tag?post=99831"}],"curies":[{"name":"wp","href":"https:\/\/api.w.org\/{rel}","templated":true}]}}