{"id":99795,"date":"2025-11-30T19:02:25","date_gmt":"2025-11-30T18:02:25","guid":{"rendered":"https:\/\/nimedixmedical.com\/notre-catalogue\/nonin-logiciel-vision-pour-gestion-des-donnees-pour-35086\/"},"modified":"2026-01-12T14:44:09","modified_gmt":"2026-01-12T13:44:09","slug":"nonin-logiciel-vision-pour-gestion-des-donnees-pour-35086","status":"publish","type":"product","link":"https:\/\/nimedixmedical.com\/fr\/notre-catalogue\/nonin-logiciel-vision-pour-gestion-des-donnees-pour-35086\/","title":{"rendered":"Nonin Logiciel Vision pour Gestion des Donn\u00e9es pour 35086"},"content":{"rendered":"<p>Le logiciel NVISION est con\u00e7u pour am\u00e9liorer la gestion des donn\u00e9es m\u00e9dicales, particuli\u00e8rement dans les situations d&#8217;urgence. Il permet aux professionnels de sant\u00e9 d&#8217;acc\u00e9der rapidement et efficacement aux informations critiques des patients, facilitant ainsi la prise de d\u00e9cisions \u00e9clair\u00e9es.<\/p>\n<h2>Caract\u00e9ristiques<\/h2>\n<ul>\n<li>Logiciel de gestion de donn\u00e9es NVISION compatible avec les oxym\u00e8tres NONIN.<\/li>\n<li>Interface utilisateur intuitive pour une utilisation simplifi\u00e9e.<\/li>\n<li>Fonctionnalit\u00e9s d&#8217;analyse avanc\u00e9es pour un suivi pr\u00e9cis des param\u00e8tres vitaux.<\/li>\n<li>Prise en charge des mises \u00e0 jour r\u00e9guli\u00e8res pour garantir la conformit\u00e9 et l&#8217;efficacit\u00e9.<\/li>\n<\/ul>\n<h2>Livraison<\/h2>\n<ul>\n<li><strong>France :<\/strong> Livraison directe.<\/li>\n<li><strong>Export (Europe et Afrique) :<\/strong> Sur devis.<\/li>\n<\/ul>\n","protected":false},"excerpt":{"rendered":"<ul>\n<li>Gestion efficace des donn\u00e9es m\u00e9dicales via le logiciel NVISION.<\/li>\n<li>Optimise le suivi des patients et l&#8217;analyse des r\u00e9sultats.<\/li>\n<li>Facilit\u00e9 d&#8217;utilisation pour un acc\u00e8s rapide aux informations cruciales.<\/li>\n<li>Compatible avec les oxym\u00e8tres de pouls NONIN pour une int\u00e9gration sans faille.<\/li>\n<\/ul>\n","protected":false},"featured_media":99796,"comment_status":"open","ping_status":"open","template":"","meta":{"inline_featured_image":false},"product_brand":[],"product_cat":[803,804,784],"product_tag":[],"class_list":{"0":"post-99795","1":"product","2":"type-product","3":"status-publish","4":"has-post-thumbnail","6":"product_cat-oxymetres-de-pouls-capnographe","7":"product_cat-pieces-de-rechange-et-accessoires-pour-oxymetres-de-pouls","8":"product_cat-urgences-premiers-secours","10":"first","11":"instock","12":"sale","13":"taxable","14":"shipping-taxable","15":"purchasable","16":"product-type-simple"},"_links":{"self":[{"href":"https:\/\/nimedixmedical.com\/fr\/wp-json\/wp\/v2\/product\/99795","targetHints":{"allow":["GET"]}}],"collection":[{"href":"https:\/\/nimedixmedical.com\/fr\/wp-json\/wp\/v2\/product"}],"about":[{"href":"https:\/\/nimedixmedical.com\/fr\/wp-json\/wp\/v2\/types\/product"}],"replies":[{"embeddable":true,"href":"https:\/\/nimedixmedical.com\/fr\/wp-json\/wp\/v2\/comments?post=99795"}],"wp:featuredmedia":[{"embeddable":true,"href":"https:\/\/nimedixmedical.com\/fr\/wp-json\/wp\/v2\/media\/99796"}],"wp:attachment":[{"href":"https:\/\/nimedixmedical.com\/fr\/wp-json\/wp\/v2\/media?parent=99795"}],"wp:term":[{"taxonomy":"product_brand","embeddable":true,"href":"https:\/\/nimedixmedical.com\/fr\/wp-json\/wp\/v2\/product_brand?post=99795"},{"taxonomy":"product_cat","embeddable":true,"href":"https:\/\/nimedixmedical.com\/fr\/wp-json\/wp\/v2\/product_cat?post=99795"},{"taxonomy":"product_tag","embeddable":true,"href":"https:\/\/nimedixmedical.com\/fr\/wp-json\/wp\/v2\/product_tag?post=99795"}],"curies":[{"name":"wp","href":"https:\/\/api.w.org\/{rel}","templated":true}]}}