{"id":99584,"date":"2025-11-30T19:00:03","date_gmt":"2025-11-30T18:00:03","guid":{"rendered":"https:\/\/nimedixmedical.com\/notre-catalogue\/bande-tnt-coloree-cohesive-45-m-x-75-cm-rouge\/"},"modified":"2026-01-12T14:43:16","modified_gmt":"2026-01-12T13:43:16","slug":"bande-tnt-coloree-cohesive-45-m-x-75-cm-rouge","status":"publish","type":"product","link":"https:\/\/nimedixmedical.com\/fr\/notre-catalogue\/bande-tnt-coloree-cohesive-45-m-x-75-cm-rouge\/","title":{"rendered":"Bande Tnt Color\u00e9e Coh\u00e9sive 4,5 M X 7,5 cm &#8211; Rouge"},"content":{"rendered":"<p>La bande TNT color\u00e9e coh\u00e9sive de 4,5 m x 7,5 cm, en rouge, est con\u00e7ue pour r\u00e9pondre aux besoins d&#8217;urgence et de premiers secours. Parfaite pour fixer les pansements et offrir un soutien l\u00e9ger, elle est un indispensable pour les sportifs et les v\u00e9t\u00e9rinaires.<\/p>\n<h2>Caract\u00e9ristiques<\/h2>\n<ul>\n<li>Dimensions : 4,5 m x 7,5 cm<\/li>\n<li>Composition : 85% polypropyl\u00e8ne, 15% \u00e9lastanne et latex<\/li>\n<li>\u00c9longation : environ 100%<\/li>\n<li>Adh\u00e9sion sans agrafes ni sparadraps<\/li>\n<\/ul>\n<h2>Livraison<\/h2>\n<ul>\n<li><strong>France :<\/strong> Livraison directe.<\/li>\n<li><strong>Export (Europe et Afrique) :<\/strong> Sur devis.<\/li>\n<\/ul>\n","protected":false},"excerpt":{"rendered":"<ul>\n<li>Fixation de pansements et bandages de soutien l\u00e9ger<\/li>\n<li>Adh\u00e9sion sur elle-m\u00eame, sans besoin d&#8217;agrafes ni de sparadraps<\/li>\n<li>Id\u00e9ale pour les articulations, le sport et l&#8217;utilisation v\u00e9t\u00e9rinaire<\/li>\n<li>\u00c9lasticit\u00e9 et confort d&#8217;utilisation gr\u00e2ce \u00e0 sa composition<\/li>\n<\/ul>\n","protected":false},"featured_media":99585,"comment_status":"open","ping_status":"open","template":"","meta":{"inline_featured_image":false},"product_brand":[],"product_cat":[800,794,784],"product_tag":[],"class_list":{"0":"post-99584","1":"product","2":"type-product","3":"status-publish","4":"has-post-thumbnail","6":"product_cat-bandages-cohesifs","7":"product_cat-pansements-bandages-sparadraps","8":"product_cat-urgences-premiers-secours","10":"first","11":"instock","12":"sale","13":"taxable","14":"shipping-taxable","15":"purchasable","16":"product-type-simple"},"_links":{"self":[{"href":"https:\/\/nimedixmedical.com\/fr\/wp-json\/wp\/v2\/product\/99584","targetHints":{"allow":["GET"]}}],"collection":[{"href":"https:\/\/nimedixmedical.com\/fr\/wp-json\/wp\/v2\/product"}],"about":[{"href":"https:\/\/nimedixmedical.com\/fr\/wp-json\/wp\/v2\/types\/product"}],"replies":[{"embeddable":true,"href":"https:\/\/nimedixmedical.com\/fr\/wp-json\/wp\/v2\/comments?post=99584"}],"wp:featuredmedia":[{"embeddable":true,"href":"https:\/\/nimedixmedical.com\/fr\/wp-json\/wp\/v2\/media\/99585"}],"wp:attachment":[{"href":"https:\/\/nimedixmedical.com\/fr\/wp-json\/wp\/v2\/media?parent=99584"}],"wp:term":[{"taxonomy":"product_brand","embeddable":true,"href":"https:\/\/nimedixmedical.com\/fr\/wp-json\/wp\/v2\/product_brand?post=99584"},{"taxonomy":"product_cat","embeddable":true,"href":"https:\/\/nimedixmedical.com\/fr\/wp-json\/wp\/v2\/product_cat?post=99584"},{"taxonomy":"product_tag","embeddable":true,"href":"https:\/\/nimedixmedical.com\/fr\/wp-json\/wp\/v2\/product_tag?post=99584"}],"curies":[{"name":"wp","href":"https:\/\/api.w.org\/{rel}","templated":true}]}}