{"id":99429,"date":"2025-11-30T18:58:22","date_gmt":"2025-11-30T17:58:22","guid":{"rendered":"https:\/\/nimedixmedical.com\/notre-catalogue\/coton-hydrophile-1000-g-rouleau\/"},"modified":"2026-01-12T14:42:35","modified_gmt":"2026-01-12T13:42:35","slug":"coton-hydrophile-1000-g-rouleau","status":"publish","type":"product","link":"https:\/\/nimedixmedical.com\/fr\/notre-catalogue\/coton-hydrophile-1000-g-rouleau\/","title":{"rendered":"Coton Hydrophile 1000 G &#8211; Rouleau"},"content":{"rendered":"<p>Le coton hydrophile est un produit essentiel en milieu m\u00e9dical et cosm\u00e9tique. Utilis\u00e9 pour l&#8217;hygi\u00e8ne et le soin, il permet une absorption efficace des fluides et contribue \u00e0 la d\u00e9sinfection des surfaces cutan\u00e9es non l\u00e9s\u00e9es.<\/p>\n<h2>Caract\u00e9ristiques<\/h2>\n<ul>\n<li>Coton hydrophile 1000 g<\/li>\n<li>Type: rouleau<\/li>\n<li>Lacets de fermeture: Non<\/li>\n<li>Dispositif m\u00e9dical non invasif de Classe I<\/li>\n<li>Non st\u00e9rile<\/li>\n<li>Paquet multilingue: GB, FR, IT, DE, ES, FI, GR, HR, PL, PT, RO, SE<\/li>\n<\/ul>\n<h2>Livraison<\/h2>\n<ul>\n<li><strong>France :<\/strong> Livraison directe.<\/li>\n<li><strong>Export (Europe et Afrique) :<\/strong> Sur devis.<\/li>\n<\/ul>\n","protected":false},"excerpt":{"rendered":"<ul>\n<li>Coton hydrophile 100% pour un usage sanitaire et cosm\u00e9tique.<\/li>\n<li>Id\u00e9al pour l\u2019hygi\u00e8ne et l\u2019absorption de l\u2019exsudat.<\/li>\n<li>Facilite la d\u00e9sinfection de la peau non l\u00e9s\u00e9e.<\/li>\n<li>Dispositif m\u00e9dical non invasif de Classe I, non st\u00e9rile.<\/li>\n<\/ul>\n","protected":false},"featured_media":99430,"comment_status":"open","ping_status":"open","template":"","meta":{"inline_featured_image":false},"product_brand":[],"product_cat":[797,794,784],"product_tag":[],"class_list":{"0":"post-99429","1":"product","2":"type-product","3":"status-publish","4":"has-post-thumbnail","6":"product_cat-coton-hydrophile","7":"product_cat-pansements-bandages-sparadraps","8":"product_cat-urgences-premiers-secours","10":"first","11":"instock","12":"sale","13":"taxable","14":"shipping-taxable","15":"purchasable","16":"product-type-simple"},"_links":{"self":[{"href":"https:\/\/nimedixmedical.com\/fr\/wp-json\/wp\/v2\/product\/99429","targetHints":{"allow":["GET"]}}],"collection":[{"href":"https:\/\/nimedixmedical.com\/fr\/wp-json\/wp\/v2\/product"}],"about":[{"href":"https:\/\/nimedixmedical.com\/fr\/wp-json\/wp\/v2\/types\/product"}],"replies":[{"embeddable":true,"href":"https:\/\/nimedixmedical.com\/fr\/wp-json\/wp\/v2\/comments?post=99429"}],"wp:featuredmedia":[{"embeddable":true,"href":"https:\/\/nimedixmedical.com\/fr\/wp-json\/wp\/v2\/media\/99430"}],"wp:attachment":[{"href":"https:\/\/nimedixmedical.com\/fr\/wp-json\/wp\/v2\/media?parent=99429"}],"wp:term":[{"taxonomy":"product_brand","embeddable":true,"href":"https:\/\/nimedixmedical.com\/fr\/wp-json\/wp\/v2\/product_brand?post=99429"},{"taxonomy":"product_cat","embeddable":true,"href":"https:\/\/nimedixmedical.com\/fr\/wp-json\/wp\/v2\/product_cat?post=99429"},{"taxonomy":"product_tag","embeddable":true,"href":"https:\/\/nimedixmedical.com\/fr\/wp-json\/wp\/v2\/product_tag?post=99429"}],"curies":[{"name":"wp","href":"https:\/\/api.w.org\/{rel}","templated":true}]}}