{"id":99421,"date":"2025-11-30T18:58:22","date_gmt":"2025-11-30T17:58:22","guid":{"rendered":"https:\/\/nimedixmedical.com\/notre-catalogue\/kit-de-medication-1-sterile\/"},"modified":"2026-01-12T14:42:32","modified_gmt":"2026-01-12T13:42:32","slug":"kit-de-medication-1-sterile","status":"publish","type":"product","link":"https:\/\/nimedixmedical.com\/fr\/notre-catalogue\/kit-de-medication-1-sterile\/","title":{"rendered":"Kit de M\u00e9dication 1 &#8211; St\u00e9rile"},"content":{"rendered":"<p>Le Kit de M\u00e9dication 1 est un ensemble de soins st\u00e9riles destin\u00e9 \u00e0 un usage m\u00e9dical d&#8217;urgence. Id\u00e9al pour les professionnels de sant\u00e9 et les premiers intervenants, il permet une prise en charge rapide des blessures pour assurer la s\u00e9curit\u00e9 des patients.<\/p>\n<h2>Caract\u00e9ristiques<\/h2>\n<ul>\n<li>Champ en tissu pour maintenir les instruments st\u00e9riles.<\/li>\n<li>Pince anatomique et pince \u00e0 extr\u00e9mit\u00e9s en anneau pour une manipulation pr\u00e9cise.<\/li>\n<li>Gaze comprim\u00e9e 7,5 x 7,5 cm, 8 \u00e9paisseurs pour un meilleur absorption.<\/li>\n<li>4 ou 5 tampons de gaze inclus pour le traitement des plaies.<\/li>\n<li>\u00c9tiquette et instructions fournies en anglais et italien.<\/li>\n<\/ul>\n<h2>Livraison<\/h2>\n<ul>\n<li><strong>France :<\/strong> Livraison directe.<\/li>\n<li><strong>Export (Europe et Afrique) :<\/strong> Sur devis.<\/li>\n<\/ul>\n","protected":false},"excerpt":{"rendered":"<ul>\n<li>Usage : Kit de m\u00e9dication st\u00e9rile con\u00e7u pour les situations d&#8217;urgence et les premiers secours.<\/li>\n<li>B\u00e9n\u00e9fice : Contenu complet permettant une intervention rapide et efficace en cas de blessure.<\/li>\n<li>Inclus : Mat\u00e9riel de soin essentiel tel que pince anatomique et tampons de gaze.<\/li>\n<li>\u00c9tiquetage : Instructions d&#8217;utilisation disponibles en anglais et en italien.<\/li>\n<\/ul>\n","protected":false},"featured_media":99422,"comment_status":"open","ping_status":"open","template":"","meta":{"inline_featured_image":false},"product_brand":[],"product_cat":[796,794,784],"product_tag":[],"class_list":{"0":"post-99421","1":"product","2":"type-product","3":"status-publish","4":"has-post-thumbnail","6":"product_cat-medication-sutures-et-catheterisme","7":"product_cat-pansements-bandages-sparadraps","8":"product_cat-urgences-premiers-secours","10":"first","11":"instock","12":"sale","13":"taxable","14":"shipping-taxable","15":"purchasable","16":"product-type-simple"},"_links":{"self":[{"href":"https:\/\/nimedixmedical.com\/fr\/wp-json\/wp\/v2\/product\/99421","targetHints":{"allow":["GET"]}}],"collection":[{"href":"https:\/\/nimedixmedical.com\/fr\/wp-json\/wp\/v2\/product"}],"about":[{"href":"https:\/\/nimedixmedical.com\/fr\/wp-json\/wp\/v2\/types\/product"}],"replies":[{"embeddable":true,"href":"https:\/\/nimedixmedical.com\/fr\/wp-json\/wp\/v2\/comments?post=99421"}],"wp:featuredmedia":[{"embeddable":true,"href":"https:\/\/nimedixmedical.com\/fr\/wp-json\/wp\/v2\/media\/99422"}],"wp:attachment":[{"href":"https:\/\/nimedixmedical.com\/fr\/wp-json\/wp\/v2\/media?parent=99421"}],"wp:term":[{"taxonomy":"product_brand","embeddable":true,"href":"https:\/\/nimedixmedical.com\/fr\/wp-json\/wp\/v2\/product_brand?post=99421"},{"taxonomy":"product_cat","embeddable":true,"href":"https:\/\/nimedixmedical.com\/fr\/wp-json\/wp\/v2\/product_cat?post=99421"},{"taxonomy":"product_tag","embeddable":true,"href":"https:\/\/nimedixmedical.com\/fr\/wp-json\/wp\/v2\/product_tag?post=99421"}],"curies":[{"name":"wp","href":"https:\/\/api.w.org\/{rel}","templated":true}]}}