{"id":99419,"date":"2025-11-30T18:58:22","date_gmt":"2025-11-30T17:58:22","guid":{"rendered":"https:\/\/nimedixmedical.com\/notre-catalogue\/kit-de-suture-1-sterile\/"},"modified":"2026-01-12T14:42:31","modified_gmt":"2026-01-12T13:42:31","slug":"kit-de-suture-1-sterile","status":"publish","type":"product","link":"https:\/\/nimedixmedical.com\/fr\/notre-catalogue\/kit-de-suture-1-sterile\/","title":{"rendered":"Kit de Suture 1 &#8211; St\u00e9rile"},"content":{"rendered":"<p>Le Kit de Suture 1 est con\u00e7u pour r\u00e9pondre aux besoins des professionnels de sant\u00e9 en mati\u00e8re de sutures et de premiers secours. Complet et st\u00e9rile, il facilite les interventions chirurgicales d&#8217;urgence gr\u00e2ce \u00e0 ses outils de haute qualit\u00e9.<\/p>\n<h2>Caract\u00e9ristiques<\/h2>\n<ul>\n<li>Champ en tissu pour une protection efficace.<\/li>\n<li>Pince chirurgicale Cushing, porte-aiguille et autres instruments essentiels.<\/li>\n<li>Ciseaux droits pour une pr\u00e9cision lors des interventions.<\/li>\n<li>Gaze comprim\u00e9e et tampons de gaze pour un soin optimal des plaies.<\/li>\n<li>Inclus : gants en vinyle et sac jetable pour maintenir la st\u00e9rilit\u00e9.<\/li>\n<li>Champ en TNT + PE avec ouverture, dimension 50 x 60 cm.<\/li>\n<li>Instructions en anglais et italien fournies pour une utilisation facile.<\/li>\n<\/ul>\n<h2>Livraison<\/h2>\n<ul>\n<li><strong>France :<\/strong> Livraison directe.<\/li>\n<li><strong>Export (Europe et Afrique) :<\/strong> Sur devis.<\/li>\n<\/ul>\n","protected":false},"excerpt":{"rendered":"<ul>\n<li>Usage : Kit de suture st\u00e9rile pour des interventions chirurgicales et des soins d&#8217;urgence.<\/li>\n<li>B\u00e9n\u00e9fice : Complet et pratique, ce kit contient tous les outils n\u00e9cessaires pour des sutures efficaces.<\/li>\n<li>Conception : Tous les \u00e9l\u00e9ments du kit sont st\u00e9riles, garantissant une s\u00e9curit\u00e9 optimale lors des proc\u00e9dures.<\/li>\n<li>Polyvalence : Id\u00e9al pour les professionnels de sant\u00e9 en milieu hospitalier ou lors d&#8217;interventions sur le terrain.<\/li>\n<\/ul>\n","protected":false},"featured_media":99420,"comment_status":"open","ping_status":"open","template":"","meta":{"inline_featured_image":false},"product_brand":[],"product_cat":[796,794,784],"product_tag":[],"class_list":{"0":"post-99419","1":"product","2":"type-product","3":"status-publish","4":"has-post-thumbnail","6":"product_cat-medication-sutures-et-catheterisme","7":"product_cat-pansements-bandages-sparadraps","8":"product_cat-urgences-premiers-secours","10":"first","11":"instock","12":"sale","13":"taxable","14":"shipping-taxable","15":"purchasable","16":"product-type-simple"},"_links":{"self":[{"href":"https:\/\/nimedixmedical.com\/fr\/wp-json\/wp\/v2\/product\/99419","targetHints":{"allow":["GET"]}}],"collection":[{"href":"https:\/\/nimedixmedical.com\/fr\/wp-json\/wp\/v2\/product"}],"about":[{"href":"https:\/\/nimedixmedical.com\/fr\/wp-json\/wp\/v2\/types\/product"}],"replies":[{"embeddable":true,"href":"https:\/\/nimedixmedical.com\/fr\/wp-json\/wp\/v2\/comments?post=99419"}],"wp:featuredmedia":[{"embeddable":true,"href":"https:\/\/nimedixmedical.com\/fr\/wp-json\/wp\/v2\/media\/99420"}],"wp:attachment":[{"href":"https:\/\/nimedixmedical.com\/fr\/wp-json\/wp\/v2\/media?parent=99419"}],"wp:term":[{"taxonomy":"product_brand","embeddable":true,"href":"https:\/\/nimedixmedical.com\/fr\/wp-json\/wp\/v2\/product_brand?post=99419"},{"taxonomy":"product_cat","embeddable":true,"href":"https:\/\/nimedixmedical.com\/fr\/wp-json\/wp\/v2\/product_cat?post=99419"},{"taxonomy":"product_tag","embeddable":true,"href":"https:\/\/nimedixmedical.com\/fr\/wp-json\/wp\/v2\/product_tag?post=99419"}],"curies":[{"name":"wp","href":"https:\/\/api.w.org\/{rel}","templated":true}]}}