{"id":99417,"date":"2025-11-30T18:58:22","date_gmt":"2025-11-30T17:58:22","guid":{"rendered":"https:\/\/nimedixmedical.com\/notre-catalogue\/kit-de-retrait-de-suture-3-sterile\/"},"modified":"2026-01-12T14:42:29","modified_gmt":"2026-01-12T13:42:29","slug":"kit-de-retrait-de-suture-3-sterile","status":"publish","type":"product","link":"https:\/\/nimedixmedical.com\/fr\/notre-catalogue\/kit-de-retrait-de-suture-3-sterile\/","title":{"rendered":"Kit de Retrait de Suture 3 &#8211; St\u00e9rile"},"content":{"rendered":"<p>Le kit de retrait de suture st\u00e9rile est con\u00e7u pour les professionnels de sant\u00e9, offrant tous les outils n\u00e9cessaires pour un retrait de suture en toute s\u00e9curit\u00e9. Chaque \u00e9l\u00e9ment du kit a \u00e9t\u00e9 s\u00e9lectionn\u00e9 pour sa qualit\u00e9 et son efficacit\u00e9 dans un environnement m\u00e9dical.<\/p>\n<h2>Caract\u00e9ristiques<\/h2>\n<ul>\n<li>Contenu : Champ en tissu, Pince anatomique, Pince \u00e0 extr\u00e9mit\u00e9s en anneau, Ciseaux Littauer, Gaze comprim\u00e9e 7,5 x 7,5 cm (8 \u00e9paisseurs), Gaze comprim\u00e9e 10 x 10 cm (8 \u00e9paisseurs), 4 ou 5 tampons de gaze, Gants en vinyle, Sac jetable grand, Sparadrap 15 x 12 cm.<\/li>\n<li>\u00c9tiquetage et instructions disponibles en anglais et italien.<\/li>\n<li>Produit st\u00e9rile, id\u00e9al pour une utilisation en milieu m\u00e9dical.<\/li>\n<li>Compact et facile \u00e0 transporter, parfait pour les situations d&#8217;urgence.<\/li>\n<\/ul>\n<h2>Livraison<\/h2>\n<ul>\n<li><strong>France :<\/strong> Livraison directe.<\/li>\n<li><strong>Export (Europe et Afrique) :<\/strong> Sur devis.<\/li>\n<\/ul>\n","protected":false},"excerpt":{"rendered":"<ul>\n<li>Kit complet pour le retrait de sutures en milieu m\u00e9dical.<\/li>\n<li>Inclus des outils st\u00e9riles pour garantir une hygi\u00e8ne optimale.<\/li>\n<li>Facilite les soins post-op\u00e9ratoires avec des fournitures essentielles.<\/li>\n<li>Pratique pour les professionnels de sant\u00e9 et les situations d&#8217;urgence.<\/li>\n<\/ul>\n","protected":false},"featured_media":99418,"comment_status":"open","ping_status":"open","template":"","meta":{"inline_featured_image":false},"product_brand":[],"product_cat":[796,794,784],"product_tag":[],"class_list":{"0":"post-99417","1":"product","2":"type-product","3":"status-publish","4":"has-post-thumbnail","6":"product_cat-medication-sutures-et-catheterisme","7":"product_cat-pansements-bandages-sparadraps","8":"product_cat-urgences-premiers-secours","10":"first","11":"instock","12":"sale","13":"taxable","14":"shipping-taxable","15":"purchasable","16":"product-type-simple"},"_links":{"self":[{"href":"https:\/\/nimedixmedical.com\/fr\/wp-json\/wp\/v2\/product\/99417","targetHints":{"allow":["GET"]}}],"collection":[{"href":"https:\/\/nimedixmedical.com\/fr\/wp-json\/wp\/v2\/product"}],"about":[{"href":"https:\/\/nimedixmedical.com\/fr\/wp-json\/wp\/v2\/types\/product"}],"replies":[{"embeddable":true,"href":"https:\/\/nimedixmedical.com\/fr\/wp-json\/wp\/v2\/comments?post=99417"}],"wp:featuredmedia":[{"embeddable":true,"href":"https:\/\/nimedixmedical.com\/fr\/wp-json\/wp\/v2\/media\/99418"}],"wp:attachment":[{"href":"https:\/\/nimedixmedical.com\/fr\/wp-json\/wp\/v2\/media?parent=99417"}],"wp:term":[{"taxonomy":"product_brand","embeddable":true,"href":"https:\/\/nimedixmedical.com\/fr\/wp-json\/wp\/v2\/product_brand?post=99417"},{"taxonomy":"product_cat","embeddable":true,"href":"https:\/\/nimedixmedical.com\/fr\/wp-json\/wp\/v2\/product_cat?post=99417"},{"taxonomy":"product_tag","embeddable":true,"href":"https:\/\/nimedixmedical.com\/fr\/wp-json\/wp\/v2\/product_tag?post=99417"}],"curies":[{"name":"wp","href":"https:\/\/api.w.org\/{rel}","templated":true}]}}