{"id":99407,"date":"2025-11-30T18:57:37","date_gmt":"2025-11-30T17:57:37","guid":{"rendered":"https:\/\/nimedixmedical.com\/notre-catalogue\/kit-chirurgie-generale-sterile\/"},"modified":"2026-01-12T14:42:25","modified_gmt":"2026-01-12T13:42:25","slug":"kit-chirurgie-generale-sterile","status":"publish","type":"product","link":"https:\/\/nimedixmedical.com\/fr\/notre-catalogue\/kit-chirurgie-generale-sterile\/","title":{"rendered":"Kit Chirurgie G\u00e9n\u00e9rale &#8211; St\u00e9rile"},"content":{"rendered":"<p>Le kit de chirurgie g\u00e9n\u00e9rale st\u00e9rile est con\u00e7u pour r\u00e9pondre aux exigences des interventions m\u00e9dicales. Il comprend tout le mat\u00e9riel n\u00e9cessaire pour assurer une op\u00e9ration en toute s\u00e9curit\u00e9, tout en \u00e9tant pr\u00eat \u00e0 l&#8217;emploi pour un gain de temps pr\u00e9cieux.<\/p>\n<h2>Caract\u00e9ristiques<\/h2>\n<ul>\n<li>Pochette en PE + Tyvek pelable pour une protection optimale.<\/li>\n<li>St\u00e9rilis\u00e9 \u00e0 l&#8217;EtO pour garantir l&#8217;asepsie.<\/li>\n<li>Comprend : 1 couvre-table (160 x 200 cm), 2 blouses chirurgicales XL (1 standard, 1 renforc\u00e9), 2 champs adh\u00e9sifs (75 x 90 cm), 1 jambi\u00e8re (150 x 180 cm), 1 champ t\u00eate (150 x 240 cm).<\/li>\n<li>\u00c9galement inclus : 2 seringues (10 ml), 2 aiguilles (21 g x 1,5\u2019\u2019), 1 bistouri n. 11, 4 serviettes, 1 cuvette (120 ml), 1 haricot, 1 bistouri n. 15, 5 compresses en gaze (10 x 20 cm), 4 tampons de gaze (30 mm), 2 b\u00e2tonnets embout mousse (15 cm), 1 plateau.<\/li>\n<\/ul>\n<h2>Livraison<\/h2>\n<ul>\n<li><strong>France :<\/strong> Livraison directe.<\/li>\n<li><strong>Export (Europe et Afrique) :<\/strong> Sur devis.<\/li>\n<\/ul>\n","protected":false},"excerpt":{"rendered":"<ul>\n<li>Kit pr\u00eat \u00e0 l&#8217;emploi pour interventions de chirurgie g\u00e9n\u00e9rale.<\/li>\n<li>Compos\u00e9 de mat\u00e9riel st\u00e9rile et de haute qualit\u00e9, garantissant la s\u00e9curit\u00e9 des patients.<\/li>\n<li>Facilite l&#8217;organisation et la pr\u00e9paration des interventions chirurgicales.<\/li>\n<li>Contient tous les outils n\u00e9cessaires pour une efficacit\u00e9 optimale en salle d&#8217;op\u00e9ration.<\/li>\n<\/ul>\n","protected":false},"featured_media":99408,"comment_status":"open","ping_status":"open","template":"","meta":{"inline_featured_image":false},"product_brand":[],"product_cat":[796,794,784],"product_tag":[],"class_list":{"0":"post-99407","1":"product","2":"type-product","3":"status-publish","4":"has-post-thumbnail","6":"product_cat-medication-sutures-et-catheterisme","7":"product_cat-pansements-bandages-sparadraps","8":"product_cat-urgences-premiers-secours","10":"first","11":"outofstock","12":"sale","13":"taxable","14":"shipping-taxable","15":"purchasable","16":"product-type-simple"},"_links":{"self":[{"href":"https:\/\/nimedixmedical.com\/fr\/wp-json\/wp\/v2\/product\/99407","targetHints":{"allow":["GET"]}}],"collection":[{"href":"https:\/\/nimedixmedical.com\/fr\/wp-json\/wp\/v2\/product"}],"about":[{"href":"https:\/\/nimedixmedical.com\/fr\/wp-json\/wp\/v2\/types\/product"}],"replies":[{"embeddable":true,"href":"https:\/\/nimedixmedical.com\/fr\/wp-json\/wp\/v2\/comments?post=99407"}],"wp:featuredmedia":[{"embeddable":true,"href":"https:\/\/nimedixmedical.com\/fr\/wp-json\/wp\/v2\/media\/99408"}],"wp:attachment":[{"href":"https:\/\/nimedixmedical.com\/fr\/wp-json\/wp\/v2\/media?parent=99407"}],"wp:term":[{"taxonomy":"product_brand","embeddable":true,"href":"https:\/\/nimedixmedical.com\/fr\/wp-json\/wp\/v2\/product_brand?post=99407"},{"taxonomy":"product_cat","embeddable":true,"href":"https:\/\/nimedixmedical.com\/fr\/wp-json\/wp\/v2\/product_cat?post=99407"},{"taxonomy":"product_tag","embeddable":true,"href":"https:\/\/nimedixmedical.com\/fr\/wp-json\/wp\/v2\/product_tag?post=99407"}],"curies":[{"name":"wp","href":"https:\/\/api.w.org\/{rel}","templated":true}]}}