{"id":99381,"date":"2025-11-30T18:57:37","date_gmt":"2025-11-30T17:57:37","guid":{"rendered":"https:\/\/nimedixmedical.com\/notre-catalogue\/pansement-de-doigts-singlefix-pediatrique\/"},"modified":"2026-01-12T14:42:21","modified_gmt":"2026-01-12T13:42:21","slug":"pansement-de-doigts-singlefix-pediatrique","status":"publish","type":"product","link":"https:\/\/nimedixmedical.com\/fr\/notre-catalogue\/pansement-de-doigts-singlefix-pediatrique\/","title":{"rendered":"Pansement de Doigts Singlefix &#8211; P\u00e9diatrique"},"content":{"rendered":"<p>Le pansement de doigts SINGLEFIX\u00ae p\u00e9diatrique est un dispositif m\u00e9dical con\u00e7u pour prot\u00e9ger les blessures des doigts des enfants. Sa composition en coton et son rembourrage absorbant assurent \u00e0 la fois confort et s\u00e9curit\u00e9 lors de l&#8217;utilisation.<\/p>\n<h2>Caract\u00e9ristiques<\/h2>\n<ul>\n<li>Pansement st\u00e9rile sp\u00e9cifiquement pour les enfants.<\/li>\n<li>Rev\u00eatement en coton doux et rembourrage absorbant.<\/li>\n<li>Syst\u00e8me de fermeture pratique par n\u0153ud au niveau du poignet.<\/li>\n<li>Bo\u00eete de 100 unit\u00e9s pour un approvisionnement durable.<\/li>\n<li>Instructions multilingues disponibles (GB, FR, IT, ES, PT, DE, HU, PL, BG, GR, RO, SE, SI, NO, NL, LT, LV, CZ, DK, FI, RU, TR, SK, EE, JP, Arabe).<\/li>\n<\/ul>\n<h2>Livraison<\/h2>\n<ul>\n<li><strong>France :<\/strong> Livraison directe.<\/li>\n<li><strong>Export (Europe et Afrique) :<\/strong> Sur devis.<\/li>\n<\/ul>\n","protected":false},"excerpt":{"rendered":"<ul>\n<li>Usage : Pansement st\u00e9rile sp\u00e9cialement con\u00e7u pour les doigts, id\u00e9al pour les enfants.<\/li>\n<li>B\u00e9n\u00e9fice : Protection efficace contre les blessures tout en offrant confort et s\u00e9curit\u00e9.<\/li>\n<li>Facilit\u00e9 d&#8217;utilisation : Syst\u00e8me de fermeture pratique par n\u0153ud sur le poignet.<\/li>\n<li>Adaptabilit\u00e9 : Instructions multilingues pour une utilisation facile.<\/li>\n<\/ul>\n","protected":false},"featured_media":99382,"comment_status":"open","ping_status":"open","template":"","meta":{"inline_featured_image":false},"product_brand":[],"product_cat":[794,795,784],"product_tag":[],"class_list":{"0":"post-99381","1":"product","2":"type-product","3":"status-publish","4":"has-post-thumbnail","6":"product_cat-pansements-bandages-sparadraps","7":"product_cat-pansements-et-sparadraps","8":"product_cat-urgences-premiers-secours","10":"first","11":"instock","12":"sale","13":"taxable","14":"shipping-taxable","15":"purchasable","16":"product-type-simple"},"_links":{"self":[{"href":"https:\/\/nimedixmedical.com\/fr\/wp-json\/wp\/v2\/product\/99381","targetHints":{"allow":["GET"]}}],"collection":[{"href":"https:\/\/nimedixmedical.com\/fr\/wp-json\/wp\/v2\/product"}],"about":[{"href":"https:\/\/nimedixmedical.com\/fr\/wp-json\/wp\/v2\/types\/product"}],"replies":[{"embeddable":true,"href":"https:\/\/nimedixmedical.com\/fr\/wp-json\/wp\/v2\/comments?post=99381"}],"wp:featuredmedia":[{"embeddable":true,"href":"https:\/\/nimedixmedical.com\/fr\/wp-json\/wp\/v2\/media\/99382"}],"wp:attachment":[{"href":"https:\/\/nimedixmedical.com\/fr\/wp-json\/wp\/v2\/media?parent=99381"}],"wp:term":[{"taxonomy":"product_brand","embeddable":true,"href":"https:\/\/nimedixmedical.com\/fr\/wp-json\/wp\/v2\/product_brand?post=99381"},{"taxonomy":"product_cat","embeddable":true,"href":"https:\/\/nimedixmedical.com\/fr\/wp-json\/wp\/v2\/product_cat?post=99381"},{"taxonomy":"product_tag","embeddable":true,"href":"https:\/\/nimedixmedical.com\/fr\/wp-json\/wp\/v2\/product_tag?post=99381"}],"curies":[{"name":"wp","href":"https:\/\/api.w.org\/{rel}","templated":true}]}}