{"id":99066,"date":"2025-11-30T18:54:19","date_gmt":"2025-11-30T17:54:19","guid":{"rendered":"https:\/\/nimedixmedical.com\/notre-catalogue\/hartmann-omnistrip-25x127-mm-540686\/"},"modified":"2026-01-12T14:41:15","modified_gmt":"2026-01-12T13:41:15","slug":"hartmann-omnistrip-25x127-mm-540686","status":"publish","type":"product","link":"https:\/\/nimedixmedical.com\/fr\/notre-catalogue\/hartmann-omnistrip-25x127-mm-540686\/","title":{"rendered":"Hartmann Omnistrip 25&#215;127 mm &#8211; 540686"},"content":{"rendered":"<p>Les bandelettes de suture OMNISTRIP\u00ae de HARTMANN sont con\u00e7ues pour la fermeture efficace et atraumatique des petites blessures. Elles offrent une solution id\u00e9ale pour stabiliser les cicatrices apr\u00e8s la retrait des points de suture, am\u00e9liorant ainsi la gu\u00e9rison.<\/p>\n<h2>Caract\u00e9ristiques<\/h2>\n<ul>\n<li>Dimensions : 25&#215;127 mm<\/li>\n<li>Code Hartmann : 540 686<\/li>\n<li>Bo\u00eete de 200 bandelettes (50 sachets de 2&#215;2)<\/li>\n<li>Mat\u00e9riau : Tissu non tiss\u00e9 card\u00e9 de polyester\/polyamide couleur de peau<\/li>\n<li>Adh\u00e9sif : Acrylique, offrant une excellente adh\u00e9sion \u00e0 la peau<\/li>\n<li>Propri\u00e9t\u00e9s : Radiotransparentes, \u00e9tirables, tr\u00e8s poreuses, perm\u00e9ables et transpirantes<\/li>\n<li>Classe : Dispositif m\u00e9dical de Classe IIa<\/li>\n<li>Mode d\u2019emploi multilingue disponible<\/li>\n<\/ul>\n<h2>Livraison<\/h2>\n<ul>\n<li><strong>France :<\/strong> Livraison directe.<\/li>\n<li><strong>Export (Europe et Afrique) :<\/strong> Sur devis.<\/li>\n<\/ul>\n","protected":false},"excerpt":{"rendered":"<ul>\n<li>Utilisation : Fermeture atraumatique des petites blessures et incisions chirurgicales.<\/li>\n<li>B\u00e9n\u00e9fice : Prot\u00e8ge les bords des plaies, stabilise les cicatrices apr\u00e8s extraction des points de suture.<\/li>\n<li>Conformabilit\u00e9 : Adh\u00e8re bien \u00e0 la peau tout en \u00e9tant tr\u00e8s poreuse et perm\u00e9able.<\/li>\n<li>Durabilit\u00e9 : R\u00e9sistante \u00e0 la temp\u00e9rature et fabriqu\u00e9e en tissu non tiss\u00e9 de haute qualit\u00e9.<\/li>\n<\/ul>\n","protected":false},"featured_media":99067,"comment_status":"open","ping_status":"open","template":"","meta":{"inline_featured_image":false},"product_brand":[],"product_cat":[790,784],"product_tag":[],"class_list":{"0":"post-99066","1":"product","2":"type-product","3":"status-publish","4":"has-post-thumbnail","6":"product_cat-produits-medicaux-hartmann","7":"product_cat-urgences-premiers-secours","9":"first","10":"instock","11":"sale","12":"taxable","13":"shipping-taxable","14":"purchasable","15":"product-type-simple"},"_links":{"self":[{"href":"https:\/\/nimedixmedical.com\/fr\/wp-json\/wp\/v2\/product\/99066","targetHints":{"allow":["GET"]}}],"collection":[{"href":"https:\/\/nimedixmedical.com\/fr\/wp-json\/wp\/v2\/product"}],"about":[{"href":"https:\/\/nimedixmedical.com\/fr\/wp-json\/wp\/v2\/types\/product"}],"replies":[{"embeddable":true,"href":"https:\/\/nimedixmedical.com\/fr\/wp-json\/wp\/v2\/comments?post=99066"}],"wp:featuredmedia":[{"embeddable":true,"href":"https:\/\/nimedixmedical.com\/fr\/wp-json\/wp\/v2\/media\/99067"}],"wp:attachment":[{"href":"https:\/\/nimedixmedical.com\/fr\/wp-json\/wp\/v2\/media?parent=99066"}],"wp:term":[{"taxonomy":"product_brand","embeddable":true,"href":"https:\/\/nimedixmedical.com\/fr\/wp-json\/wp\/v2\/product_brand?post=99066"},{"taxonomy":"product_cat","embeddable":true,"href":"https:\/\/nimedixmedical.com\/fr\/wp-json\/wp\/v2\/product_cat?post=99066"},{"taxonomy":"product_tag","embeddable":true,"href":"https:\/\/nimedixmedical.com\/fr\/wp-json\/wp\/v2\/product_tag?post=99066"}],"curies":[{"name":"wp","href":"https:\/\/api.w.org\/{rel}","templated":true}]}}