{"id":99062,"date":"2025-11-30T18:54:19","date_gmt":"2025-11-30T17:54:19","guid":{"rendered":"https:\/\/nimedixmedical.com\/notre-catalogue\/respirateur-electronique-spencer-170-kompak\/"},"modified":"2026-02-13T17:53:13","modified_gmt":"2026-02-13T16:53:13","slug":"respirateur-electronique-spencer-170-kompak","status":"publish","type":"product","link":"https:\/\/nimedixmedical.com\/fr\/notre-catalogue\/respirateur-electronique-spencer-170-kompak\/","title":{"rendered":"Respirateur \u00c9lectronique Spencer 170 Kompak"},"content":{"rendered":"<div class=\"wpb-content-wrapper\">\t<div  class=\"vc_row wpb_row vc_row-fluid vc_column-gap-default ts-row-wide\"  ><div class=\"wpb_column vc_column_container vc_col-sm-12\">\n\t<div class=\"wpb_wrapper\">\n\t\n\t<div class=\"wpb_text_column wpb_content_element\" >\n\t\t<div class=\"wpb_wrapper\">\n\t\t\t<p>Le respirateur \u00e9lectronique Spencer 170 NXT Kompak est con\u00e7u pour les professionnels de sant\u00e9 dans des situations d&#8217;urgence. Pr\u00eat \u00e0 l&#8217;emploi, il offre une solution de ventilation non-invasive efficace et s\u00e9curis\u00e9e, facilitant les interventions critiques.<\/p>\n<h2>Caract\u00e9ristiques<\/h2>\n<ul>\n<li>Fonctionnement : \u00c9lectronique<\/li>\n<li>Fr\u00e9quence : De 5 \u00e0 40 BPM<\/li>\n<li>Alarmes : Haute pression, alimentation pneumatique, batterie faible<\/li>\n<li>Flux : De 2 \u00e0 20 l\/min<\/li>\n<li>Rapport I\/E : 1:2<\/li>\n<li>Concentration en oxyg\u00e8ne : De 60% \u00e0 100% (syst\u00e8me brevet\u00e9)<\/li>\n<li>Soupape de surpression : 20-60 cm H2O &#8211; r\u00e9glable<\/li>\n<li>Dur\u00e9e batterie : Environ 3 heures<\/li>\n<li>Dimensions : 270x177x210 mm<\/li>\n<li>Poids : 3,5 kg<\/li>\n<li>Protection IP : IP24<\/li>\n<\/ul>\n<p><em><strong>Accesoires standard<\/strong><\/em><\/p>\n<p>\u2022 Circuit patient (tube ondul\u00e9 avec valve de non-r\u00e9inhalation)<br \/>\n\u2022 C\u00e2ble d\u2019alimentation<br \/>\n\u2022 Tube \u00e0 oxyg\u00e8ne<br \/>\n\u2022 Mode d\u2019emploi: GB, IT, sur demande FR, ES, DE, PT<br \/>\n\u2022 Bouteille \u00e0 oxyg\u00e8ne 2 l, r\u00e9ducteur de pression, mallette pour le transport<br \/>\n\u2022 Masque adulte<br \/>\n\u2022 Batterie<br \/>\n\u2022 Adaptateur UNI<\/p>\n<h2>Livraison<\/h2>\n<ul>\n<li><strong>France :<\/strong> Livraison directe.<\/li>\n<li><strong>Export (Europe et Afrique) :<\/strong> Sur devis.<\/li>\n<\/ul>\n\n\t\t<\/div>\n\t<\/div>\n\t<\/div>\n<\/div><\/div>\n<\/div>","protected":false},"excerpt":{"rendered":"<ul>\n<li>Usage : Ventilation non-invasive pour situations d&#8217;urgence.<\/li>\n<li>B\u00e9n\u00e9fice : Compact et l\u00e9ger, facile \u00e0 transporter avec mallette d\u00e9di\u00e9e.<\/li>\n<li>Fonctionnalit\u00e9s avanc\u00e9es : Alarmes int\u00e9gr\u00e9es pour une surveillance optimale.<\/li>\n<li>Performance : Capacit\u00e9 de r\u00e9guler la concentration en oxyg\u00e8ne de 60% \u00e0 100%.<\/li>\n<\/ul>\n","protected":false},"featured_media":99063,"comment_status":"open","ping_status":"closed","template":"","meta":{"inline_featured_image":false},"product_brand":[],"product_cat":[789,784],"product_tag":[],"class_list":{"0":"post-99062","1":"product","2":"type-product","3":"status-publish","4":"has-post-thumbnail","6":"product_cat-respirateurs","7":"product_cat-urgences-premiers-secours","9":"first","10":"instock","11":"sale","12":"taxable","13":"shipping-taxable","14":"purchasable","15":"product-type-simple"},"_links":{"self":[{"href":"https:\/\/nimedixmedical.com\/fr\/wp-json\/wp\/v2\/product\/99062","targetHints":{"allow":["GET"]}}],"collection":[{"href":"https:\/\/nimedixmedical.com\/fr\/wp-json\/wp\/v2\/product"}],"about":[{"href":"https:\/\/nimedixmedical.com\/fr\/wp-json\/wp\/v2\/types\/product"}],"replies":[{"embeddable":true,"href":"https:\/\/nimedixmedical.com\/fr\/wp-json\/wp\/v2\/comments?post=99062"}],"wp:featuredmedia":[{"embeddable":true,"href":"https:\/\/nimedixmedical.com\/fr\/wp-json\/wp\/v2\/media\/99063"}],"wp:attachment":[{"href":"https:\/\/nimedixmedical.com\/fr\/wp-json\/wp\/v2\/media?parent=99062"}],"wp:term":[{"taxonomy":"product_brand","embeddable":true,"href":"https:\/\/nimedixmedical.com\/fr\/wp-json\/wp\/v2\/product_brand?post=99062"},{"taxonomy":"product_cat","embeddable":true,"href":"https:\/\/nimedixmedical.com\/fr\/wp-json\/wp\/v2\/product_cat?post=99062"},{"taxonomy":"product_tag","embeddable":true,"href":"https:\/\/nimedixmedical.com\/fr\/wp-json\/wp\/v2\/product_tag?post=99062"}],"curies":[{"name":"wp","href":"https:\/\/api.w.org\/{rel}","templated":true}]}}