{"id":99017,"date":"2025-11-30T18:53:53","date_gmt":"2025-11-30T17:53:53","guid":{"rendered":"https:\/\/nimedixmedical.com\/notre-catalogue\/mallette-durgence-gima-2\/"},"modified":"2026-02-20T12:52:51","modified_gmt":"2026-02-20T11:52:51","slug":"mallette-durgence-gima-2","status":"publish","type":"product","link":"https:\/\/nimedixmedical.com\/fr\/notre-catalogue\/mallette-durgence-gima-2\/","title":{"rendered":"Mallette D&#8217;urgence &#8220;GIMA 2&#8221;"},"content":{"rendered":"<p>La mallette d&#8217;urgence &#8220;GIMA 2&#8221; est con\u00e7ue pour r\u00e9pondre aux besoins essentiels en cas d&#8217;intervention m\u00e9dicale d&#8217;urgence. Compacte et bien \u00e9quip\u00e9e, elle permet d&#8217;agir rapidement et efficacement, que ce soit \u00e0 domicile ou sur le terrain.<\/p>\n<h2>Caract\u00e9ristiques<\/h2>\n<ul>\n<li>Mallette en aluminium, dimensions : 40 x 35 x h 10 cm.<\/li>\n<li>Contient des produits vari\u00e9s : couverture de secours, ciseaux universels, masques faciaux, insufflateur, canules de Guedel, et plus.<\/li>\n<li>\u00c9quipement m\u00e9dical adapt\u00e9 pour adultes et enfants.<\/li>\n<li>Comprend \u00e9galement des instruments de mesure comme un st\u00e9thoscope et un tensiom\u00e8tre.<\/li>\n<\/ul>\n<h2>Livraison<\/h2>\n<ul>\n<li><strong>France :<\/strong> Livraison directe.<\/li>\n<li><strong>Export (Europe et Afrique) :<\/strong> Sur devis.<\/li>\n<\/ul>\n","protected":false},"excerpt":{"rendered":"<ul>\n<li>Usage : Kit d&#8217;urgence complet et compact pour les interventions m\u00e9dicales.<\/li>\n<li>B\u00e9n\u00e9fice : Contient des outils essentiels pour assurer une r\u00e9ponse rapide en cas d&#8217;urgence.<\/li>\n<li>Facilit\u00e9 de transport : Mallette en aluminium l\u00e9g\u00e8re et durable.<\/li>\n<li>Polyvalence : Adapt\u00e9e aussi bien pour les professionnels de sant\u00e9 que pour un usage domestique.<\/li>\n<\/ul>\n","protected":false},"featured_media":99018,"comment_status":"open","ping_status":"closed","template":"","meta":{"inline_featured_image":false},"product_brand":[],"product_cat":[788,784],"product_tag":[],"class_list":{"0":"post-99017","1":"product","2":"type-product","3":"status-publish","4":"has-post-thumbnail","6":"product_cat-sacs-de-secours-sacs-a-dos-et-kits-durgence","7":"product_cat-urgences-premiers-secours","9":"first","10":"instock","11":"sale","12":"taxable","13":"shipping-taxable","14":"purchasable","15":"product-type-simple"},"_links":{"self":[{"href":"https:\/\/nimedixmedical.com\/fr\/wp-json\/wp\/v2\/product\/99017","targetHints":{"allow":["GET"]}}],"collection":[{"href":"https:\/\/nimedixmedical.com\/fr\/wp-json\/wp\/v2\/product"}],"about":[{"href":"https:\/\/nimedixmedical.com\/fr\/wp-json\/wp\/v2\/types\/product"}],"replies":[{"embeddable":true,"href":"https:\/\/nimedixmedical.com\/fr\/wp-json\/wp\/v2\/comments?post=99017"}],"wp:featuredmedia":[{"embeddable":true,"href":"https:\/\/nimedixmedical.com\/fr\/wp-json\/wp\/v2\/media\/99018"}],"wp:attachment":[{"href":"https:\/\/nimedixmedical.com\/fr\/wp-json\/wp\/v2\/media?parent=99017"}],"wp:term":[{"taxonomy":"product_brand","embeddable":true,"href":"https:\/\/nimedixmedical.com\/fr\/wp-json\/wp\/v2\/product_brand?post=99017"},{"taxonomy":"product_cat","embeddable":true,"href":"https:\/\/nimedixmedical.com\/fr\/wp-json\/wp\/v2\/product_cat?post=99017"},{"taxonomy":"product_tag","embeddable":true,"href":"https:\/\/nimedixmedical.com\/fr\/wp-json\/wp\/v2\/product_tag?post=99017"}],"curies":[{"name":"wp","href":"https:\/\/api.w.org\/{rel}","templated":true}]}}