{"id":98924,"date":"2025-11-30T18:52:38","date_gmt":"2025-11-30T17:52:38","guid":{"rendered":"https:\/\/nimedixmedical.com\/notre-catalogue\/ensemble-de-recharge-pour-34195-34198-and-34199-sans-sphygmo\/"},"modified":"2026-01-12T14:40:31","modified_gmt":"2026-01-12T13:40:31","slug":"ensemble-de-recharge-pour-34195-34198-and-34199-sans-sphygmo","status":"publish","type":"product","link":"https:\/\/nimedixmedical.com\/fr\/notre-catalogue\/ensemble-de-recharge-pour-34195-34198-and-34199-sans-sphygmo\/","title":{"rendered":"Ensemble de Recharge pour 34195, 34198 And 34199 (sans Sphygmo)"},"content":{"rendered":"<p>Con\u00e7u pour r\u00e9pondre aux besoins des professionnels de sant\u00e9, cet ensemble de recharge permet de compl\u00e9ter les \u00e9quipements m\u00e9dicaux essentiels en cas d&#8217;urgence. Il fournit tous les outils n\u00e9cessaires pour assurer des soins de qualit\u00e9 rapide et efficace.<\/p>\n<h2>Caract\u00e9ristiques<\/h2>\n<ul>\n<li>2 Flacons de solution antiseptique 500 ml<\/li>\n<li>5 Paires de gants de protection st\u00e9rile<\/li>\n<li>2 Bo\u00eetes de 10 sparadraps assortis<\/li>\n<li>2 Rouleaux de sparadraps adh\u00e9sifs, 2.5 cm x 5 m<\/li>\n<li>1 Filet de gaze tubulaire<\/li>\n<li>10 Bo\u00eetes de compresses st\u00e9riles 10 x 10 cm<\/li>\n<li>2 Bo\u00eetes de compresses st\u00e9riles 18 x 40 cm<\/li>\n<li>1 Paquet de coton hydrophile<\/li>\n<li>1 Masque dot\u00e9 d&#8217;un \u00e9cran facial<\/li>\n<li>1 Paire de ciseaux 14.5 cm<\/li>\n<li>2 Pinces st\u00e9riles<\/li>\n<li>3 Lani\u00e8res h\u00e9mostatiques<\/li>\n<li>2 Linges st\u00e9riles 40 x 60 cm<\/li>\n<li>2 Sachets de glace instantan\u00e9e, usage unique<\/li>\n<li>1 Thermom\u00e8tre digital<\/li>\n<li>2 Sac-poubelles<\/li>\n<li>1 Livret multilingue pour premiers soins<\/li>\n<li>1 Brochure d&#8217;instructions<\/li>\n<li>3 Solutions d&#8217;irrigation 500 ml<\/li>\n<\/ul>\n<h2>Livraison<\/h2>\n<ul>\n<li><strong>France :<\/strong> Livraison directe.<\/li>\n<li><strong>Export (Europe et Afrique) :<\/strong> Sur devis.<\/li>\n<\/ul>\n","protected":false},"excerpt":{"rendered":"<ul>\n<li>Id\u00e9al pour les urgences m\u00e9dicales, cet ensemble de recharge est con\u00e7u pour les mod\u00e8les 34195, 34198 et 34199.<\/li>\n<li>Compos\u00e9 d&#8217;articles essentiels pour assurer des soins rapides et efficaces lors d&#8217;interventions.<\/li>\n<li>Facilite la gestion des premiers secours gr\u00e2ce \u00e0 une large vari\u00e9t\u00e9 de mat\u00e9riel m\u00e9dical st\u00e9rile.<\/li>\n<li>Pratique et complet, il garantit une r\u00e9ponse ad\u00e9quate aux situations d&#8217;urgence.<\/li>\n<\/ul>\n","protected":false},"featured_media":98925,"comment_status":"open","ping_status":"open","template":"","meta":{"inline_featured_image":false},"product_brand":[],"product_cat":[787,784],"product_tag":[],"class_list":{"0":"post-98924","1":"product","2":"type-product","3":"status-publish","4":"has-post-thumbnail","6":"product_cat-sacs-mallettes-et-armoires-durgence","7":"product_cat-urgences-premiers-secours","9":"first","10":"instock","11":"sale","12":"taxable","13":"shipping-taxable","14":"purchasable","15":"product-type-simple"},"_links":{"self":[{"href":"https:\/\/nimedixmedical.com\/fr\/wp-json\/wp\/v2\/product\/98924","targetHints":{"allow":["GET"]}}],"collection":[{"href":"https:\/\/nimedixmedical.com\/fr\/wp-json\/wp\/v2\/product"}],"about":[{"href":"https:\/\/nimedixmedical.com\/fr\/wp-json\/wp\/v2\/types\/product"}],"replies":[{"embeddable":true,"href":"https:\/\/nimedixmedical.com\/fr\/wp-json\/wp\/v2\/comments?post=98924"}],"wp:featuredmedia":[{"embeddable":true,"href":"https:\/\/nimedixmedical.com\/fr\/wp-json\/wp\/v2\/media\/98925"}],"wp:attachment":[{"href":"https:\/\/nimedixmedical.com\/fr\/wp-json\/wp\/v2\/media?parent=98924"}],"wp:term":[{"taxonomy":"product_brand","embeddable":true,"href":"https:\/\/nimedixmedical.com\/fr\/wp-json\/wp\/v2\/product_brand?post=98924"},{"taxonomy":"product_cat","embeddable":true,"href":"https:\/\/nimedixmedical.com\/fr\/wp-json\/wp\/v2\/product_cat?post=98924"},{"taxonomy":"product_tag","embeddable":true,"href":"https:\/\/nimedixmedical.com\/fr\/wp-json\/wp\/v2\/product_tag?post=98924"}],"curies":[{"name":"wp","href":"https:\/\/api.w.org\/{rel}","templated":true}]}}