{"id":98914,"date":"2025-11-30T18:52:38","date_gmt":"2025-11-30T17:52:38","guid":{"rendered":"https:\/\/nimedixmedical.com\/notre-catalogue\/stylo-oculaire-professionnel-de-retrait-de-corps-etrangers\/"},"modified":"2026-01-12T14:40:29","modified_gmt":"2026-01-12T13:40:29","slug":"stylo-oculaire-professionnel-de-retrait-de-corps-etrangers","status":"publish","type":"product","link":"https:\/\/nimedixmedical.com\/fr\/notre-catalogue\/stylo-oculaire-professionnel-de-retrait-de-corps-etrangers\/","title":{"rendered":"Stylo Oculaire Professionnel de Retrait de Corps \u00c9trangers"},"content":{"rendered":"<p>Le stylo oculaire professionnel de retrait de corps \u00e9trangers est un outil essentiel pour les praticiens dans les situations d&#8217;urgence. Sa conception innovante permet d&#8217;intervenir rapidement et en toute s\u00e9curit\u00e9 sur des patients ayant des corps \u00e9trangers dans l&#8217;\u0153il, minimisant ainsi les risques de complications.<\/p>\n<h2>Caract\u00e9ristiques<\/h2>\n<ul>\n<li>Instrument m\u00e9tallique compact pour le retrait de corps \u00e9trangers oculaires.<\/li>\n<li>Aimant \u00abNEODIMIO\u00bb pour une extraction efficace des corps \u00e9trangers m\u00e9talliques.<\/li>\n<li>Boucle en nylon non abrasive pour enlever les corps \u00e9trangers non m\u00e9talliques sans risque de blessure.<\/li>\n<li>Corps en aluminium anodis\u00e9 pour une meilleure durabilit\u00e9, et joints en n\u00e9opr\u00e8ne pour une prise optimale.<\/li>\n<li>Livr\u00e9 avec un \u00e9tui et certifi\u00e9 conforme \u00e0 la norme CE.<\/li>\n<\/ul>\n<h2>Livraison<\/h2>\n<ul>\n<li><strong>France :<\/strong> Livraison directe.<\/li>\n<li><strong>Export (Europe et Afrique) :<\/strong> Sur devis.<\/li>\n<\/ul>\n","protected":false},"excerpt":{"rendered":"<ul>\n<li>Instrument professionnel pour le retrait s\u00e9curis\u00e9 de corps \u00e9trangers oculaires.<\/li>\n<li>Aimant en n\u00e9odyme pour les corps \u00e9trangers m\u00e9talliques, minimisant les risques d&#8217;endommagement de l&#8217;\u0153il.<\/li>\n<li>Boucle en nylon non abrasive pour l&#8217;extraction des corps \u00e9trangers non m\u00e9talliques.<\/li>\n<li>Corps en aluminium anodis\u00e9 pour une durabilit\u00e9 accrue et une meilleure prise en main gr\u00e2ce aux joints en n\u00e9opr\u00e8ne.<\/li>\n<\/ul>\n","protected":false},"featured_media":98915,"comment_status":"open","ping_status":"open","template":"","meta":{"inline_featured_image":false},"product_brand":[],"product_cat":[787,784],"product_tag":[],"class_list":{"0":"post-98914","1":"product","2":"type-product","3":"status-publish","4":"has-post-thumbnail","6":"product_cat-sacs-mallettes-et-armoires-durgence","7":"product_cat-urgences-premiers-secours","9":"first","10":"instock","11":"sale","12":"taxable","13":"shipping-taxable","14":"purchasable","15":"product-type-simple"},"_links":{"self":[{"href":"https:\/\/nimedixmedical.com\/fr\/wp-json\/wp\/v2\/product\/98914","targetHints":{"allow":["GET"]}}],"collection":[{"href":"https:\/\/nimedixmedical.com\/fr\/wp-json\/wp\/v2\/product"}],"about":[{"href":"https:\/\/nimedixmedical.com\/fr\/wp-json\/wp\/v2\/types\/product"}],"replies":[{"embeddable":true,"href":"https:\/\/nimedixmedical.com\/fr\/wp-json\/wp\/v2\/comments?post=98914"}],"wp:featuredmedia":[{"embeddable":true,"href":"https:\/\/nimedixmedical.com\/fr\/wp-json\/wp\/v2\/media\/98915"}],"wp:attachment":[{"href":"https:\/\/nimedixmedical.com\/fr\/wp-json\/wp\/v2\/media?parent=98914"}],"wp:term":[{"taxonomy":"product_brand","embeddable":true,"href":"https:\/\/nimedixmedical.com\/fr\/wp-json\/wp\/v2\/product_brand?post=98914"},{"taxonomy":"product_cat","embeddable":true,"href":"https:\/\/nimedixmedical.com\/fr\/wp-json\/wp\/v2\/product_cat?post=98914"},{"taxonomy":"product_tag","embeddable":true,"href":"https:\/\/nimedixmedical.com\/fr\/wp-json\/wp\/v2\/product_tag?post=98914"}],"curies":[{"name":"wp","href":"https:\/\/api.w.org\/{rel}","templated":true}]}}