{"id":98907,"date":"2025-11-30T18:52:38","date_gmt":"2025-11-30T17:52:38","guid":{"rendered":"https:\/\/nimedixmedical.com\/notre-catalogue\/grand-kit-mallette-en-plastique-1\/"},"modified":"2026-01-12T14:40:28","modified_gmt":"2026-01-12T13:40:28","slug":"grand-kit-mallette-en-plastique-1","status":"publish","type":"product","link":"https:\/\/nimedixmedical.com\/fr\/notre-catalogue\/grand-kit-mallette-en-plastique-1\/","title":{"rendered":"Grand Kit &#8211; Mallette en Plastique 1"},"content":{"rendered":"<p>Ce grand kit de premiers secours est con\u00e7u pour les professionnels de la sant\u00e9 et pour une utilisation en cas d&#8217;urgence. Il regroupe tout le mat\u00e9riel n\u00e9cessaire pour traiter rapidement les blessures et les urgences m\u00e9dicales courantes, garantissant ainsi une r\u00e9action efficace et rapide.<\/p>\n<h2>Caract\u00e9ristiques<\/h2>\n<ul>\n<li>Dimensions : 460 x 345 x 135 mm<\/li>\n<li>Poids : 6,2 kg<\/li>\n<li>Contient 2 flacons de solution antiseptique de 500 ml<\/li>\n<li>5 paires de gants de protection st\u00e9riles<\/li>\n<li>2 bo\u00eetes de 10 sparadraps assortis<\/li>\n<li>2 rouleaux de sparadraps adh\u00e9sifs (2.5 cm x 5 m)<\/li>\n<li>1 filet de gaze tubulaire<\/li>\n<li>10 bo\u00eetes de compresses st\u00e9riles (10 x 10 cm)<\/li>\n<li>2 bo\u00eetes de compresses st\u00e9riles (18 x 40 cm)<\/li>\n<li>1 paquet de coton hydrophile<\/li>\n<li>1 masque dot\u00e9 d&#8217;un \u00e9cran facial<\/li>\n<li>1 paire de ciseaux (14.5 cm)<\/li>\n<li>2 pinces st\u00e9riles<\/li>\n<li>3 lani\u00e8res h\u00e9mostatiques<\/li>\n<li>1 sphygmomanom\u00e8tre + st\u00e9thoscope<\/li>\n<li>2 linges st\u00e9riles (40 x 60 cm)<\/li>\n<li>2 sachets de glace instantan\u00e9e, usage unique<\/li>\n<li>1 thermom\u00e8tre digital<\/li>\n<li>2 sacs-poubelle<\/li>\n<li>3 solutions d&#8217;irrigation de 500 ml<\/li>\n<\/ul>\n<h2>Livraison<\/h2>\n<ul>\n<li><strong>France :<\/strong> Livraison directe.<\/li>\n<li><strong>Export (Europe et Afrique) :<\/strong> Sur devis.<\/li>\n<\/ul>\n","protected":false},"excerpt":{"rendered":"<ul>\n<li>Id\u00e9al pour les professionnels de la sant\u00e9 et les situations d&#8217;urgence.<\/li>\n<li>Contient une large gamme de fournitures m\u00e9dicales essentielles.<\/li>\n<li>Facilement transportable gr\u00e2ce \u00e0 sa mallette en plastique robuste.<\/li>\n<li>Permet de r\u00e9pondre rapidement aux besoins de premiers secours.<\/li>\n<\/ul>\n","protected":false},"featured_media":98908,"comment_status":"open","ping_status":"open","template":"","meta":{"inline_featured_image":false},"product_brand":[],"product_cat":[787,784],"product_tag":[],"class_list":{"0":"post-98907","1":"product","2":"type-product","3":"status-publish","4":"has-post-thumbnail","6":"product_cat-sacs-mallettes-et-armoires-durgence","7":"product_cat-urgences-premiers-secours","9":"first","10":"instock","11":"sale","12":"taxable","13":"shipping-taxable","14":"purchasable","15":"product-type-simple"},"_links":{"self":[{"href":"https:\/\/nimedixmedical.com\/fr\/wp-json\/wp\/v2\/product\/98907","targetHints":{"allow":["GET"]}}],"collection":[{"href":"https:\/\/nimedixmedical.com\/fr\/wp-json\/wp\/v2\/product"}],"about":[{"href":"https:\/\/nimedixmedical.com\/fr\/wp-json\/wp\/v2\/types\/product"}],"replies":[{"embeddable":true,"href":"https:\/\/nimedixmedical.com\/fr\/wp-json\/wp\/v2\/comments?post=98907"}],"wp:featuredmedia":[{"embeddable":true,"href":"https:\/\/nimedixmedical.com\/fr\/wp-json\/wp\/v2\/media\/98908"}],"wp:attachment":[{"href":"https:\/\/nimedixmedical.com\/fr\/wp-json\/wp\/v2\/media?parent=98907"}],"wp:term":[{"taxonomy":"product_brand","embeddable":true,"href":"https:\/\/nimedixmedical.com\/fr\/wp-json\/wp\/v2\/product_brand?post=98907"},{"taxonomy":"product_cat","embeddable":true,"href":"https:\/\/nimedixmedical.com\/fr\/wp-json\/wp\/v2\/product_cat?post=98907"},{"taxonomy":"product_tag","embeddable":true,"href":"https:\/\/nimedixmedical.com\/fr\/wp-json\/wp\/v2\/product_tag?post=98907"}],"curies":[{"name":"wp","href":"https:\/\/api.w.org\/{rel}","templated":true}]}}