{"id":98905,"date":"2025-11-30T18:52:38","date_gmt":"2025-11-30T17:52:38","guid":{"rendered":"https:\/\/nimedixmedical.com\/notre-catalogue\/kit-moyen-mallette-en-plastique\/"},"modified":"2026-01-12T14:40:27","modified_gmt":"2026-01-12T13:40:27","slug":"kit-moyen-mallette-en-plastique","status":"publish","type":"product","link":"https:\/\/nimedixmedical.com\/fr\/notre-catalogue\/kit-moyen-mallette-en-plastique\/","title":{"rendered":"Kit Moyen &#8211; Mallette en Plastique"},"content":{"rendered":"<p>Le Kit Medium est con\u00e7u pour r\u00e9pondre aux besoins des situations d&#8217;urgence m\u00e9dicale. Il contient tout le n\u00e9cessaire pour administrer les premiers secours efficacement, que ce soit \u00e0 la maison, au travail ou lors d&#8217;activit\u00e9s en ext\u00e9rieur.<\/p>\n<h2>Caract\u00e9ristiques<\/h2>\n<ul>\n<li>Dimensions : 275 x 240 x 123 mm<\/li>\n<li>Poids : 2 kg<\/li>\n<li>Contenu : 1 Flacon de solution antiseptique 125 ml, 2 Paire de gants de protection st\u00e9rile, 1 Bo\u00eete de 10 sparadraps assortis, 1 Rouleau de sparadraps adh\u00e9sifs (2.5 cm x 5 m), 1 Bandage de gaze (10 cm x 3.5 m), 3 Bo\u00eetes de compresses st\u00e9riles (10 x 10 cm), 3 Bo\u00eetes de compresses st\u00e9riles (18 x 40 cm), 1 Paquet de coton hydrophile, 1 Paire de ciseaux (14.5 cm), 1 Pince st\u00e9rile, 1 Lani\u00e8re h\u00e9mostatique, 1 Linge st\u00e9rile (40 x 60 cm), 1 Sachet de glace instantan\u00e9e (usage unique), 1 Sac-poubelle, 1 Solution d&#8217;irrigation (250 ml), 1 Couverture triangulaire (96 x 96 x 136 cm).<\/li>\n<\/ul>\n<h2>Livraison<\/h2>\n<ul>\n<li><strong>France :<\/strong> Livraison directe.<\/li>\n<li><strong>Export (Europe et Afrique) :<\/strong> Sur devis.<\/li>\n<\/ul>\n","protected":false},"excerpt":{"rendered":"<ul>\n<li>Usage : Id\u00e9al pour les interventions d&#8217;urgence et les premiers secours.<\/li>\n<li>B\u00e9n\u00e9fice : Contient tous les \u00e9l\u00e9ments essentiels pour traiter les blessures rapidement et efficacement.<\/li>\n<li>Pratique : Mallette en plastique robuste et l\u00e9g\u00e8re, facile \u00e0 transporter.<\/li>\n<li>Complet : Comprend des antiseptiques, des gants st\u00e9riles, des compresses et bien plus.<\/li>\n<\/ul>\n","protected":false},"featured_media":98906,"comment_status":"open","ping_status":"open","template":"","meta":{"inline_featured_image":false},"product_brand":[],"product_cat":[787,784],"product_tag":[],"class_list":{"0":"post-98905","1":"product","2":"type-product","3":"status-publish","4":"has-post-thumbnail","6":"product_cat-sacs-mallettes-et-armoires-durgence","7":"product_cat-urgences-premiers-secours","9":"first","10":"instock","11":"sale","12":"taxable","13":"shipping-taxable","14":"purchasable","15":"product-type-simple"},"_links":{"self":[{"href":"https:\/\/nimedixmedical.com\/fr\/wp-json\/wp\/v2\/product\/98905","targetHints":{"allow":["GET"]}}],"collection":[{"href":"https:\/\/nimedixmedical.com\/fr\/wp-json\/wp\/v2\/product"}],"about":[{"href":"https:\/\/nimedixmedical.com\/fr\/wp-json\/wp\/v2\/types\/product"}],"replies":[{"embeddable":true,"href":"https:\/\/nimedixmedical.com\/fr\/wp-json\/wp\/v2\/comments?post=98905"}],"wp:featuredmedia":[{"embeddable":true,"href":"https:\/\/nimedixmedical.com\/fr\/wp-json\/wp\/v2\/media\/98906"}],"wp:attachment":[{"href":"https:\/\/nimedixmedical.com\/fr\/wp-json\/wp\/v2\/media?parent=98905"}],"wp:term":[{"taxonomy":"product_brand","embeddable":true,"href":"https:\/\/nimedixmedical.com\/fr\/wp-json\/wp\/v2\/product_brand?post=98905"},{"taxonomy":"product_cat","embeddable":true,"href":"https:\/\/nimedixmedical.com\/fr\/wp-json\/wp\/v2\/product_cat?post=98905"},{"taxonomy":"product_tag","embeddable":true,"href":"https:\/\/nimedixmedical.com\/fr\/wp-json\/wp\/v2\/product_tag?post=98905"}],"curies":[{"name":"wp","href":"https:\/\/api.w.org\/{rel}","templated":true}]}}