{"id":98903,"date":"2025-11-30T18:52:38","date_gmt":"2025-11-30T17:52:38","guid":{"rendered":"https:\/\/nimedixmedical.com\/notre-catalogue\/kit-moyen-armoire-metallique\/"},"modified":"2026-01-12T14:40:26","modified_gmt":"2026-01-12T13:40:26","slug":"kit-moyen-armoire-metallique","status":"publish","type":"product","link":"https:\/\/nimedixmedical.com\/fr\/notre-catalogue\/kit-moyen-armoire-metallique\/","title":{"rendered":"Kit Moyen &#8211; Armoire M\u00e9tallique"},"content":{"rendered":"<p>Le Kit Medium &#8211; armoire m\u00e9tallique est con\u00e7u pour r\u00e9pondre efficacement aux besoins des professionnels de sant\u00e9 lors des situations d&#8217;urgence. Il regroupe tous les \u00e9l\u00e9ments n\u00e9cessaires pour assurer des premiers secours en toute s\u00e9curit\u00e9.<\/p>\n<h2>Caract\u00e9ristiques<\/h2>\n<ul>\n<li>Dimensions : 370 x 300 x 140 mm<\/li>\n<li>Poids : 3,8 kg<\/li>\n<li>Contenu : 3 pochettes de savon liquide, 3 pochettes de lingettes antiseptiques, 1 flacon de solution antiseptique 125 ml, 2 pochettes d&#8217;ammoniac, 2 paires de gants de protection st\u00e9rile, 1 bo\u00eete de 10 sparadraps assortis, 1 rouleau de sparadrap adh\u00e9sif (2,5 cm x 5 m), 1 bandage de gaze (10 cm x 3,5 m), 3 bo\u00eetes de compresses st\u00e9riles (10 x 10 cm), 3 bo\u00eetes de compresses st\u00e9riles (18 x 40 cm), 1 paquet de coton hydrophile, 1 paire de ciseaux (14,5 cm), 1 pince st\u00e9rile, 1 lani\u00e8re h\u00e9mostatique, 1 linge st\u00e9rile (40 x 60 cm), 1 sachet de glace instantan\u00e9e (usage unique), 1 sac-poubelle, 1 solution d&#8217;irrigation (250 ml), 1 couverture triangulaire (96 x 96 x 136 cm).<\/li>\n<\/ul>\n<h2>Livraison<\/h2>\n<ul>\n<li><strong>France :<\/strong> Livraison directe.<\/li>\n<li><strong>Export (Europe et Afrique) :<\/strong> Sur devis.<\/li>\n<\/ul>\n","protected":false},"excerpt":{"rendered":"<ul>\n<li>Id\u00e9al pour les interventions d&#8217;urgence dans les \u00e9tablissements de sant\u00e9.<\/li>\n<li>Contient tous les \u00e9l\u00e9ments essentiels pour les premiers secours.<\/li>\n<li>Design compact et pratique pour une utilisation rapide.<\/li>\n<li>Facile \u00e0 transporter gr\u00e2ce \u00e0 son poids l\u00e9ger de 3,8 kg.<\/li>\n<\/ul>\n","protected":false},"featured_media":98904,"comment_status":"open","ping_status":"open","template":"","meta":{"inline_featured_image":false},"product_brand":[],"product_cat":[787,784],"product_tag":[],"class_list":{"0":"post-98903","1":"product","2":"type-product","3":"status-publish","4":"has-post-thumbnail","6":"product_cat-sacs-mallettes-et-armoires-durgence","7":"product_cat-urgences-premiers-secours","9":"first","10":"instock","11":"sale","12":"taxable","13":"shipping-taxable","14":"purchasable","15":"product-type-simple"},"_links":{"self":[{"href":"https:\/\/nimedixmedical.com\/fr\/wp-json\/wp\/v2\/product\/98903","targetHints":{"allow":["GET"]}}],"collection":[{"href":"https:\/\/nimedixmedical.com\/fr\/wp-json\/wp\/v2\/product"}],"about":[{"href":"https:\/\/nimedixmedical.com\/fr\/wp-json\/wp\/v2\/types\/product"}],"replies":[{"embeddable":true,"href":"https:\/\/nimedixmedical.com\/fr\/wp-json\/wp\/v2\/comments?post=98903"}],"wp:featuredmedia":[{"embeddable":true,"href":"https:\/\/nimedixmedical.com\/fr\/wp-json\/wp\/v2\/media\/98904"}],"wp:attachment":[{"href":"https:\/\/nimedixmedical.com\/fr\/wp-json\/wp\/v2\/media?parent=98903"}],"wp:term":[{"taxonomy":"product_brand","embeddable":true,"href":"https:\/\/nimedixmedical.com\/fr\/wp-json\/wp\/v2\/product_brand?post=98903"},{"taxonomy":"product_cat","embeddable":true,"href":"https:\/\/nimedixmedical.com\/fr\/wp-json\/wp\/v2\/product_cat?post=98903"},{"taxonomy":"product_tag","embeddable":true,"href":"https:\/\/nimedixmedical.com\/fr\/wp-json\/wp\/v2\/product_tag?post=98903"}],"curies":[{"name":"wp","href":"https:\/\/api.w.org\/{rel}","templated":true}]}}