{"id":98813,"date":"2025-11-30T18:51:24","date_gmt":"2025-11-30T17:51:24","guid":{"rendered":"https:\/\/nimedixmedical.com\/notre-catalogue\/lames-de-video-laryngoscope-enfants-jetables\/"},"modified":"2026-01-12T14:40:05","modified_gmt":"2026-01-12T13:40:05","slug":"lames-de-video-laryngoscope-enfants-jetables","status":"publish","type":"product","link":"https:\/\/nimedixmedical.com\/fr\/notre-catalogue\/lames-de-video-laryngoscope-enfants-jetables\/","title":{"rendered":"Lames de Vid\u00e9o Laryngoscope &#8211; Enfants &#8211; Jetables"},"content":{"rendered":"<p>Les lames de vid\u00e9o laryngoscope pour enfants sont essentielles dans les situations d&#8217;urgence, permettant une intubation rapide et s\u00e9curis\u00e9e. Leur conception jetable assure une hygi\u00e8ne irr\u00e9prochable, ce qui est primordial dans le secteur m\u00e9dical, notamment lors des interventions sur des patients p\u00e9diatriques.<\/p>\n<h2>Caract\u00e9ristiques<\/h2>\n<ul>\n<li>Type : Lames de vid\u00e9o laryngoscope jetables pour enfants<\/li>\n<li>Conditionnement : Bo\u00eete de 20 unit\u00e9s<\/li>\n<li>Hygi\u00e8ne : \u00c9limination des risques de contamination crois\u00e9e<\/li>\n<li>Utilisation : Con\u00e7ues pour une utilisation avec des vid\u00e9o-laryngoscopes standards<\/li>\n<\/ul>\n<h2>Livraison<\/h2>\n<ul>\n<li><strong>France :<\/strong> Livraison directe.<\/li>\n<li><strong>Export (Europe et Afrique) :<\/strong> Sur devis.<\/li>\n<\/ul>\n","protected":false},"excerpt":{"rendered":"<ul>\n<li>Usage : Lames de vid\u00e9o laryngoscope sp\u00e9cialement con\u00e7ues pour les enfants, id\u00e9ales en situation d&#8217;urgence.<\/li>\n<li>B\u00e9n\u00e9fice : Jetables pour garantir une hygi\u00e8ne optimale et \u00e9viter tout risque de contamination.<\/li>\n<li>Praticit\u00e9 : Vendues en bo\u00eete de 20, permettant un approvisionnement facile pour les \u00e9tablissements m\u00e9dicaux.<\/li>\n<li>Compatibilit\u00e9 : Con\u00e7ues pour une utilisation avec des vid\u00e9o-laryngoscopes standards.<\/li>\n<\/ul>\n","protected":false},"featured_media":98814,"comment_status":"open","ping_status":"open","template":"","meta":{"inline_featured_image":false},"product_brand":[],"product_cat":[784,785],"product_tag":[],"class_list":{"0":"post-98813","1":"product","2":"type-product","3":"status-publish","4":"has-post-thumbnail","6":"product_cat-urgences-premiers-secours","7":"product_cat-video-laryngoscopes","9":"first","10":"outofstock","11":"sale","12":"taxable","13":"shipping-taxable","14":"purchasable","15":"product-type-simple"},"_links":{"self":[{"href":"https:\/\/nimedixmedical.com\/fr\/wp-json\/wp\/v2\/product\/98813","targetHints":{"allow":["GET"]}}],"collection":[{"href":"https:\/\/nimedixmedical.com\/fr\/wp-json\/wp\/v2\/product"}],"about":[{"href":"https:\/\/nimedixmedical.com\/fr\/wp-json\/wp\/v2\/types\/product"}],"replies":[{"embeddable":true,"href":"https:\/\/nimedixmedical.com\/fr\/wp-json\/wp\/v2\/comments?post=98813"}],"wp:featuredmedia":[{"embeddable":true,"href":"https:\/\/nimedixmedical.com\/fr\/wp-json\/wp\/v2\/media\/98814"}],"wp:attachment":[{"href":"https:\/\/nimedixmedical.com\/fr\/wp-json\/wp\/v2\/media?parent=98813"}],"wp:term":[{"taxonomy":"product_brand","embeddable":true,"href":"https:\/\/nimedixmedical.com\/fr\/wp-json\/wp\/v2\/product_brand?post=98813"},{"taxonomy":"product_cat","embeddable":true,"href":"https:\/\/nimedixmedical.com\/fr\/wp-json\/wp\/v2\/product_cat?post=98813"},{"taxonomy":"product_tag","embeddable":true,"href":"https:\/\/nimedixmedical.com\/fr\/wp-json\/wp\/v2\/product_tag?post=98813"}],"curies":[{"name":"wp","href":"https:\/\/api.w.org\/{rel}","templated":true}]}}