{"id":98735,"date":"2025-11-30T18:50:47","date_gmt":"2025-11-30T17:50:47","guid":{"rendered":"https:\/\/nimedixmedical.com\/notre-catalogue\/epurateur-dair-gima\/"},"modified":"2026-01-12T14:39:52","modified_gmt":"2026-01-12T13:39:52","slug":"epurateur-dair-gima","status":"publish","type":"product","link":"https:\/\/nimedixmedical.com\/fr\/notre-catalogue\/epurateur-dair-gima\/","title":{"rendered":"\u00c9purateur D&#8217;air GIMA"},"content":{"rendered":"<p>L&#8217;\u00e9purateur d&#8217;air GIMA est con\u00e7u pour garantir un environnement sain dans les \u00e9tablissements m\u00e9dicaux. Gr\u00e2ce \u00e0 son syst\u00e8me de d\u00e9sinfection continu, il prot\u00e8ge la sant\u00e9 des soignants, employ\u00e9s et patients en \u00e9liminant efficacement les microorganismes pr\u00e9sents dans l&#8217;air.<\/p>\n<h2>Caract\u00e9ristiques<\/h2>\n<ul>\n<li>\u00c9limination de 90 % des bact\u00e9ries en 3 heures.<\/li>\n<li>Capacit\u00e9 de traitement \u00e9lev\u00e9e \u00e0 120 m\u00b3\/h.<\/li>\n<li>Utilisation de rayonnement ultraviolet UVC 254nm pour bloquer la reproduction des microorganismes.<\/li>\n<li>Fonctionnement en continu, sans risque pour les personnes pr\u00e9sentes.<\/li>\n<li>Filtre anti-poussi\u00e8re pour une purification primaire.<\/li>\n<li>Programmable pour s&#8217;adapter aux besoins d&#8217;utilisation.<\/li>\n<li>Dimensions : 82 x 27 x 11 cm (107 x 33 x 28 cm avec support).<\/li>\n<li>Dur\u00e9e des lampes : jusqu&#8217;\u00e0 9 000 heures.<\/li>\n<\/ul>\n<h2>Livraison<\/h2>\n<ul>\n<li><strong>France :<\/strong> Livraison directe.<\/li>\n<li><strong>Export (Europe et Afrique) :<\/strong> Sur devis.<\/li>\n<\/ul>\n","protected":false},"excerpt":{"rendered":"<ul>\n<li>Usage : \u00c9purateur d&#8217;air d\u00e9di\u00e9 \u00e0 la d\u00e9sinfection continue dans les environnements m\u00e9dicaux.<\/li>\n<li>B\u00e9n\u00e9fice : \u00c9limination de 90 % des bact\u00e9ries a\u00e9riennes en seulement 3 heures.<\/li>\n<li>Technologie : Utilisation de lampes UV-C pour une action germicide sans danger pour les personnes.<\/li>\n<li>Programmable : Fonctionne en continu, avec possibilit\u00e9 de programmation pour une utilisation optimale.<\/li>\n<\/ul>\n","protected":false},"featured_media":98736,"comment_status":"open","ping_status":"open","template":"","meta":{"inline_featured_image":false},"product_brand":[],"product_cat":[781,765],"product_tag":[],"class_list":{"0":"post-98735","1":"product","2":"type-product","3":"status-publish","4":"has-post-thumbnail","6":"product_cat-desinfection-de-lair","7":"product_cat-sterilisation","9":"first","10":"instock","11":"sale","12":"taxable","13":"shipping-taxable","14":"purchasable","15":"product-type-simple"},"_links":{"self":[{"href":"https:\/\/nimedixmedical.com\/fr\/wp-json\/wp\/v2\/product\/98735","targetHints":{"allow":["GET"]}}],"collection":[{"href":"https:\/\/nimedixmedical.com\/fr\/wp-json\/wp\/v2\/product"}],"about":[{"href":"https:\/\/nimedixmedical.com\/fr\/wp-json\/wp\/v2\/types\/product"}],"replies":[{"embeddable":true,"href":"https:\/\/nimedixmedical.com\/fr\/wp-json\/wp\/v2\/comments?post=98735"}],"wp:featuredmedia":[{"embeddable":true,"href":"https:\/\/nimedixmedical.com\/fr\/wp-json\/wp\/v2\/media\/98736"}],"wp:attachment":[{"href":"https:\/\/nimedixmedical.com\/fr\/wp-json\/wp\/v2\/media?parent=98735"}],"wp:term":[{"taxonomy":"product_brand","embeddable":true,"href":"https:\/\/nimedixmedical.com\/fr\/wp-json\/wp\/v2\/product_brand?post=98735"},{"taxonomy":"product_cat","embeddable":true,"href":"https:\/\/nimedixmedical.com\/fr\/wp-json\/wp\/v2\/product_cat?post=98735"},{"taxonomy":"product_tag","embeddable":true,"href":"https:\/\/nimedixmedical.com\/fr\/wp-json\/wp\/v2\/product_tag?post=98735"}],"curies":[{"name":"wp","href":"https:\/\/api.w.org\/{rel}","templated":true}]}}