{"id":98719,"date":"2025-11-30T18:50:47","date_gmt":"2025-11-30T17:50:47","guid":{"rendered":"https:\/\/nimedixmedical.com\/notre-catalogue\/kit-dantisepsie-sterile\/"},"modified":"2026-01-12T14:39:49","modified_gmt":"2026-01-12T13:39:49","slug":"kit-dantisepsie-sterile","status":"publish","type":"product","link":"https:\/\/nimedixmedical.com\/fr\/notre-catalogue\/kit-dantisepsie-sterile\/","title":{"rendered":"Kit D&#8217;antisepsie &#8211; St\u00e9rile"},"content":{"rendered":"<p>Le kit d&#8217;antisepsie st\u00e9rile est un dispositif essentiel dans le milieu m\u00e9dical, garantissant une propret\u00e9 optimale des mains. Con\u00e7u pour les h\u00f4pitaux, il permet de r\u00e9pondre aux exigences strictes d&#8217;hygi\u00e8ne et de s\u00e9curit\u00e9, tout en \u00e9tant facile \u00e0 utiliser.<\/p>\n<h2>Caract\u00e9ristiques<\/h2>\n<ul>\n<li>Composition : brosse, \u00e9ponge et b\u00e2tonnet en plastique pour le nettoyage des ongles.<\/li>\n<li>Mode d&#8217;utilisation : \u00e0 sec, sans d\u00e9tergent, pour une efficacit\u00e9 rapide.<\/li>\n<li>M\u00e9thode de st\u00e9rilisation : ETO (oxyde d&#8217;\u00e9thyl\u00e8ne) pour garantir la st\u00e9rilit\u00e9.<\/li>\n<li>\u00c9tiquette multilingue : disponible en plusieurs langues (GB, FR, IT, ES, DE, PT, PL, NL, GR, RU, Arabe).<\/li>\n<li>Conditionnement : 30 unit\u00e9s dans un distributeur individuel, facile \u00e0 utiliser et \u00e0 stocker.<\/li>\n<li>Origine : Fabriqu\u00e9 en Italie, garantissant une qualit\u00e9 sup\u00e9rieure.<\/li>\n<\/ul>\n<h2>Livraison<\/h2>\n<ul>\n<li><strong>France :<\/strong> Livraison directe.<\/li>\n<li><strong>Export (Europe et Afrique) :<\/strong> Sur devis.<\/li>\n<\/ul>\n","protected":false},"excerpt":{"rendered":"<ul>\n<li>Kit st\u00e9rile pour une hygi\u00e8ne optimale des mains en milieu hospitalier.<\/li>\n<li>Inclut une brosse, une \u00e9ponge et un b\u00e2tonnet pour nettoyer les ongles facilement.<\/li>\n<li>Utilisation \u00e0 sec, sans d\u00e9tergent, pour une application pratique et rapide.<\/li>\n<li>Conditionnement individuel dans un distributeur de 30 unit\u00e9s, facilitant la distribution et l&#8217;utilisation.<\/li>\n<\/ul>\n","protected":false},"featured_media":98708,"comment_status":"open","ping_status":"open","template":"","meta":{"inline_featured_image":false},"product_brand":[],"product_cat":[780,775,765],"product_tag":[],"class_list":{"0":"post-98719","1":"product","2":"type-product","3":"status-publish","4":"has-post-thumbnail","6":"product_cat-brosses","7":"product_cat-desinfection-et-sterilisation-a-froidf344","8":"product_cat-sterilisation","10":"first","11":"instock","12":"sale","13":"taxable","14":"shipping-taxable","15":"purchasable","16":"product-type-simple"},"_links":{"self":[{"href":"https:\/\/nimedixmedical.com\/fr\/wp-json\/wp\/v2\/product\/98719","targetHints":{"allow":["GET"]}}],"collection":[{"href":"https:\/\/nimedixmedical.com\/fr\/wp-json\/wp\/v2\/product"}],"about":[{"href":"https:\/\/nimedixmedical.com\/fr\/wp-json\/wp\/v2\/types\/product"}],"replies":[{"embeddable":true,"href":"https:\/\/nimedixmedical.com\/fr\/wp-json\/wp\/v2\/comments?post=98719"}],"wp:featuredmedia":[{"embeddable":true,"href":"https:\/\/nimedixmedical.com\/fr\/wp-json\/wp\/v2\/media\/98708"}],"wp:attachment":[{"href":"https:\/\/nimedixmedical.com\/fr\/wp-json\/wp\/v2\/media?parent=98719"}],"wp:term":[{"taxonomy":"product_brand","embeddable":true,"href":"https:\/\/nimedixmedical.com\/fr\/wp-json\/wp\/v2\/product_brand?post=98719"},{"taxonomy":"product_cat","embeddable":true,"href":"https:\/\/nimedixmedical.com\/fr\/wp-json\/wp\/v2\/product_cat?post=98719"},{"taxonomy":"product_tag","embeddable":true,"href":"https:\/\/nimedixmedical.com\/fr\/wp-json\/wp\/v2\/product_tag?post=98719"}],"curies":[{"name":"wp","href":"https:\/\/api.w.org\/{rel}","templated":true}]}}