{"id":98711,"date":"2025-11-30T18:50:17","date_gmt":"2025-11-30T17:50:17","guid":{"rendered":"https:\/\/nimedixmedical.com\/notre-catalogue\/kit-dantisepsie-a-la-chlorhexidine-it\/"},"modified":"2026-01-12T14:39:48","modified_gmt":"2026-01-12T13:39:48","slug":"kit-dantisepsie-a-la-chlorhexidine-it","status":"publish","type":"product","link":"https:\/\/nimedixmedical.com\/fr\/notre-catalogue\/kit-dantisepsie-a-la-chlorhexidine-it\/","title":{"rendered":"Kit D&#8217;antisepsie \u00c0 la Chlorhexidine &#8211; It"},"content":{"rendered":"<p>Le kit d&#8217;antisepsie \u00e0 la chlorhexidine est un produit essentiel pour les professionnels de sant\u00e9, garantissant une hygi\u00e8ne optimale des mains dans les \u00e9tablissements m\u00e9dicaux. Sa formulation \u00e0 20% de gluconate de chlorhexidine assure une d\u00e9sinfection rapide et efficace.<\/p>\n<h2>Caract\u00e9ristiques<\/h2>\n<ul>\n<li>Enregistrement : 19575 du Minist\u00e8re italien de la Sant\u00e9<\/li>\n<li>Composition : Solution de gluconate de chlorhexidine 20% (4 g en 100 ml)<\/li>\n<li>Kit st\u00e9rile avec brosse, \u00e9ponge et b\u00e2tonnet en plastique<\/li>\n<li>Utilisation : \u00c0 sec, sans d\u00e9tergent<\/li>\n<li>Conditionnement : Distributeur de 30 unit\u00e9s, chaque kit est individuel<\/li>\n<li>Origine : Made in Italy<\/li>\n<\/ul>\n<h2>Livraison<\/h2>\n<ul>\n<li><strong>France :<\/strong> Livraison directe.<\/li>\n<li><strong>Export (Europe et Afrique) :<\/strong> Sur devis.<\/li>\n<\/ul>\n","protected":false},"excerpt":{"rendered":"<ul>\n<li>Usage : Antisepsie des mains en milieu m\u00e9dical<\/li>\n<li>B\u00e9n\u00e9fice : \u00c9limine efficacement les germes gr\u00e2ce \u00e0 la chlorhexidine<\/li>\n<li>Complet : Inclus brosse, \u00e9ponge et b\u00e2tonnet pour un nettoyage optimal<\/li>\n<li>Pratique : Kit st\u00e9rile avec 30 unit\u00e9s, pr\u00eat \u00e0 l&#8217;emploi<\/li>\n<\/ul>\n","protected":false},"featured_media":98708,"comment_status":"open","ping_status":"open","template":"","meta":{"inline_featured_image":false},"product_brand":[],"product_cat":[780,775,765],"product_tag":[],"class_list":{"0":"post-98711","1":"product","2":"type-product","3":"status-publish","4":"has-post-thumbnail","6":"product_cat-brosses","7":"product_cat-desinfection-et-sterilisation-a-froidf344","8":"product_cat-sterilisation","10":"first","11":"instock","12":"sale","13":"taxable","14":"shipping-taxable","15":"purchasable","16":"product-type-simple"},"_links":{"self":[{"href":"https:\/\/nimedixmedical.com\/fr\/wp-json\/wp\/v2\/product\/98711","targetHints":{"allow":["GET"]}}],"collection":[{"href":"https:\/\/nimedixmedical.com\/fr\/wp-json\/wp\/v2\/product"}],"about":[{"href":"https:\/\/nimedixmedical.com\/fr\/wp-json\/wp\/v2\/types\/product"}],"replies":[{"embeddable":true,"href":"https:\/\/nimedixmedical.com\/fr\/wp-json\/wp\/v2\/comments?post=98711"}],"wp:featuredmedia":[{"embeddable":true,"href":"https:\/\/nimedixmedical.com\/fr\/wp-json\/wp\/v2\/media\/98708"}],"wp:attachment":[{"href":"https:\/\/nimedixmedical.com\/fr\/wp-json\/wp\/v2\/media?parent=98711"}],"wp:term":[{"taxonomy":"product_brand","embeddable":true,"href":"https:\/\/nimedixmedical.com\/fr\/wp-json\/wp\/v2\/product_brand?post=98711"},{"taxonomy":"product_cat","embeddable":true,"href":"https:\/\/nimedixmedical.com\/fr\/wp-json\/wp\/v2\/product_cat?post=98711"},{"taxonomy":"product_tag","embeddable":true,"href":"https:\/\/nimedixmedical.com\/fr\/wp-json\/wp\/v2\/product_tag?post=98711"}],"curies":[{"name":"wp","href":"https:\/\/api.w.org\/{rel}","templated":true}]}}