{"id":98707,"date":"2025-11-30T18:50:17","date_gmt":"2025-11-30T17:50:17","guid":{"rendered":"https:\/\/nimedixmedical.com\/notre-catalogue\/kit-dantisepsie-a-la-chlorhexidine-multilingue\/"},"modified":"2026-01-12T14:39:46","modified_gmt":"2026-01-12T13:39:46","slug":"kit-dantisepsie-a-la-chlorhexidine-multilingue","status":"publish","type":"product","link":"https:\/\/nimedixmedical.com\/fr\/notre-catalogue\/kit-dantisepsie-a-la-chlorhexidine-multilingue\/","title":{"rendered":"Kit D&#8217;antisepsie \u00c0 la Chlorhexidine &#8211; Multilingue"},"content":{"rendered":"<p>Le kit d&#8217;antisepsie \u00e0 la chlorhexidine est con\u00e7u pour assurer une hygi\u00e8ne optimale dans les environnements m\u00e9dicaux. Il est id\u00e9al pour la d\u00e9sinfection des mains et des surfaces, offrant une solution efficace et pratique pour les professionnels de sant\u00e9. Fabriqu\u00e9 en Italie, ce kit r\u00e9pond aux normes de s\u00e9curit\u00e9 les plus strictes.<\/p>\n<h2>Caract\u00e9ristiques<\/h2>\n<ul>\n<li>Enregistrement aupr\u00e8s du Minist\u00e8re italien de la Sant\u00e9 (19575).<\/li>\n<li>Solution de gluconate de chlorhexidine \u00e0 20% (4 g en 100 ml).<\/li>\n<li>Inclus : brosse, \u00e9ponge et b\u00e2tonnet en plastique pour nettoyer les ongles.<\/li>\n<li>Utilisation \u00e0 sec sans d\u00e9tergent, pour un nettoyage efficace.<\/li>\n<li>Conditionnement individuel en distributeur de 30 unit\u00e9s, \u00e9tiquet\u00e9 en plusieurs langues (GB, FR, ES, DE, PT, PL, NL, GR, PL, RU, Arabe).<\/li>\n<li>Produit fabriqu\u00e9 en Italie.<\/li>\n<\/ul>\n<h2>Livraison<\/h2>\n<ul>\n<li><strong>France :<\/strong> Livraison directe.<\/li>\n<li><strong>Export (Europe et Afrique) :<\/strong> Sur devis.<\/li>\n<\/ul>\n","protected":false},"excerpt":{"rendered":"<ul>\n<li>Kit d&#8217;antisepsie st\u00e9rile \u00e0 la chlorhexidine pour la propret\u00e9 des mains.<\/li>\n<li>Comprend une brosse, une \u00e9ponge et un b\u00e2tonnet pour un nettoyage complet.<\/li>\n<li>Solution de gluconate de chlorhexidine \u00e0 20% pour une d\u00e9sinfection efficace.<\/li>\n<li>Conditionnement pratique en distributeur de 30 unit\u00e9s multilingue.<\/li>\n<\/ul>\n","protected":false},"featured_media":98708,"comment_status":"open","ping_status":"open","template":"","meta":{"inline_featured_image":false},"product_brand":[],"product_cat":[780,775,765],"product_tag":[],"class_list":{"0":"post-98707","1":"product","2":"type-product","3":"status-publish","4":"has-post-thumbnail","6":"product_cat-brosses","7":"product_cat-desinfection-et-sterilisation-a-froidf344","8":"product_cat-sterilisation","10":"first","11":"instock","12":"sale","13":"taxable","14":"shipping-taxable","15":"purchasable","16":"product-type-simple"},"_links":{"self":[{"href":"https:\/\/nimedixmedical.com\/fr\/wp-json\/wp\/v2\/product\/98707","targetHints":{"allow":["GET"]}}],"collection":[{"href":"https:\/\/nimedixmedical.com\/fr\/wp-json\/wp\/v2\/product"}],"about":[{"href":"https:\/\/nimedixmedical.com\/fr\/wp-json\/wp\/v2\/types\/product"}],"replies":[{"embeddable":true,"href":"https:\/\/nimedixmedical.com\/fr\/wp-json\/wp\/v2\/comments?post=98707"}],"wp:featuredmedia":[{"embeddable":true,"href":"https:\/\/nimedixmedical.com\/fr\/wp-json\/wp\/v2\/media\/98708"}],"wp:attachment":[{"href":"https:\/\/nimedixmedical.com\/fr\/wp-json\/wp\/v2\/media?parent=98707"}],"wp:term":[{"taxonomy":"product_brand","embeddable":true,"href":"https:\/\/nimedixmedical.com\/fr\/wp-json\/wp\/v2\/product_brand?post=98707"},{"taxonomy":"product_cat","embeddable":true,"href":"https:\/\/nimedixmedical.com\/fr\/wp-json\/wp\/v2\/product_cat?post=98707"},{"taxonomy":"product_tag","embeddable":true,"href":"https:\/\/nimedixmedical.com\/fr\/wp-json\/wp\/v2\/product_tag?post=98707"}],"curies":[{"name":"wp","href":"https:\/\/api.w.org\/{rel}","templated":true}]}}