{"id":98684,"date":"2025-11-30T18:50:17","date_gmt":"2025-11-30T17:50:17","guid":{"rendered":"https:\/\/nimedixmedical.com\/notre-catalogue\/desinfectant-spray-multi-usage-400-ml\/"},"modified":"2026-01-12T14:39:38","modified_gmt":"2026-01-12T13:39:38","slug":"desinfectant-spray-multi-usage-400-ml","status":"publish","type":"product","link":"https:\/\/nimedixmedical.com\/fr\/notre-catalogue\/desinfectant-spray-multi-usage-400-ml\/","title":{"rendered":"D\u00e9sinfectant Spray Multi-usage &#8211; 400 mL"},"content":{"rendered":"<p>Le Spray D\u00e9sinfectant Germocid de 400 ml est con\u00e7u pour r\u00e9pondre aux besoins de d\u00e9sinfection dans des environnements vari\u00e9s, tels que les h\u00f4pitaux et les \u00e9coles. Son efficacit\u00e9 prouv\u00e9e en fait un alli\u00e9 de choix pour maintenir la propret\u00e9 et l&#8217;hygi\u00e8ne au quotidien.<\/p>\n<h2>Caract\u00e9ristiques<\/h2>\n<ul>\n<li>Volume : 400 ml<\/li>\n<li>Composition chimique : O-ph\u00e9nylph\u00e9nol (0,02 g), Chlorure de benzalkonium (0,1 g)<\/li>\n<li>Utilisation : d\u00e9sinfection et d\u00e9sodorisation des surfaces et objets<\/li>\n<li>Enregistrement : 7604 du Minist\u00e8re italien de la Sant\u00e9<\/li>\n<li>Instructions disponibles en anglais et italien<\/li>\n<li>Fabriqu\u00e9 en Italie<\/li>\n<\/ul>\n<h2>Livraison<\/h2>\n<ul>\n<li><strong>France :<\/strong> Livraison directe.<\/li>\n<li><strong>Export (Europe et Afrique) :<\/strong> Sur devis.<\/li>\n<\/ul>\n","protected":false},"excerpt":{"rendered":"<ul>\n<li>Spray d\u00e9sinfectant multi-usage, id\u00e9al pour les environnements m\u00e9dicaux et publics.<\/li>\n<li>Puissant effet bact\u00e9ricide et virucide, garantissant une d\u00e9sinfection efficace.<\/li>\n<li>D\u00e9sodorise et purifie les surfaces, contribuant \u00e0 un environnement sain.<\/li>\n<li>Facile \u00e0 utiliser, parfait pour les h\u00f4pitaux, salles de classe et voitures.<\/li>\n<\/ul>\n","protected":false},"featured_media":98685,"comment_status":"open","ping_status":"open","template":"","meta":{"inline_featured_image":false},"product_brand":[],"product_cat":[779,775,765],"product_tag":[],"class_list":{"0":"post-98684","1":"product","2":"type-product","3":"status-publish","4":"has-post-thumbnail","6":"product_cat-desinfectants-pour-nettoyage","7":"product_cat-desinfection-et-sterilisation-a-froidf344","8":"product_cat-sterilisation","10":"first","11":"instock","12":"sale","13":"taxable","14":"shipping-taxable","15":"purchasable","16":"product-type-simple"},"_links":{"self":[{"href":"https:\/\/nimedixmedical.com\/fr\/wp-json\/wp\/v2\/product\/98684","targetHints":{"allow":["GET"]}}],"collection":[{"href":"https:\/\/nimedixmedical.com\/fr\/wp-json\/wp\/v2\/product"}],"about":[{"href":"https:\/\/nimedixmedical.com\/fr\/wp-json\/wp\/v2\/types\/product"}],"replies":[{"embeddable":true,"href":"https:\/\/nimedixmedical.com\/fr\/wp-json\/wp\/v2\/comments?post=98684"}],"wp:featuredmedia":[{"embeddable":true,"href":"https:\/\/nimedixmedical.com\/fr\/wp-json\/wp\/v2\/media\/98685"}],"wp:attachment":[{"href":"https:\/\/nimedixmedical.com\/fr\/wp-json\/wp\/v2\/media?parent=98684"}],"wp:term":[{"taxonomy":"product_brand","embeddable":true,"href":"https:\/\/nimedixmedical.com\/fr\/wp-json\/wp\/v2\/product_brand?post=98684"},{"taxonomy":"product_cat","embeddable":true,"href":"https:\/\/nimedixmedical.com\/fr\/wp-json\/wp\/v2\/product_cat?post=98684"},{"taxonomy":"product_tag","embeddable":true,"href":"https:\/\/nimedixmedical.com\/fr\/wp-json\/wp\/v2\/product_tag?post=98684"}],"curies":[{"name":"wp","href":"https:\/\/api.w.org\/{rel}","templated":true}]}}