{"id":98677,"date":"2025-11-30T18:50:17","date_gmt":"2025-11-30T17:50:17","guid":{"rendered":"https:\/\/nimedixmedical.com\/notre-catalogue\/spray-desinfectant-tekna-400-ml\/"},"modified":"2026-01-12T14:39:36","modified_gmt":"2026-01-12T13:39:36","slug":"spray-desinfectant-tekna-400-ml","status":"publish","type":"product","link":"https:\/\/nimedixmedical.com\/fr\/notre-catalogue\/spray-desinfectant-tekna-400-ml\/","title":{"rendered":"Spray D\u00e9sinfectant Tekna &#8211; 400 mL"},"content":{"rendered":"<p>Le Spray D\u00e9sinfectant Tekna est un produit essentiel dans le domaine m\u00e9dical et domestique, offrant une d\u00e9sinfection efficace des surfaces et des tissus. Con\u00e7u pour \u00e9liminer rapidement les agents pathog\u00e8nes, il contribue \u00e0 maintenir un environnement sain, r\u00e9duisant ainsi les risques d&#8217;infections.<\/p>\n<h2>Caract\u00e9ristiques<\/h2>\n<ul>\n<li>Volume : 400 ml<\/li>\n<li>Action d\u00e9sinfectante : efficace contre bact\u00e9ries gram-positives et gram-n\u00e9gatives, ainsi que les myc\u00e8tes.<\/li>\n<li>Formule : ne mouille pas, ne tache pas et ne laisse pas de r\u00e9sidus.<\/li>\n<li>Composition : Chlorure de Benzalkonium, Biph\u00e9nyl-2-ol, Propan-2-ol et parfum.<\/li>\n<li>Approuv\u00e9 par le Minist\u00e8re italien de la Sant\u00e9 (enregistrement 13431).<\/li>\n<\/ul>\n<h2>Livraison<\/h2>\n<ul>\n<li><strong>France :<\/strong> Livraison directe.<\/li>\n<li><strong>Export (Europe et Afrique) :<\/strong> Sur devis.<\/li>\n<\/ul>\n","protected":false},"excerpt":{"rendered":"<ul>\n<li>Utilisation polyvalente pour d\u00e9sinfecter et d\u00e9sodoriser tissus et surfaces souples.<\/li>\n<li>\u00c9limine rapidement myc\u00e8tes, bact\u00e9ries et allerg\u00e8nes.<\/li>\n<li>Ne laisse pas de r\u00e9sidus ni de taches, pr\u00e9servant ainsi l&#8217;int\u00e9grit\u00e9 des mat\u00e9riaux.<\/li>\n<li>Approuv\u00e9 par le Minist\u00e8re italien de la Sant\u00e9, garantissant une efficacit\u00e9 optimale.<\/li>\n<\/ul>\n","protected":false},"featured_media":98678,"comment_status":"open","ping_status":"open","template":"","meta":{"inline_featured_image":false},"product_brand":[],"product_cat":[779,775,765],"product_tag":[],"class_list":{"0":"post-98677","1":"product","2":"type-product","3":"status-publish","4":"has-post-thumbnail","6":"product_cat-desinfectants-pour-nettoyage","7":"product_cat-desinfection-et-sterilisation-a-froidf344","8":"product_cat-sterilisation","10":"first","11":"instock","12":"sale","13":"taxable","14":"shipping-taxable","15":"purchasable","16":"product-type-simple"},"_links":{"self":[{"href":"https:\/\/nimedixmedical.com\/fr\/wp-json\/wp\/v2\/product\/98677","targetHints":{"allow":["GET"]}}],"collection":[{"href":"https:\/\/nimedixmedical.com\/fr\/wp-json\/wp\/v2\/product"}],"about":[{"href":"https:\/\/nimedixmedical.com\/fr\/wp-json\/wp\/v2\/types\/product"}],"replies":[{"embeddable":true,"href":"https:\/\/nimedixmedical.com\/fr\/wp-json\/wp\/v2\/comments?post=98677"}],"wp:featuredmedia":[{"embeddable":true,"href":"https:\/\/nimedixmedical.com\/fr\/wp-json\/wp\/v2\/media\/98678"}],"wp:attachment":[{"href":"https:\/\/nimedixmedical.com\/fr\/wp-json\/wp\/v2\/media?parent=98677"}],"wp:term":[{"taxonomy":"product_brand","embeddable":true,"href":"https:\/\/nimedixmedical.com\/fr\/wp-json\/wp\/v2\/product_brand?post=98677"},{"taxonomy":"product_cat","embeddable":true,"href":"https:\/\/nimedixmedical.com\/fr\/wp-json\/wp\/v2\/product_cat?post=98677"},{"taxonomy":"product_tag","embeddable":true,"href":"https:\/\/nimedixmedical.com\/fr\/wp-json\/wp\/v2\/product_tag?post=98677"}],"curies":[{"name":"wp","href":"https:\/\/api.w.org\/{rel}","templated":true}]}}