{"id":98667,"date":"2025-11-30T18:49:50","date_gmt":"2025-11-30T17:49:50","guid":{"rendered":"https:\/\/nimedixmedical.com\/notre-catalogue\/germocid-inodore-bouteille-1-l\/"},"modified":"2026-01-12T14:39:33","modified_gmt":"2026-01-12T13:39:33","slug":"germocid-inodore-bouteille-1-l","status":"publish","type":"product","link":"https:\/\/nimedixmedical.com\/fr\/notre-catalogue\/germocid-inodore-bouteille-1-l\/","title":{"rendered":"Germocid Inodore &#8211; Bouteille 1 L"},"content":{"rendered":"<p>GERMOCID inodore est une solution concentr\u00e9e de d\u00e9sinfection d\u00e9di\u00e9e \u00e0 un usage m\u00e9dical. Id\u00e9ale pour les cabinets m\u00e9dicaux, h\u00f4pitaux et salons de beaut\u00e9, elle assure une d\u00e9sinfection de surfaces vari\u00e9es, garantissant ainsi un environnement hygi\u00e9nique.<\/p>\n<h2>Caract\u00e9ristiques<\/h2>\n<ul>\n<li>Solution concentr\u00e9e de 1 litre.<\/li>\n<li>Efficace contre les bact\u00e9ries Gram+ et Gram-, myc\u00e8tes, mycobact\u00e9ries et divers virus (ad\u00e9novirus, HIV, HBV, HCV).<\/li>\n<li>Utilisable sur des dispositifs m\u00e9dicaux non-invasifs comme lits et civi\u00e8res.<\/li>\n<li>Formulation sans odeur, ne laissant ni taches ni traces.<\/li>\n<li>Contient 10 g de chlorure de benzalkonium et 1 g d\u2019o-ph\u00e9nylph\u00e9nol pour une efficacit\u00e9 optimale.<\/li>\n<\/ul>\n<h2>Livraison<\/h2>\n<ul>\n<li><strong>France :<\/strong> Livraison directe.<\/li>\n<li><strong>Export (Europe et Afrique) :<\/strong> Sur devis.<\/li>\n<\/ul>\n","protected":false},"excerpt":{"rendered":"<ul>\n<li>Utilis\u00e9 comme d\u00e9tergent et d\u00e9sinfectant pour surfaces m\u00e9dicales non-invasives.<\/li>\n<li>\u00c9limine efficacement bact\u00e9ries, myc\u00e8tes, mycobact\u00e9ries et virus.<\/li>\n<li>Ne laisse pas de taches ou traces, convient aux surfaces sensibles \u00e0 l&#8217;alcool.<\/li>\n<li>Classe IIa, conforme \u00e0 la Directive 93\/42\/EEC.<\/li>\n<\/ul>\n","protected":false},"featured_media":98668,"comment_status":"open","ping_status":"open","template":"","meta":{"inline_featured_image":false},"product_brand":[],"product_cat":[779,775,765],"product_tag":[],"class_list":{"0":"post-98667","1":"product","2":"type-product","3":"status-publish","4":"has-post-thumbnail","6":"product_cat-desinfectants-pour-nettoyage","7":"product_cat-desinfection-et-sterilisation-a-froidf344","8":"product_cat-sterilisation","10":"first","11":"instock","12":"sale","13":"taxable","14":"shipping-taxable","15":"purchasable","16":"product-type-simple"},"_links":{"self":[{"href":"https:\/\/nimedixmedical.com\/fr\/wp-json\/wp\/v2\/product\/98667","targetHints":{"allow":["GET"]}}],"collection":[{"href":"https:\/\/nimedixmedical.com\/fr\/wp-json\/wp\/v2\/product"}],"about":[{"href":"https:\/\/nimedixmedical.com\/fr\/wp-json\/wp\/v2\/types\/product"}],"replies":[{"embeddable":true,"href":"https:\/\/nimedixmedical.com\/fr\/wp-json\/wp\/v2\/comments?post=98667"}],"wp:featuredmedia":[{"embeddable":true,"href":"https:\/\/nimedixmedical.com\/fr\/wp-json\/wp\/v2\/media\/98668"}],"wp:attachment":[{"href":"https:\/\/nimedixmedical.com\/fr\/wp-json\/wp\/v2\/media?parent=98667"}],"wp:term":[{"taxonomy":"product_brand","embeddable":true,"href":"https:\/\/nimedixmedical.com\/fr\/wp-json\/wp\/v2\/product_brand?post=98667"},{"taxonomy":"product_cat","embeddable":true,"href":"https:\/\/nimedixmedical.com\/fr\/wp-json\/wp\/v2\/product_cat?post=98667"},{"taxonomy":"product_tag","embeddable":true,"href":"https:\/\/nimedixmedical.com\/fr\/wp-json\/wp\/v2\/product_tag?post=98667"}],"curies":[{"name":"wp","href":"https:\/\/api.w.org\/{rel}","templated":true}]}}