{"id":98663,"date":"2025-11-30T18:49:50","date_gmt":"2025-11-30T17:49:50","guid":{"rendered":"https:\/\/nimedixmedical.com\/notre-catalogue\/lingettes-germocid-alcool-15-tube\/"},"modified":"2026-01-12T14:39:31","modified_gmt":"2026-01-12T13:39:31","slug":"lingettes-germocid-alcool-15-tube","status":"publish","type":"product","link":"https:\/\/nimedixmedical.com\/fr\/notre-catalogue\/lingettes-germocid-alcool-15-tube\/","title":{"rendered":"Lingettes Germocid &#8211; Alcool 15% &#8211; Tube"},"content":{"rendered":"<p>Les lingettes Germocid \u00e0 15% d&#8217;alcool sont sp\u00e9cialement con\u00e7ues pour le nettoyage et la d\u00e9sinfection dans le milieu m\u00e9dical. Elles permettent une d\u00e9sinfection rapide et efficace, garantissant un environnement s\u00fbr pour les patients et les professionnels de sant\u00e9.<\/p>\n<h2>Caract\u00e9ristiques<\/h2>\n<ul>\n<li>Contenance : 220 lingettes par tube.<\/li>\n<li>Action d\u00e9sinfectante rapide contre bact\u00e9ries, levures, moisissures, mycobact\u00e9ries et virus.<\/li>\n<li>Ne sont pas inactiv\u00e9es par les r\u00e9sidus organiques.<\/li>\n<li>Pouvoir d\u00e9tergent \u00e9lev\u00e9 avec \u00e9vaporation rapide.<\/li>\n<li>Composition : Chlorure de benzalkonium, O-ph\u00e9nylph\u00e9nol, Alcool isopropylique, \u00c9thanol, coformulants, eau purifi\u00e9e.<\/li>\n<li>Fabrication : Made in Italy.<\/li>\n<\/ul>\n<h2>Livraison<\/h2>\n<ul>\n<li><strong>France :<\/strong> Livraison directe.<\/li>\n<li><strong>Export (Europe et Afrique) :<\/strong> Sur devis.<\/li>\n<\/ul>\n","protected":false},"excerpt":{"rendered":"<ul>\n<li>Usage : Nettoyage et d\u00e9sinfection des dispositifs m\u00e9dicaux non-invasifs et des surfaces des cabinets m\u00e9dicaux et dentaires.<\/li>\n<li>B\u00e9n\u00e9fice : Action d\u00e9sinfectante rapide contre un large spectre de micro-organismes.<\/li>\n<li>Non inactiv\u00e9es par les r\u00e9sidus organiques, garantissant une efficacit\u00e9 optimale.<\/li>\n<li>Faible concentration d&#8217;alcool, sans risque d&#8217;endommagement des mat\u00e9riaux.<\/li>\n<\/ul>\n","protected":false},"featured_media":98664,"comment_status":"open","ping_status":"open","template":"","meta":{"inline_featured_image":false},"product_brand":[],"product_cat":[779,775,765],"product_tag":[],"class_list":{"0":"post-98663","1":"product","2":"type-product","3":"status-publish","4":"has-post-thumbnail","6":"product_cat-desinfectants-pour-nettoyage","7":"product_cat-desinfection-et-sterilisation-a-froidf344","8":"product_cat-sterilisation","10":"first","11":"instock","12":"sale","13":"taxable","14":"shipping-taxable","15":"purchasable","16":"product-type-simple"},"_links":{"self":[{"href":"https:\/\/nimedixmedical.com\/fr\/wp-json\/wp\/v2\/product\/98663","targetHints":{"allow":["GET"]}}],"collection":[{"href":"https:\/\/nimedixmedical.com\/fr\/wp-json\/wp\/v2\/product"}],"about":[{"href":"https:\/\/nimedixmedical.com\/fr\/wp-json\/wp\/v2\/types\/product"}],"replies":[{"embeddable":true,"href":"https:\/\/nimedixmedical.com\/fr\/wp-json\/wp\/v2\/comments?post=98663"}],"wp:featuredmedia":[{"embeddable":true,"href":"https:\/\/nimedixmedical.com\/fr\/wp-json\/wp\/v2\/media\/98664"}],"wp:attachment":[{"href":"https:\/\/nimedixmedical.com\/fr\/wp-json\/wp\/v2\/media?parent=98663"}],"wp:term":[{"taxonomy":"product_brand","embeddable":true,"href":"https:\/\/nimedixmedical.com\/fr\/wp-json\/wp\/v2\/product_brand?post=98663"},{"taxonomy":"product_cat","embeddable":true,"href":"https:\/\/nimedixmedical.com\/fr\/wp-json\/wp\/v2\/product_cat?post=98663"},{"taxonomy":"product_tag","embeddable":true,"href":"https:\/\/nimedixmedical.com\/fr\/wp-json\/wp\/v2\/product_tag?post=98663"}],"curies":[{"name":"wp","href":"https:\/\/api.w.org\/{rel}","templated":true}]}}