{"id":98646,"date":"2025-11-30T18:49:50","date_gmt":"2025-11-30T17:49:50","guid":{"rendered":"https:\/\/nimedixmedical.com\/notre-catalogue\/ecolab-incidin-oxyfoam-s-spray-750-ml\/"},"modified":"2026-01-12T14:39:24","modified_gmt":"2026-01-12T13:39:24","slug":"ecolab-incidin-oxyfoam-s-spray-750-ml","status":"publish","type":"product","link":"https:\/\/nimedixmedical.com\/fr\/notre-catalogue\/ecolab-incidin-oxyfoam-s-spray-750-ml\/","title":{"rendered":"Ecolab Incidin Oxyfoam S &#8211; Spray 750 mL"},"content":{"rendered":"<p>L&#8217;INCIDIN\u2122 OXYFOAM S est un spray de 750 ml con\u00e7u pour r\u00e9pondre aux normes de d\u00e9sinfection dans le domaine m\u00e9dical. Sa technologie avanc\u00e9e Hi-Speed H2O2\u2122 permet une efficacit\u00e9 rapide et compl\u00e8te tout en pr\u00e9servant les surfaces trait\u00e9es.<\/p>\n<h2>Caract\u00e9ristiques<\/h2>\n<ul>\n<li>D\u00e9tergent et d\u00e9sinfectant sporicide pr\u00eat \u00e0 l\u2019emploi.<\/li>\n<li>Formulation \u00e0 base de p\u00e9roxyde d\u2019hydrog\u00e8ne (1,5 g pour 100 g).<\/li>\n<li>Efficacit\u00e9 virucide et sporicide, large spectre d\u2019action.<\/li>\n<li>Compatible avec divers mat\u00e9riaux utilis\u00e9s dans le milieu m\u00e9dical.<\/li>\n<\/ul>\n<h2>Livraison<\/h2>\n<ul>\n<li><strong>France :<\/strong> Livraison directe.<\/li>\n<li><strong>Export (Europe et Afrique) :<\/strong> Sur devis.<\/li>\n<\/ul>\n","protected":false},"excerpt":{"rendered":"<ul>\n<li>D\u00e9tergent et d\u00e9sinfectant sporicide pr\u00eat \u00e0 l\u2019emploi.<\/li>\n<li>Id\u00e9al pour le nettoyage et la d\u00e9sinfection de dispositifs m\u00e9dicaux semi-critiques.<\/li>\n<li>Efficacit\u00e9 contre bact\u00e9ries, levures, myc\u00e8tes et mycobact\u00e9ries.<\/li>\n<li>Formulation sans r\u00e9sidu actif gr\u00e2ce \u00e0 l\u2019\u00e9vaporation rapide.<\/li>\n<\/ul>\n","protected":false},"featured_media":98647,"comment_status":"open","ping_status":"open","template":"","meta":{"inline_featured_image":false},"product_brand":[],"product_cat":[779,775,765],"product_tag":[],"class_list":{"0":"post-98646","1":"product","2":"type-product","3":"status-publish","4":"has-post-thumbnail","6":"product_cat-desinfectants-pour-nettoyage","7":"product_cat-desinfection-et-sterilisation-a-froidf344","8":"product_cat-sterilisation","10":"first","11":"outofstock","12":"sale","13":"taxable","14":"shipping-taxable","15":"purchasable","16":"product-type-simple"},"_links":{"self":[{"href":"https:\/\/nimedixmedical.com\/fr\/wp-json\/wp\/v2\/product\/98646","targetHints":{"allow":["GET"]}}],"collection":[{"href":"https:\/\/nimedixmedical.com\/fr\/wp-json\/wp\/v2\/product"}],"about":[{"href":"https:\/\/nimedixmedical.com\/fr\/wp-json\/wp\/v2\/types\/product"}],"replies":[{"embeddable":true,"href":"https:\/\/nimedixmedical.com\/fr\/wp-json\/wp\/v2\/comments?post=98646"}],"wp:featuredmedia":[{"embeddable":true,"href":"https:\/\/nimedixmedical.com\/fr\/wp-json\/wp\/v2\/media\/98647"}],"wp:attachment":[{"href":"https:\/\/nimedixmedical.com\/fr\/wp-json\/wp\/v2\/media?parent=98646"}],"wp:term":[{"taxonomy":"product_brand","embeddable":true,"href":"https:\/\/nimedixmedical.com\/fr\/wp-json\/wp\/v2\/product_brand?post=98646"},{"taxonomy":"product_cat","embeddable":true,"href":"https:\/\/nimedixmedical.com\/fr\/wp-json\/wp\/v2\/product_cat?post=98646"},{"taxonomy":"product_tag","embeddable":true,"href":"https:\/\/nimedixmedical.com\/fr\/wp-json\/wp\/v2\/product_tag?post=98646"}],"curies":[{"name":"wp","href":"https:\/\/api.w.org\/{rel}","templated":true}]}}