{"id":98603,"date":"2025-11-30T18:49:18","date_gmt":"2025-11-30T17:49:18","guid":{"rendered":"https:\/\/nimedixmedical.com\/notre-catalogue\/seringue-pre-remplie-bd-posiflush-xs-10-ml-306572\/"},"modified":"2026-01-12T14:39:13","modified_gmt":"2026-01-12T13:39:13","slug":"seringue-pre-remplie-bd-posiflush-xs-10-ml-306572","status":"publish","type":"product","link":"https:\/\/nimedixmedical.com\/fr\/notre-catalogue\/seringue-pre-remplie-bd-posiflush-xs-10-ml-306572\/","title":{"rendered":"Seringue Pr\u00e9-remplie Bd Posiflush Xs 10 mL &#8211; 306572"},"content":{"rendered":"<p>La seringue BD PosiFlush\u2122 XS 10 ml est con\u00e7ue pour une utilisation s\u00e9curis\u00e9e en milieu m\u00e9dical, notamment en oncologie et en soins intensifs. Pr\u00eate \u00e0 l&#8217;emploi, elle offre une solution saline isotonique st\u00e9rile, essentielle pour le rin\u00e7age de cath\u00e9ters intraveineux afin d&#8217;am\u00e9liorer la s\u00e9curit\u00e9 des patients.<\/p>\n<h2>Caract\u00e9ristiques<\/h2>\n<ul>\n<li>Contenance : 10 ml de chlorure de sodium 0,9% isotonique, st\u00e9rile et apyrog\u00e8ne.<\/li>\n<li>Mat\u00e9riau : Fabriqu\u00e9e en polypropyl\u00e8ne, sans latex de caoutchouc naturel.<\/li>\n<li>Extr\u00e9mit\u00e9 : Luer-lock\u2122 pour une connexion s\u00e9curis\u00e9e.<\/li>\n<li>Bo\u00eete de 30 seringues, pr\u00eate \u00e0 l&#8217;emploi pour r\u00e9duire le risque de contamination.<\/li>\n<li>Instructions multilingues disponibles : GB, FR, IT, ES, PT, DE, NL, NO, FI, DK, SE, GR.<\/li>\n<\/ul>\n<h2>Livraison<\/h2>\n<ul>\n<li><strong>France :<\/strong> Livraison directe.<\/li>\n<li><strong>Export (Europe et Afrique) :<\/strong> Sur devis.<\/li>\n<\/ul>\n","protected":false},"excerpt":{"rendered":"<ul>\n<li>Usage : Seringue pr\u00e9-remplie de solution saline pour le rin\u00e7age de divers types de cath\u00e9ters intraveineux.<\/li>\n<li>B\u00e9n\u00e9fice : R\u00e9duit les risques d&#8217;occlusions et d&#8217;infections, tout en garantissant une utilisation facile et st\u00e9rile.<\/li>\n<li>Pr\u00eat \u00e0 l&#8217;emploi : Aucune pr\u00e9paration n\u00e9cessaire, ce qui minimise le risque de contamination.<\/li>\n<li>\u00c9tiquetage clair : Identification facile du contenu pour \u00e9viter les erreurs de m\u00e9dication.<\/li>\n<\/ul>\n","protected":false},"featured_media":98604,"comment_status":"open","ping_status":"open","template":"","meta":{"inline_featured_image":false},"product_brand":[],"product_cat":[775,777,765],"product_tag":[],"class_list":{"0":"post-98603","1":"product","2":"type-product","3":"status-publish","4":"has-post-thumbnail","6":"product_cat-desinfection-et-sterilisation-a-froidf344","7":"product_cat-produits-por-desinfection-et-hygiene-corporelle","8":"product_cat-sterilisation","10":"first","11":"instock","12":"sale","13":"taxable","14":"shipping-taxable","15":"purchasable","16":"product-type-simple"},"_links":{"self":[{"href":"https:\/\/nimedixmedical.com\/fr\/wp-json\/wp\/v2\/product\/98603","targetHints":{"allow":["GET"]}}],"collection":[{"href":"https:\/\/nimedixmedical.com\/fr\/wp-json\/wp\/v2\/product"}],"about":[{"href":"https:\/\/nimedixmedical.com\/fr\/wp-json\/wp\/v2\/types\/product"}],"replies":[{"embeddable":true,"href":"https:\/\/nimedixmedical.com\/fr\/wp-json\/wp\/v2\/comments?post=98603"}],"wp:featuredmedia":[{"embeddable":true,"href":"https:\/\/nimedixmedical.com\/fr\/wp-json\/wp\/v2\/media\/98604"}],"wp:attachment":[{"href":"https:\/\/nimedixmedical.com\/fr\/wp-json\/wp\/v2\/media?parent=98603"}],"wp:term":[{"taxonomy":"product_brand","embeddable":true,"href":"https:\/\/nimedixmedical.com\/fr\/wp-json\/wp\/v2\/product_brand?post=98603"},{"taxonomy":"product_cat","embeddable":true,"href":"https:\/\/nimedixmedical.com\/fr\/wp-json\/wp\/v2\/product_cat?post=98603"},{"taxonomy":"product_tag","embeddable":true,"href":"https:\/\/nimedixmedical.com\/fr\/wp-json\/wp\/v2\/product_tag?post=98603"}],"curies":[{"name":"wp","href":"https:\/\/api.w.org\/{rel}","templated":true}]}}