{"id":98582,"date":"2025-11-30T18:49:18","date_gmt":"2025-11-30T17:49:18","guid":{"rendered":"https:\/\/nimedixmedical.com\/notre-catalogue\/povi-iodine-100-antiseptique-125-ml-biocide-commercialisation-en-italie-uniquement\/"},"modified":"2026-01-12T14:39:07","modified_gmt":"2026-01-12T13:39:07","slug":"povi-iodine-100-antiseptique-125-ml-biocide-commercialisation-en-italie-uniquement","status":"publish","type":"product","link":"https:\/\/nimedixmedical.com\/fr\/notre-catalogue\/povi-iodine-100-antiseptique-125-ml-biocide-commercialisation-en-italie-uniquement\/","title":{"rendered":"Povi-iodine 100 Antiseptique &#8211; 125 mL &#8211; Biocide &#8211; Commercialisation en Italie Uniquement"},"content":{"rendered":"<p>Povi-Iodine 100 est une solution antiseptique \u00e0 base de povidone iod\u00e9e, con\u00e7ue pour r\u00e9pondre aux normes d&#8217;hygi\u00e8ne les plus strictes dans les \u00e9tablissements de sant\u00e9. Son efficacit\u00e9 biocide en fait un choix privil\u00e9gi\u00e9 pour la d\u00e9sinfection des mains.<\/p>\n<h2>Caract\u00e9ristiques<\/h2>\n<ul>\n<li>Solution liquide pr\u00eate \u00e0 l&#8217;emploi \u00e0 10% de povidone iod\u00e9e.<\/li>\n<li>Efficacit\u00e9 biocide d\u00e9montr\u00e9e : Bact\u00e9ricide (EN 13727, EN 1500, EN 1499), Levuricide (EN 13624), Virucide (Ad\u00e9novirus, Norovirus murin EN 14476).<\/li>\n<li>Enregistrement en tant que biocide PT01 &#8211; IT\/2021\/00714\/AUT.<\/li>\n<li>Composition : 100 g de solution contiennent 10 g de Polyvinylpyrrolidone-iode, glyc\u00e9rine, coformulants et eau purifi\u00e9e.<\/li>\n<\/ul>\n<h2>Livraison<\/h2>\n<ul>\n<li><strong>France :<\/strong> Livraison directe.<\/li>\n<li><strong>Export (Europe et Afrique) :<\/strong> Sur devis.<\/li>\n<\/ul>\n","protected":false},"excerpt":{"rendered":"<ul>\n<li>Usage : Solution antiseptique pr\u00eate \u00e0 l&#8217;emploi pour le nettoyage et la d\u00e9sinfection des mains.<\/li>\n<li>B\u00e9n\u00e9fice : Efficacit\u00e9 prouv\u00e9e contre bact\u00e9ries, levures et virus, id\u00e9al pour les \u00e9tablissements de sant\u00e9.<\/li>\n<li>Dur\u00e9e de conservation : 24 mois, garantissant une utilisation prolong\u00e9e.<\/li>\n<li>Commercialisation : Enregistr\u00e9 et disponible uniquement en Italie.<\/li>\n<\/ul>\n","protected":false},"featured_media":98583,"comment_status":"open","ping_status":"open","template":"","meta":{"inline_featured_image":false},"product_brand":[],"product_cat":[775,777,765],"product_tag":[],"class_list":{"0":"post-98582","1":"product","2":"type-product","3":"status-publish","4":"has-post-thumbnail","6":"product_cat-desinfection-et-sterilisation-a-froidf344","7":"product_cat-produits-por-desinfection-et-hygiene-corporelle","8":"product_cat-sterilisation","10":"first","11":"instock","12":"sale","13":"taxable","14":"shipping-taxable","15":"purchasable","16":"product-type-simple"},"_links":{"self":[{"href":"https:\/\/nimedixmedical.com\/fr\/wp-json\/wp\/v2\/product\/98582","targetHints":{"allow":["GET"]}}],"collection":[{"href":"https:\/\/nimedixmedical.com\/fr\/wp-json\/wp\/v2\/product"}],"about":[{"href":"https:\/\/nimedixmedical.com\/fr\/wp-json\/wp\/v2\/types\/product"}],"replies":[{"embeddable":true,"href":"https:\/\/nimedixmedical.com\/fr\/wp-json\/wp\/v2\/comments?post=98582"}],"wp:featuredmedia":[{"embeddable":true,"href":"https:\/\/nimedixmedical.com\/fr\/wp-json\/wp\/v2\/media\/98583"}],"wp:attachment":[{"href":"https:\/\/nimedixmedical.com\/fr\/wp-json\/wp\/v2\/media?parent=98582"}],"wp:term":[{"taxonomy":"product_brand","embeddable":true,"href":"https:\/\/nimedixmedical.com\/fr\/wp-json\/wp\/v2\/product_brand?post=98582"},{"taxonomy":"product_cat","embeddable":true,"href":"https:\/\/nimedixmedical.com\/fr\/wp-json\/wp\/v2\/product_cat?post=98582"},{"taxonomy":"product_tag","embeddable":true,"href":"https:\/\/nimedixmedical.com\/fr\/wp-json\/wp\/v2\/product_tag?post=98582"}],"curies":[{"name":"wp","href":"https:\/\/api.w.org\/{rel}","templated":true}]}}