{"id":98521,"date":"2025-11-30T18:47:53","date_gmt":"2025-11-30T17:47:53","guid":{"rendered":"https:\/\/nimedixmedical.com\/notre-catalogue\/collutoire-germoxid-avec-chlorhexidine-1-l\/"},"modified":"2026-01-12T14:38:51","modified_gmt":"2026-01-12T13:38:51","slug":"collutoire-germoxid-avec-chlorhexidine-1-l","status":"publish","type":"product","link":"https:\/\/nimedixmedical.com\/fr\/notre-catalogue\/collutoire-germoxid-avec-chlorhexidine-1-l\/","title":{"rendered":"Collutoire Germoxid avec Chlorhexidine &#8211; 1 L"},"content":{"rendered":"<p>Le collutoire Germoxid est une solution efficace pour maintenir une bonne hygi\u00e8ne buccale. Gr\u00e2ce \u00e0 sa formule \u00e0 base de Chlorhexidine, il aide \u00e0 pr\u00e9venir les inflammations telles que la gingivite, tout en \u00e9tant doux pour les gencives.<\/p>\n<h2>Caract\u00e9ristiques<\/h2>\n<ul>\n<li>Contient 0,2% de Chlorhexidine pour une action antibact\u00e9rienne.<\/li>\n<li>Enrichi en extraits d&#8217;Aloe Vera pour un effet adoucissant et rafra\u00eechissant.<\/li>\n<li>Formulation sans alcool, \u00e9vitant irritation et br\u00fblures des gencives.<\/li>\n<li>Adapt\u00e9 pour une utilisation apr\u00e8s soins dentaires et pour les porteurs de proth\u00e8ses ou d&#8217;appareils orthodontiques.<\/li>\n<li>Made in Italy, garantissant une qualit\u00e9 \u00e9lev\u00e9e.<\/li>\n<\/ul>\n<h2>Livraison<\/h2>\n<ul>\n<li><strong>France :<\/strong> Livraison directe.<\/li>\n<li><strong>Export (Europe et Afrique) :<\/strong> Sur devis.<\/li>\n<\/ul>\n","protected":false},"excerpt":{"rendered":"<ul>\n<li>Usage : Pr\u00e9vention de l&#8217;accumulation de plaque dentaire et des inflammations buccales.<\/li>\n<li>B\u00e9n\u00e9fice : Formulation douce sans alcool, enrichie en Aloe Vera pour apaiser les gencives.<\/li>\n<li>Indiqu\u00e9 pour l&#8217;hygi\u00e8ne buccale apr\u00e8s soins dentaires, proth\u00e8ses et appareils orthodontiques.<\/li>\n<\/ul>\n","protected":false},"featured_media":98522,"comment_status":"open","ping_status":"open","template":"","meta":{"inline_featured_image":false},"product_brand":[],"product_cat":[775,777,765],"product_tag":[],"class_list":{"0":"post-98521","1":"product","2":"type-product","3":"status-publish","4":"has-post-thumbnail","6":"product_cat-desinfection-et-sterilisation-a-froidf344","7":"product_cat-produits-por-desinfection-et-hygiene-corporelle","8":"product_cat-sterilisation","10":"first","11":"instock","12":"sale","13":"taxable","14":"shipping-taxable","15":"purchasable","16":"product-type-simple"},"_links":{"self":[{"href":"https:\/\/nimedixmedical.com\/fr\/wp-json\/wp\/v2\/product\/98521","targetHints":{"allow":["GET"]}}],"collection":[{"href":"https:\/\/nimedixmedical.com\/fr\/wp-json\/wp\/v2\/product"}],"about":[{"href":"https:\/\/nimedixmedical.com\/fr\/wp-json\/wp\/v2\/types\/product"}],"replies":[{"embeddable":true,"href":"https:\/\/nimedixmedical.com\/fr\/wp-json\/wp\/v2\/comments?post=98521"}],"wp:featuredmedia":[{"embeddable":true,"href":"https:\/\/nimedixmedical.com\/fr\/wp-json\/wp\/v2\/media\/98522"}],"wp:attachment":[{"href":"https:\/\/nimedixmedical.com\/fr\/wp-json\/wp\/v2\/media?parent=98521"}],"wp:term":[{"taxonomy":"product_brand","embeddable":true,"href":"https:\/\/nimedixmedical.com\/fr\/wp-json\/wp\/v2\/product_brand?post=98521"},{"taxonomy":"product_cat","embeddable":true,"href":"https:\/\/nimedixmedical.com\/fr\/wp-json\/wp\/v2\/product_cat?post=98521"},{"taxonomy":"product_tag","embeddable":true,"href":"https:\/\/nimedixmedical.com\/fr\/wp-json\/wp\/v2\/product_tag?post=98521"}],"curies":[{"name":"wp","href":"https:\/\/api.w.org\/{rel}","templated":true}]}}