{"id":98249,"date":"2025-11-30T18:44:52","date_gmt":"2025-11-30T17:44:52","guid":{"rendered":"https:\/\/nimedixmedical.com\/notre-catalogue\/nettoyeur-a-ultrasons-branson-3800-cpxh-57-l\/"},"modified":"2026-01-12T14:37:53","modified_gmt":"2026-01-12T13:37:53","slug":"nettoyeur-a-ultrasons-branson-3800-cpxh-57-l","status":"publish","type":"product","link":"https:\/\/nimedixmedical.com\/fr\/notre-catalogue\/nettoyeur-a-ultrasons-branson-3800-cpxh-57-l\/","title":{"rendered":"Nettoyeur \u00c0 Ultrasons Branson 3800 Cpxh 5,7 L"},"content":{"rendered":"<p>Le nettoyeur \u00e0 ultrasons Branson 3800 CPXH est un \u00e9quipement incontournable pour les professionnels de la sant\u00e9 et de l&#8217;industrie. Gr\u00e2ce \u00e0 sa technologie avanc\u00e9e, il assure un nettoyage en profondeur tout en pr\u00e9servant l&#8217;int\u00e9grit\u00e9 des pi\u00e8ces trait\u00e9es, garantissant ainsi une hygi\u00e8ne optimale.<\/p>\n<h2>Caract\u00e9ristiques<\/h2>\n<ul>\n<li>Capacit\u00e9 de la cuve : 5,7 litres<\/li>\n<li>Dimensions de la cuve : 290 x 150 x 150 mm<\/li>\n<li>Fr\u00e9quence de nettoyage : 40 KHz pour un nettoyage approfondi<\/li>\n<li>Puissance : Double puissance avec contr\u00f4le de la puissance haute\/faible<\/li>\n<li>Minuterie : 60 minutes avec activation automatique des ultrasons<\/li>\n<li>Chauffage programmable avec r\u00e9glage de la temp\u00e9rature en \u00b0C ou \u00b0F<\/li>\n<li>Fonction d\u00e9gazage pour un nettoyage optimal<\/li>\n<li>Inclus : Couvercle de cuve, kit drainage et valve<\/li>\n<li>Poids : 5,4 kg<\/li>\n<\/ul>\n<h2>Livraison<\/h2>\n<ul>\n<li><strong>France :<\/strong> Livraison directe.<\/li>\n<li><strong>Export (Europe et Afrique) :<\/strong> Sur devis.<\/li>\n<\/ul>\n","protected":false},"excerpt":{"rendered":"<ul>\n<li>Usage polyvalent : Nettoyage efficace des pi\u00e8ces de pr\u00e9cision, circuits imprim\u00e9s et autres objets d\u00e9licats.<\/li>\n<li>B\u00e9n\u00e9fice : Technologie avanc\u00e9e avec contr\u00f4le num\u00e9rique pour des r\u00e9sultats optimaux.<\/li>\n<li>Facilit\u00e9 d&#8217;utilisation : Minuterie int\u00e9gr\u00e9e et r\u00e9glage de la temp\u00e9rature pour un nettoyage sur-mesure.<\/li>\n<li>Durabilit\u00e9 : Fabrication de haute qualit\u00e9 garantissant une longue dur\u00e9e de vie du produit.<\/li>\n<\/ul>\n","protected":false},"featured_media":98250,"comment_status":"open","ping_status":"open","template":"","meta":{"inline_featured_image":false},"product_brand":[],"product_cat":[770,769,765],"product_tag":[],"class_list":{"0":"post-98249","1":"product","2":"type-product","3":"status-publish","4":"has-post-thumbnail","6":"product_cat-nettoyeurs-ultrasons-branson","7":"product_cat-nettoyeurs-ultrasons-et-laveurs-de-comptoir","8":"product_cat-sterilisation","10":"first","11":"instock","12":"sale","13":"taxable","14":"shipping-taxable","15":"purchasable","16":"product-type-simple"},"_links":{"self":[{"href":"https:\/\/nimedixmedical.com\/fr\/wp-json\/wp\/v2\/product\/98249","targetHints":{"allow":["GET"]}}],"collection":[{"href":"https:\/\/nimedixmedical.com\/fr\/wp-json\/wp\/v2\/product"}],"about":[{"href":"https:\/\/nimedixmedical.com\/fr\/wp-json\/wp\/v2\/types\/product"}],"replies":[{"embeddable":true,"href":"https:\/\/nimedixmedical.com\/fr\/wp-json\/wp\/v2\/comments?post=98249"}],"wp:featuredmedia":[{"embeddable":true,"href":"https:\/\/nimedixmedical.com\/fr\/wp-json\/wp\/v2\/media\/98250"}],"wp:attachment":[{"href":"https:\/\/nimedixmedical.com\/fr\/wp-json\/wp\/v2\/media?parent=98249"}],"wp:term":[{"taxonomy":"product_brand","embeddable":true,"href":"https:\/\/nimedixmedical.com\/fr\/wp-json\/wp\/v2\/product_brand?post=98249"},{"taxonomy":"product_cat","embeddable":true,"href":"https:\/\/nimedixmedical.com\/fr\/wp-json\/wp\/v2\/product_cat?post=98249"},{"taxonomy":"product_tag","embeddable":true,"href":"https:\/\/nimedixmedical.com\/fr\/wp-json\/wp\/v2\/product_tag?post=98249"}],"curies":[{"name":"wp","href":"https:\/\/api.w.org\/{rel}","templated":true}]}}