{"id":98152,"date":"2025-11-30T18:43:54","date_gmt":"2025-11-30T17:43:54","guid":{"rendered":"https:\/\/nimedixmedical.com\/notre-catalogue\/thermostat-pour-tous-les-modeles-gimette\/"},"modified":"2026-01-12T14:37:23","modified_gmt":"2026-01-12T13:37:23","slug":"thermostat-pour-tous-les-modeles-gimette","status":"publish","type":"product","link":"https:\/\/nimedixmedical.com\/fr\/notre-catalogue\/thermostat-pour-tous-les-modeles-gimette\/","title":{"rendered":"Thermostat pour Tous les Mod\u00e8les Gimette"},"content":{"rendered":"<p>Le thermostat pour Gimette est un composant essentiel permettant de maintenir une temp\u00e9rature stable dans les st\u00e9rilisateurs \u00e0 air chaud. Dans un contexte m\u00e9dical, garantir la pr\u00e9cision de la temp\u00e9rature est crucial pour assurer l&#8217;efficacit\u00e9 des proc\u00e9dures de st\u00e9rilisation et la s\u00e9curit\u00e9 des instruments utilis\u00e9s.<\/p>\n<h2>Caract\u00e9ristiques<\/h2>\n<ul>\n<li>Compatibilit\u00e9 : tous les mod\u00e8les de st\u00e9rilisateurs Gimette.<\/li>\n<li>Plage de temp\u00e9rature : r\u00e9gulation pr\u00e9cise pour des performances optimales.<\/li>\n<li>Installation : facile et rapide, sans besoin d&#8217;outils sp\u00e9cifiques.<\/li>\n<li>Mat\u00e9riaux : con\u00e7u pour r\u00e9sister \u00e0 des conditions de fonctionnement intenses.<\/li>\n<\/ul>\n<h2>Livraison<\/h2>\n<ul>\n<li><strong>France :<\/strong> Livraison directe.<\/li>\n<li><strong>Export (Europe et Afrique) :<\/strong> Sur devis.<\/li>\n<\/ul>\n","protected":false},"excerpt":{"rendered":"<ul>\n<li>Compatible avec tous les mod\u00e8les Gimette pour une utilisation polyvalente.<\/li>\n<li>Assure une r\u00e9gulation pr\u00e9cise de la temp\u00e9rature pour une st\u00e9rilisation efficace.<\/li>\n<li>Facile \u00e0 installer et \u00e0 remplacer, garantissant un fonctionnement optimal de votre appareil.<\/li>\n<li>Contribue \u00e0 la s\u00e9curit\u00e9 et \u00e0 la fiabilit\u00e9 des processus de st\u00e9rilisation.<\/li>\n<\/ul>\n","protected":false},"featured_media":98153,"comment_status":"open","ping_status":"open","template":"","meta":{"inline_featured_image":false},"product_brand":[],"product_cat":[768,765],"product_tag":[],"class_list":{"0":"post-98152","1":"product","2":"type-product","3":"status-publish","4":"has-post-thumbnail","6":"product_cat-sterilisateurs-a-air-chaud","7":"product_cat-sterilisation","9":"first","10":"instock","11":"sale","12":"taxable","13":"shipping-taxable","14":"purchasable","15":"product-type-simple"},"_links":{"self":[{"href":"https:\/\/nimedixmedical.com\/fr\/wp-json\/wp\/v2\/product\/98152","targetHints":{"allow":["GET"]}}],"collection":[{"href":"https:\/\/nimedixmedical.com\/fr\/wp-json\/wp\/v2\/product"}],"about":[{"href":"https:\/\/nimedixmedical.com\/fr\/wp-json\/wp\/v2\/types\/product"}],"replies":[{"embeddable":true,"href":"https:\/\/nimedixmedical.com\/fr\/wp-json\/wp\/v2\/comments?post=98152"}],"wp:featuredmedia":[{"embeddable":true,"href":"https:\/\/nimedixmedical.com\/fr\/wp-json\/wp\/v2\/media\/98153"}],"wp:attachment":[{"href":"https:\/\/nimedixmedical.com\/fr\/wp-json\/wp\/v2\/media?parent=98152"}],"wp:term":[{"taxonomy":"product_brand","embeddable":true,"href":"https:\/\/nimedixmedical.com\/fr\/wp-json\/wp\/v2\/product_brand?post=98152"},{"taxonomy":"product_cat","embeddable":true,"href":"https:\/\/nimedixmedical.com\/fr\/wp-json\/wp\/v2\/product_cat?post=98152"},{"taxonomy":"product_tag","embeddable":true,"href":"https:\/\/nimedixmedical.com\/fr\/wp-json\/wp\/v2\/product_tag?post=98152"}],"curies":[{"name":"wp","href":"https:\/\/api.w.org\/{rel}","templated":true}]}}