{"id":98088,"date":"2025-11-30T18:43:30","date_gmt":"2025-11-30T17:43:30","guid":{"rendered":"https:\/\/nimedixmedical.com\/notre-catalogue\/protecteurs-dinstruments-3m-attest-89x168-cm-13913\/"},"modified":"2026-01-12T14:37:08","modified_gmt":"2026-01-12T13:37:08","slug":"protecteurs-dinstruments-3m-attest-89x168-cm-13913","status":"publish","type":"product","link":"https:\/\/nimedixmedical.com\/fr\/notre-catalogue\/protecteurs-dinstruments-3m-attest-89x168-cm-13913\/","title":{"rendered":"Protecteurs D&#8217;instruments 3M Attest 8,9&#215;16,8 cm &#8211; 13913"},"content":{"rendered":"<p>Les protecteurs d&#8217;instruments 3M\u2122 ATTEST\u2122 sont con\u00e7us pour assurer la s\u00e9curit\u00e9 des instruments chirurgicaux lors de leur st\u00e9rilisation. Gr\u00e2ce \u00e0 leur conception, ils minimisent les risques de perforation et garantissent une st\u00e9rilisation efficace, tout en offrant une v\u00e9rification visuelle de la proc\u00e9dure.<\/p>\n<h2>Caract\u00e9ristiques<\/h2>\n<ul>\n<li>Dimensions : 8,9 x 16,5 cm<\/li>\n<li>Quantit\u00e9 : Bo\u00eete de 1 000 unit\u00e9s<\/li>\n<li>Mat\u00e9riaux : Sans plomb pour une utilisation s\u00e9curis\u00e9e<\/li>\n<li>Indicateurs de st\u00e9rilisation : Pr\u00e9sents pour v\u00e9rifier l&#8217;efficacit\u00e9 de la st\u00e9rilisation<\/li>\n<\/ul>\n<h2>Livraison<\/h2>\n<ul>\n<li><strong>France :<\/strong> Livraison directe.<\/li>\n<li><strong>Export (Europe et Afrique) :<\/strong> Sur devis.<\/li>\n<\/ul>\n","protected":false},"excerpt":{"rendered":"<ul>\n<li>Usage : Protection des bords pointus et coupants des instruments chirurgicaux pendant la st\u00e9rilisation.<\/li>\n<li>B\u00e9n\u00e9fice : R\u00e9duction du risque de perforation du sachet lors de la st\u00e9rilisation \u00e0 vapeur ou EtO.<\/li>\n<li>Indicateurs de st\u00e9rilisation : V\u00e9rifient l&#8217;efficacit\u00e9 de la st\u00e9rilisation par vapeur ou gaz d&#8217;oxyde d&#8217;\u00e9thyl\u00e8ne.<\/li>\n<li>Sans plomb : Conformit\u00e9 aux normes de s\u00e9curit\u00e9.<\/li>\n<\/ul>\n","protected":false},"featured_media":98089,"comment_status":"open","ping_status":"open","template":"","meta":{"inline_featured_image":false},"product_brand":[],"product_cat":[765,767],"product_tag":[],"class_list":{"0":"post-98088","1":"product","2":"type-product","3":"status-publish","4":"has-post-thumbnail","6":"product_cat-sterilisation","7":"product_cat-tests-sterilisation","9":"first","10":"instock","11":"sale","12":"taxable","13":"shipping-taxable","14":"purchasable","15":"product-type-simple"},"_links":{"self":[{"href":"https:\/\/nimedixmedical.com\/fr\/wp-json\/wp\/v2\/product\/98088","targetHints":{"allow":["GET"]}}],"collection":[{"href":"https:\/\/nimedixmedical.com\/fr\/wp-json\/wp\/v2\/product"}],"about":[{"href":"https:\/\/nimedixmedical.com\/fr\/wp-json\/wp\/v2\/types\/product"}],"replies":[{"embeddable":true,"href":"https:\/\/nimedixmedical.com\/fr\/wp-json\/wp\/v2\/comments?post=98088"}],"wp:featuredmedia":[{"embeddable":true,"href":"https:\/\/nimedixmedical.com\/fr\/wp-json\/wp\/v2\/media\/98089"}],"wp:attachment":[{"href":"https:\/\/nimedixmedical.com\/fr\/wp-json\/wp\/v2\/media?parent=98088"}],"wp:term":[{"taxonomy":"product_brand","embeddable":true,"href":"https:\/\/nimedixmedical.com\/fr\/wp-json\/wp\/v2\/product_brand?post=98088"},{"taxonomy":"product_cat","embeddable":true,"href":"https:\/\/nimedixmedical.com\/fr\/wp-json\/wp\/v2\/product_cat?post=98088"},{"taxonomy":"product_tag","embeddable":true,"href":"https:\/\/nimedixmedical.com\/fr\/wp-json\/wp\/v2\/product_tag?post=98088"}],"curies":[{"name":"wp","href":"https:\/\/api.w.org\/{rel}","templated":true}]}}