{"id":97955,"date":"2025-11-30T18:41:56","date_gmt":"2025-11-30T17:41:56","guid":{"rendered":"https:\/\/nimedixmedical.com\/notre-catalogue\/brassard-petit-6-11-cm-pour-32902-80550\/"},"modified":"2026-01-12T14:36:29","modified_gmt":"2026-01-12T13:36:29","slug":"brassard-petit-6-11-cm-pour-32902-80550","status":"publish","type":"product","link":"https:\/\/nimedixmedical.com\/fr\/notre-catalogue\/brassard-petit-6-11-cm-pour-32902-80550\/","title":{"rendered":"Brassard Petit 6-11 cm pour 32902, 80550"},"content":{"rendered":"<p>Le brassard petit pour tensiom\u00e8tre \u00e9lectronique est sp\u00e9cialement con\u00e7u pour une utilisation chez les enfants et les petits animaux. Son ajustement pr\u00e9cis permet des mesures fiables, essentielles pour le suivi m\u00e9dical.<\/p>\n<h2>Caract\u00e9ristiques<\/h2>\n<ul>\n<li>Dimensions : 6 &#8211; 11 cm de tour de bras.<\/li>\n<li>Compatible avec les tensiom\u00e8tres v\u00e9t\u00e9rinaires codes 32902 et 80550.<\/li>\n<li>Con\u00e7u pour une utilisation sur les enfants et les petits animaux tels que les chats et les chiots.<\/li>\n<li>Facilit\u00e9 d&#8217;utilisation pour des mesures de tension art\u00e9rielle pr\u00e9cises.<\/li>\n<\/ul>\n<h2>Livraison<\/h2>\n<ul>\n<li><strong>France :<\/strong> Livraison directe.<\/li>\n<li><strong>Export (Europe et Afrique) :<\/strong> Sur devis.<\/li>\n<\/ul>\n","protected":false},"excerpt":{"rendered":"<ul>\n<li>Brassard adapt\u00e9 pour les enfants de 6 \u00e0 11 cm de tour de bras.<\/li>\n<li>Compatible avec les tensiom\u00e8tres codes 32902 et 80550.<\/li>\n<li>Id\u00e9al pour les suivis de sant\u00e9 des petits animaux comme les chats et chiots.<\/li>\n<li>Facilite la prise de tension art\u00e9rielle de mani\u00e8re pr\u00e9cise et s\u00e9curis\u00e9e.<\/li>\n<\/ul>\n","protected":false},"featured_media":97956,"comment_status":"open","ping_status":"open","template":"","meta":{"inline_featured_image":false},"product_brand":[],"product_cat":[746,757,759],"product_tag":[],"class_list":{"0":"post-97955","1":"product","2":"type-product","3":"status-publish","4":"has-post-thumbnail","6":"product_cat-appareils-veterinaires","7":"product_cat-diagnostic-veterinaire","8":"product_cat-tensiometre-veterinaire","10":"first","11":"outofstock","12":"sale","13":"taxable","14":"shipping-taxable","15":"purchasable","16":"product-type-simple"},"_links":{"self":[{"href":"https:\/\/nimedixmedical.com\/fr\/wp-json\/wp\/v2\/product\/97955","targetHints":{"allow":["GET"]}}],"collection":[{"href":"https:\/\/nimedixmedical.com\/fr\/wp-json\/wp\/v2\/product"}],"about":[{"href":"https:\/\/nimedixmedical.com\/fr\/wp-json\/wp\/v2\/types\/product"}],"replies":[{"embeddable":true,"href":"https:\/\/nimedixmedical.com\/fr\/wp-json\/wp\/v2\/comments?post=97955"}],"wp:featuredmedia":[{"embeddable":true,"href":"https:\/\/nimedixmedical.com\/fr\/wp-json\/wp\/v2\/media\/97956"}],"wp:attachment":[{"href":"https:\/\/nimedixmedical.com\/fr\/wp-json\/wp\/v2\/media?parent=97955"}],"wp:term":[{"taxonomy":"product_brand","embeddable":true,"href":"https:\/\/nimedixmedical.com\/fr\/wp-json\/wp\/v2\/product_brand?post=97955"},{"taxonomy":"product_cat","embeddable":true,"href":"https:\/\/nimedixmedical.com\/fr\/wp-json\/wp\/v2\/product_cat?post=97955"},{"taxonomy":"product_tag","embeddable":true,"href":"https:\/\/nimedixmedical.com\/fr\/wp-json\/wp\/v2\/product_tag?post=97955"}],"curies":[{"name":"wp","href":"https:\/\/api.w.org\/{rel}","templated":true}]}}