{"id":97890,"date":"2025-11-30T18:41:31","date_gmt":"2025-11-30T17:41:31","guid":{"rendered":"https:\/\/nimedixmedical.com\/notre-catalogue\/moniteur-veterinaire-multiparametres-gima-bm3\/"},"modified":"2026-01-12T14:36:16","modified_gmt":"2026-01-12T13:36:16","slug":"moniteur-veterinaire-multiparametres-gima-bm3","status":"publish","type":"product","link":"https:\/\/nimedixmedical.com\/fr\/notre-catalogue\/moniteur-veterinaire-multiparametres-gima-bm3\/","title":{"rendered":"Moniteur V\u00e9t\u00e9rinaire Multiparam\u00e8tres GIMA Bm3"},"content":{"rendered":"<p>Le Moniteur V\u00e9t\u00e9rinaire Multiparam\u00e8tres GIMA BM3 est un appareil essentiel pour le suivi de la sant\u00e9 animale. Con\u00e7u pour les v\u00e9t\u00e9rinaires, il permet d&#8217;analyser divers param\u00e8tres vitaux avec pr\u00e9cision, garantissant ainsi un diagnostic rapide et efficace.<\/p>\n<h2>Caract\u00e9ristiques<\/h2>\n<ul>\n<li>\u00c9cran couleur 7\u201d TFT LCD pour un affichage optimal.<\/li>\n<li>Mesure SpO2 avec d\u00e9tection de basse perfusion et signal acoustique du pouls.<\/li>\n<li>Stockage de donn\u00e9es de 128 heures et 20 cas d&#8217;alarme d&#8217;onde enregistr\u00e9s.<\/li>\n<li>Connectivit\u00e9 LAN ou W-LAN pour int\u00e9gration dans un syst\u00e8me central.<\/li>\n<li>Batterie Li-ion rechargeable avec une dur\u00e9e de vie de 1,5 heures.<\/li>\n<li>Analyse ECG de haute performance avec d\u00e9tection des arythmies.<\/li>\n<li>Compatible avec plusieurs langues pour une utilisation internationale.<\/li>\n<\/ul>\n<h2>Livraison<\/h2>\n<ul>\n<li><strong>France :<\/strong> Livraison directe.<\/li>\n<li><strong>Export (Europe et Afrique) :<\/strong> Sur devis.<\/li>\n<\/ul>\n","protected":false},"excerpt":{"rendered":"<ul>\n<li>Moniteur multiparam\u00e8tres pour un suivi avanc\u00e9 des animaux.<\/li>\n<li>\u00c9cran couleur 7\u201d pour une visualisation claire des donn\u00e9es vitales.<\/li>\n<li>Stockage de donn\u00e9es de 128 heures pour une analyse approfondie.<\/li>\n<li>Fonctionnalit\u00e9s d&#8217;analyse ECG pour une \u00e9valuation pr\u00e9cise de la sant\u00e9 cardiaque.<\/li>\n<\/ul>\n","protected":false},"featured_media":97891,"comment_status":"open","ping_status":"open","template":"","meta":{"inline_featured_image":false},"product_brand":[],"product_cat":[746,753,754],"product_tag":[],"class_list":{"0":"post-97890","1":"product","2":"type-product","3":"status-publish","4":"has-post-thumbnail","6":"product_cat-appareils-veterinaires","7":"product_cat-ecg-veterinaires-moniteurs-echographes-veterinaires","8":"product_cat-moniteurs-veterinaires","10":"first","11":"outofstock","12":"sale","13":"taxable","14":"shipping-taxable","15":"purchasable","16":"product-type-simple"},"_links":{"self":[{"href":"https:\/\/nimedixmedical.com\/fr\/wp-json\/wp\/v2\/product\/97890","targetHints":{"allow":["GET"]}}],"collection":[{"href":"https:\/\/nimedixmedical.com\/fr\/wp-json\/wp\/v2\/product"}],"about":[{"href":"https:\/\/nimedixmedical.com\/fr\/wp-json\/wp\/v2\/types\/product"}],"replies":[{"embeddable":true,"href":"https:\/\/nimedixmedical.com\/fr\/wp-json\/wp\/v2\/comments?post=97890"}],"wp:featuredmedia":[{"embeddable":true,"href":"https:\/\/nimedixmedical.com\/fr\/wp-json\/wp\/v2\/media\/97891"}],"wp:attachment":[{"href":"https:\/\/nimedixmedical.com\/fr\/wp-json\/wp\/v2\/media?parent=97890"}],"wp:term":[{"taxonomy":"product_brand","embeddable":true,"href":"https:\/\/nimedixmedical.com\/fr\/wp-json\/wp\/v2\/product_brand?post=97890"},{"taxonomy":"product_cat","embeddable":true,"href":"https:\/\/nimedixmedical.com\/fr\/wp-json\/wp\/v2\/product_cat?post=97890"},{"taxonomy":"product_tag","embeddable":true,"href":"https:\/\/nimedixmedical.com\/fr\/wp-json\/wp\/v2\/product_tag?post=97890"}],"curies":[{"name":"wp","href":"https:\/\/api.w.org\/{rel}","templated":true}]}}