{"id":97787,"date":"2025-11-30T18:39:59","date_gmt":"2025-11-30T17:39:59","guid":{"rendered":"https:\/\/nimedixmedical.com\/notre-catalogue\/kit-capteur-spo2-veterinaire-rechange-pour-34343\/"},"modified":"2026-01-12T14:35:43","modified_gmt":"2026-01-12T13:35:43","slug":"kit-capteur-spo2-veterinaire-rechange-pour-34343","status":"publish","type":"product","link":"https:\/\/nimedixmedical.com\/fr\/notre-catalogue\/kit-capteur-spo2-veterinaire-rechange-pour-34343\/","title":{"rendered":"Kit Capteur Spo2 V\u00e9t\u00e9rinaire &#8211; Rechange pour 34343"},"content":{"rendered":"<p>Le kit capteur SpO2 v\u00e9t\u00e9rinaire est con\u00e7u pour am\u00e9liorer le suivi de la saturation en oxyg\u00e8ne chez les animaux. Adapt\u00e9 aux besoins sp\u00e9cifiques des v\u00e9t\u00e9rinaires, il assure un diagnostic pr\u00e9cis et rapide pour une meilleure prise en charge des patients.<\/p>\n<h2>Caract\u00e9ristiques<\/h2>\n<ul>\n<li>Comprend 2 capteurs de type Y adapt\u00e9s aux petits et grands animaux.<\/li>\n<li>Jeu de 3 adaptateurs en caoutchouc : petite langue, grande langue, bande pour oreille, membre ou queue.<\/li>\n<li>Facilit\u00e9 d&#8217;utilisation pour un suivi optimal de la sant\u00e9 animale.<\/li>\n<li>Compatible avec l&#8217;oxym\u00e8tre v\u00e9t\u00e9rinaire mod\u00e8le 34343.<\/li>\n<\/ul>\n<h2>Livraison<\/h2>\n<ul>\n<li><strong>France :<\/strong> Livraison directe.<\/li>\n<li><strong>Export (Europe et Afrique) :<\/strong> Sur devis.<\/li>\n<\/ul>\n","protected":false},"excerpt":{"rendered":"<ul>\n<li>Compatible avec l&#8217;oxym\u00e8tre v\u00e9t\u00e9rinaire mod\u00e8le 34343.<\/li>\n<li>Comprend deux capteurs de type Y pour une utilisation sur petits et grands animaux.<\/li>\n<li>Inclus un jeu de 3 adaptateurs pour une application sur diff\u00e9rentes zones corporelles.<\/li>\n<li>Facilite le suivi de la saturation en oxyg\u00e8ne pour un meilleur diagnostic.<\/li>\n<\/ul>\n","protected":false},"featured_media":97788,"comment_status":"open","ping_status":"open","template":"","meta":{"inline_featured_image":false},"product_brand":[],"product_cat":[746,749],"product_tag":[],"class_list":{"0":"post-97787","1":"product","2":"type-product","3":"status-publish","4":"has-post-thumbnail","6":"product_cat-appareils-veterinaires","7":"product_cat-oxymetres-capnographes-veterinaires","9":"first","10":"instock","11":"sale","12":"taxable","13":"shipping-taxable","14":"purchasable","15":"product-type-simple"},"_links":{"self":[{"href":"https:\/\/nimedixmedical.com\/fr\/wp-json\/wp\/v2\/product\/97787","targetHints":{"allow":["GET"]}}],"collection":[{"href":"https:\/\/nimedixmedical.com\/fr\/wp-json\/wp\/v2\/product"}],"about":[{"href":"https:\/\/nimedixmedical.com\/fr\/wp-json\/wp\/v2\/types\/product"}],"replies":[{"embeddable":true,"href":"https:\/\/nimedixmedical.com\/fr\/wp-json\/wp\/v2\/comments?post=97787"}],"wp:featuredmedia":[{"embeddable":true,"href":"https:\/\/nimedixmedical.com\/fr\/wp-json\/wp\/v2\/media\/97788"}],"wp:attachment":[{"href":"https:\/\/nimedixmedical.com\/fr\/wp-json\/wp\/v2\/media?parent=97787"}],"wp:term":[{"taxonomy":"product_brand","embeddable":true,"href":"https:\/\/nimedixmedical.com\/fr\/wp-json\/wp\/v2\/product_brand?post=97787"},{"taxonomy":"product_cat","embeddable":true,"href":"https:\/\/nimedixmedical.com\/fr\/wp-json\/wp\/v2\/product_cat?post=97787"},{"taxonomy":"product_tag","embeddable":true,"href":"https:\/\/nimedixmedical.com\/fr\/wp-json\/wp\/v2\/product_tag?post=97787"}],"curies":[{"name":"wp","href":"https:\/\/api.w.org\/{rel}","templated":true}]}}