{"id":97745,"date":"2025-11-30T18:39:59","date_gmt":"2025-11-30T17:39:59","guid":{"rendered":"https:\/\/nimedixmedical.com\/notre-catalogue\/diatermo-mb-160d-vet-mono-bipolaire-160-watt\/"},"modified":"2026-01-12T14:35:29","modified_gmt":"2026-01-12T13:35:29","slug":"diatermo-mb-160d-vet-mono-bipolaire-160-watt","status":"publish","type":"product","link":"https:\/\/nimedixmedical.com\/fr\/notre-catalogue\/diatermo-mb-160d-vet-mono-bipolaire-160-watt\/","title":{"rendered":"Diatermo Mb 160d Vet &#8211; Mono-bipolaire &#8211; 160 Watt"},"content":{"rendered":"<p>Le DIATERMO MB 160D VET est une unit\u00e9 \u00e9lectrochirurgicale de haute fr\u00e9quence con\u00e7ue sp\u00e9cifiquement pour les petites et moyennes interventions chirurgicales v\u00e9t\u00e9rinaires. Ce dispositif garantit une pr\u00e9cision et une s\u00e9curit\u00e9 optimales gr\u00e2ce \u00e0 sa technologie avanc\u00e9e.<\/p>\n<h2>Caract\u00e9ristiques<\/h2>\n<ul>\n<li>Puissance de sortie max. : 160 W en mode CUT, 120 W en mode BLEND, 100 W en mode FORCED COAG, 80 W en mode SOFT COAG, 60 W en mode BIPOLAR.<\/li>\n<li>Fr\u00e9quence de fonctionnement : 600 kHz.<\/li>\n<li>Fonctionnalit\u00e9s : M\u00e9morisation des derniers r\u00e9glages, activation de la puissance par poign\u00e9e ou p\u00e9dale.<\/li>\n<li>Dimensions : 254 x 104 x 288 mm, poids : 5 kg.<\/li>\n<li>S\u00e9curit\u00e9 : Conformit\u00e9 aux normes EN60601-1, EN60601-1-2, EN60601-2-2.<\/li>\n<\/ul>\n<h2>Livraison<\/h2>\n<ul>\n<li><strong>France :<\/strong> Livraison directe.<\/li>\n<li><strong>Export (Europe et Afrique) :<\/strong> Sur devis.<\/li>\n<\/ul>\n","protected":false},"excerpt":{"rendered":"<ul>\n<li>Usage : Unit\u00e9 \u00e9lectrochirurgicale haute fr\u00e9quence pour petites et moyennes chirurgies v\u00e9t\u00e9rinaires.<\/li>\n<li>B\u00e9n\u00e9fice : Pr\u00e9cision chirurgicale avec options de coupe pure, mixte et coagulation bipolaire.<\/li>\n<li>Ergonomie : Contr\u00f4le facile de la puissance via poign\u00e9e, permettant de rester concentr\u00e9 sur le champ op\u00e9ratoire.<\/li>\n<li>S\u00e9curit\u00e9 : Surveillance continue du circuit patient et conformit\u00e9 aux normes de s\u00e9curit\u00e9.<\/li>\n<\/ul>\n","protected":false},"featured_media":97746,"comment_status":"open","ping_status":"open","template":"","meta":{"inline_featured_image":false},"product_brand":[],"product_cat":[746,747],"product_tag":[],"class_list":{"0":"post-97745","1":"product","2":"type-product","3":"status-publish","4":"has-post-thumbnail","6":"product_cat-appareils-veterinaires","7":"product_cat-unites-electrochirurgicales-veterinaires","9":"first","10":"instock","11":"sale","12":"taxable","13":"shipping-taxable","14":"purchasable","15":"product-type-simple"},"_links":{"self":[{"href":"https:\/\/nimedixmedical.com\/fr\/wp-json\/wp\/v2\/product\/97745","targetHints":{"allow":["GET"]}}],"collection":[{"href":"https:\/\/nimedixmedical.com\/fr\/wp-json\/wp\/v2\/product"}],"about":[{"href":"https:\/\/nimedixmedical.com\/fr\/wp-json\/wp\/v2\/types\/product"}],"replies":[{"embeddable":true,"href":"https:\/\/nimedixmedical.com\/fr\/wp-json\/wp\/v2\/comments?post=97745"}],"wp:featuredmedia":[{"embeddable":true,"href":"https:\/\/nimedixmedical.com\/fr\/wp-json\/wp\/v2\/media\/97746"}],"wp:attachment":[{"href":"https:\/\/nimedixmedical.com\/fr\/wp-json\/wp\/v2\/media?parent=97745"}],"wp:term":[{"taxonomy":"product_brand","embeddable":true,"href":"https:\/\/nimedixmedical.com\/fr\/wp-json\/wp\/v2\/product_brand?post=97745"},{"taxonomy":"product_cat","embeddable":true,"href":"https:\/\/nimedixmedical.com\/fr\/wp-json\/wp\/v2\/product_cat?post=97745"},{"taxonomy":"product_tag","embeddable":true,"href":"https:\/\/nimedixmedical.com\/fr\/wp-json\/wp\/v2\/product_tag?post=97745"}],"curies":[{"name":"wp","href":"https:\/\/api.w.org\/{rel}","templated":true}]}}