{"id":97706,"date":"2025-11-30T18:39:11","date_gmt":"2025-11-30T17:39:11","guid":{"rendered":"https:\/\/nimedixmedical.com\/notre-catalogue\/mannequin-ambu-man-basic\/"},"modified":"2026-01-12T14:35:21","modified_gmt":"2026-01-12T13:35:21","slug":"mannequin-ambu-man-basic","status":"publish","type":"product","link":"https:\/\/nimedixmedical.com\/fr\/notre-catalogue\/mannequin-ambu-man-basic\/","title":{"rendered":"Mannequin Ambu Man Basic"},"content":{"rendered":"<p>Le mannequin Ambu Man Basic est un outil essentiel pour les formations en r\u00e9animation cardio-pulmonaire. Con\u00e7u pour offrir une exp\u00e9rience d&#8217;apprentissage pratique et r\u00e9aliste, il aide les \u00e9tudiants \u00e0 ma\u00eetriser les techniques de sauvetage vitales, comme l&#8217;utilisation d&#8217;un d\u00e9fibrillateur et la r\u00e9alisation de compressions thoraciques.<\/p>\n<h2>Caract\u00e9ristiques<\/h2>\n<ul>\n<li>Torse ferm\u00e9 avec rep\u00e8res anatomiques corrects.<\/li>\n<li>Ventilation r\u00e9aliste par bouche \u00e0 bouche et bouche \u00e0 nez.<\/li>\n<li>Indicateurs de compression et de ventilation pour un suivi pr\u00e9cis.<\/li>\n<li>Dimensions : 70 x 37 cm, poids : 6,0 kg.<\/li>\n<li>Syst\u00e8me hygi\u00e9nique Ambu int\u00e9gr\u00e9, pr\u00e9venant la contamination crois\u00e9e.<\/li>\n<li>Max profondeur de compression : 7,5 cm, max insufflation : 1,2 litres.<\/li>\n<li>Facilit\u00e9 de transport gr\u00e2ce \u00e0 un sac d\u00e9di\u00e9.<\/li>\n<\/ul>\n<h2>Livraison<\/h2>\n<ul>\n<li><strong>France :<\/strong> Livraison directe.<\/li>\n<li><strong>Export (Europe et Afrique) :<\/strong> Sur devis.<\/li>\n<\/ul>\n","protected":false},"excerpt":{"rendered":"<ul>\n<li>Mannequin d&#8217;enseignement fiable pour la formation \u00e0 la r\u00e9animation cardio-pulmonaire (RCP).<\/li>\n<li>Permet une simulation r\u00e9aliste de la ventilation et des compressions thoraciques.<\/li>\n<li>Syst\u00e8me hygi\u00e9nique pr\u00e9venant toute contamination crois\u00e9e.<\/li>\n<li>Indicateurs de performance pour suivre les bonnes pratiques en temps r\u00e9el.<\/li>\n<\/ul>\n","protected":false},"featured_media":97707,"comment_status":"open","ping_status":"open","template":"","meta":{"inline_featured_image":false},"product_brand":[],"product_cat":[737,745],"product_tag":[],"class_list":{"0":"post-97706","1":"product","2":"type-product","3":"status-publish","4":"has-post-thumbnail","6":"product_cat-formation","7":"product_cat-mannequins-de-formation","9":"first","10":"instock","11":"sale","12":"taxable","13":"shipping-taxable","14":"purchasable","15":"product-type-simple"},"_links":{"self":[{"href":"https:\/\/nimedixmedical.com\/fr\/wp-json\/wp\/v2\/product\/97706","targetHints":{"allow":["GET"]}}],"collection":[{"href":"https:\/\/nimedixmedical.com\/fr\/wp-json\/wp\/v2\/product"}],"about":[{"href":"https:\/\/nimedixmedical.com\/fr\/wp-json\/wp\/v2\/types\/product"}],"replies":[{"embeddable":true,"href":"https:\/\/nimedixmedical.com\/fr\/wp-json\/wp\/v2\/comments?post=97706"}],"wp:featuredmedia":[{"embeddable":true,"href":"https:\/\/nimedixmedical.com\/fr\/wp-json\/wp\/v2\/media\/97707"}],"wp:attachment":[{"href":"https:\/\/nimedixmedical.com\/fr\/wp-json\/wp\/v2\/media?parent=97706"}],"wp:term":[{"taxonomy":"product_brand","embeddable":true,"href":"https:\/\/nimedixmedical.com\/fr\/wp-json\/wp\/v2\/product_brand?post=97706"},{"taxonomy":"product_cat","embeddable":true,"href":"https:\/\/nimedixmedical.com\/fr\/wp-json\/wp\/v2\/product_cat?post=97706"},{"taxonomy":"product_tag","embeddable":true,"href":"https:\/\/nimedixmedical.com\/fr\/wp-json\/wp\/v2\/product_tag?post=97706"}],"curies":[{"name":"wp","href":"https:\/\/api.w.org\/{rel}","templated":true}]}}