{"id":97694,"date":"2025-11-30T18:39:11","date_gmt":"2025-11-30T17:39:11","guid":{"rendered":"https:\/\/nimedixmedical.com\/notre-catalogue\/mannequin-cpr-practi-man-advance\/"},"modified":"2026-01-12T14:35:18","modified_gmt":"2026-01-12T13:35:18","slug":"mannequin-cpr-practi-man-advance","status":"publish","type":"product","link":"https:\/\/nimedixmedical.com\/fr\/notre-catalogue\/mannequin-cpr-practi-man-advance\/","title":{"rendered":"Mannequin Cpr Practi-man Advance"},"content":{"rendered":"<p>Le Mannequin CPR Practi-Man Advance est sp\u00e9cialement con\u00e7u pour offrir une formation compl\u00e8te en r\u00e9animation cardio-pulmonaire (RCP) tant pour les adultes que pour les enfants. Il est un outil essentiel pour les professionnels de la sant\u00e9 et les formateurs en secourisme.<\/p>\n<h2>Caract\u00e9ristiques<\/h2>\n<ul>\n<li>Formation RCP pour adultes et enfants avec un seul mannequin.<\/li>\n<li>S\u00e9lecteur \u00e0 3 positions : adultes, enfants, tests.<\/li>\n<li>Syst\u00e8me r\u00e9aliste des fonctions respiratoires.<\/li>\n<li>Manoeuvre de subluxation de la m\u00e2choire pour une formation compl\u00e8te.<\/li>\n<li>Formation DAE incluse.<\/li>\n<li>Comprend 1 mannequin Practi-Man, 5 poumons, 2 soupapes, et un sac de transport avec tapis.<\/li>\n<li>Mode d\u2019emploi multilingue (GB, FR*, IT, ES*, PT*, DE*).<\/li>\n<li>(*Disponibilit\u00e9 sur www.gimaitaly.com)<\/li>\n<\/ul>\n<h2>Livraison<\/h2>\n<ul>\n<li><strong>France :<\/strong> Livraison directe.<\/li>\n<li><strong>Export (Europe et Afrique) :<\/strong> Sur devis.<\/li>\n<\/ul>\n","protected":false},"excerpt":{"rendered":"<ul>\n<li>Formation RCP pour adultes et enfants avec un seul mannequin.<\/li>\n<li>Syst\u00e8me r\u00e9aliste des fonctions respiratoires pour un apprentissage efficace.<\/li>\n<li>Facilit\u00e9 de transport gr\u00e2ce \u00e0 son sac inclus avec tapis.<\/li>\n<li>Manoeuvre de subluxation de la m\u00e2choire pour une formation compl\u00e8te.<\/li>\n<\/ul>\n","protected":false},"featured_media":97695,"comment_status":"open","ping_status":"open","template":"","meta":{"inline_featured_image":false},"product_brand":[],"product_cat":[737,745],"product_tag":[],"class_list":{"0":"post-97694","1":"product","2":"type-product","3":"status-publish","4":"has-post-thumbnail","6":"product_cat-formation","7":"product_cat-mannequins-de-formation","9":"first","10":"outofstock","11":"sale","12":"taxable","13":"shipping-taxable","14":"purchasable","15":"product-type-simple"},"_links":{"self":[{"href":"https:\/\/nimedixmedical.com\/fr\/wp-json\/wp\/v2\/product\/97694","targetHints":{"allow":["GET"]}}],"collection":[{"href":"https:\/\/nimedixmedical.com\/fr\/wp-json\/wp\/v2\/product"}],"about":[{"href":"https:\/\/nimedixmedical.com\/fr\/wp-json\/wp\/v2\/types\/product"}],"replies":[{"embeddable":true,"href":"https:\/\/nimedixmedical.com\/fr\/wp-json\/wp\/v2\/comments?post=97694"}],"wp:featuredmedia":[{"embeddable":true,"href":"https:\/\/nimedixmedical.com\/fr\/wp-json\/wp\/v2\/media\/97695"}],"wp:attachment":[{"href":"https:\/\/nimedixmedical.com\/fr\/wp-json\/wp\/v2\/media?parent=97694"}],"wp:term":[{"taxonomy":"product_brand","embeddable":true,"href":"https:\/\/nimedixmedical.com\/fr\/wp-json\/wp\/v2\/product_brand?post=97694"},{"taxonomy":"product_cat","embeddable":true,"href":"https:\/\/nimedixmedical.com\/fr\/wp-json\/wp\/v2\/product_cat?post=97694"},{"taxonomy":"product_tag","embeddable":true,"href":"https:\/\/nimedixmedical.com\/fr\/wp-json\/wp\/v2\/product_tag?post=97694"}],"curies":[{"name":"wp","href":"https:\/\/api.w.org\/{rel}","templated":true}]}}