{"id":97653,"date":"2025-11-30T18:38:33","date_gmt":"2025-11-30T17:38:33","guid":{"rendered":"https:\/\/nimedixmedical.com\/notre-catalogue\/caries-dentaires-7-pieces-4x\/"},"modified":"2026-01-12T14:35:03","modified_gmt":"2026-01-12T13:35:03","slug":"caries-dentaires-7-pieces-4x","status":"publish","type":"product","link":"https:\/\/nimedixmedical.com\/fr\/notre-catalogue\/caries-dentaires-7-pieces-4x\/","title":{"rendered":"Caries Dentaires &#8211; 7 Pi\u00e8ces &#8211; 4x"},"content":{"rendered":"<p>Ce mod\u00e8le anatomique est un outil essentiel pour les professionnels de la sant\u00e9 dentaire. Il illustre les diff\u00e9rentes \u00e9tapes de la carie dentaire, permettant aux \u00e9tudiants et praticiens d&#8217;analyser les effets de la d\u00e9gradation dentaire.<\/p>\n<h2>Caract\u00e9ristiques<\/h2>\n<ul>\n<li>Mod\u00e8le en 7 parties avec une \u00e9chelle de 4\/1.<\/li>\n<li>Comprend 3 dents montrant la progression de la carie.<\/li>\n<li>Dimensions : 12 x 6 x h 6 cm.<\/li>\n<li>Poids : environ 300 g.<\/li>\n<\/ul>\n<h2>Livraison<\/h2>\n<ul>\n<li><strong>France :<\/strong> Livraison directe.<\/li>\n<li><strong>Export (Europe et Afrique) :<\/strong> Sur devis.<\/li>\n<\/ul>\n","protected":false},"excerpt":{"rendered":"<ul>\n<li>Mod\u00e8le \u00e9ducatif pour la formation en dentisterie.<\/li>\n<li>Visualisation claire des stades de la carie dentaire.<\/li>\n<li>Outil id\u00e9al pour sensibiliser aux soins dentaires.<\/li>\n<li>Favorise une meilleure compr\u00e9hension des pathologies dentaires.<\/li>\n<\/ul>\n","protected":false},"featured_media":97654,"comment_status":"open","ping_status":"open","template":"","meta":{"inline_featured_image":false},"product_brand":[],"product_cat":[737,738,744],"product_tag":[],"class_list":{"0":"post-97653","1":"product","2":"type-product","3":"status-publish","4":"has-post-thumbnail","6":"product_cat-formation","7":"product_cat-modeles-anatomiques","8":"product_cat-modeles-dentaires","10":"first","11":"instock","12":"sale","13":"taxable","14":"shipping-taxable","15":"purchasable","16":"product-type-simple"},"_links":{"self":[{"href":"https:\/\/nimedixmedical.com\/fr\/wp-json\/wp\/v2\/product\/97653","targetHints":{"allow":["GET"]}}],"collection":[{"href":"https:\/\/nimedixmedical.com\/fr\/wp-json\/wp\/v2\/product"}],"about":[{"href":"https:\/\/nimedixmedical.com\/fr\/wp-json\/wp\/v2\/types\/product"}],"replies":[{"embeddable":true,"href":"https:\/\/nimedixmedical.com\/fr\/wp-json\/wp\/v2\/comments?post=97653"}],"wp:featuredmedia":[{"embeddable":true,"href":"https:\/\/nimedixmedical.com\/fr\/wp-json\/wp\/v2\/media\/97654"}],"wp:attachment":[{"href":"https:\/\/nimedixmedical.com\/fr\/wp-json\/wp\/v2\/media?parent=97653"}],"wp:term":[{"taxonomy":"product_brand","embeddable":true,"href":"https:\/\/nimedixmedical.com\/fr\/wp-json\/wp\/v2\/product_brand?post=97653"},{"taxonomy":"product_cat","embeddable":true,"href":"https:\/\/nimedixmedical.com\/fr\/wp-json\/wp\/v2\/product_cat?post=97653"},{"taxonomy":"product_tag","embeddable":true,"href":"https:\/\/nimedixmedical.com\/fr\/wp-json\/wp\/v2\/product_tag?post=97653"}],"curies":[{"name":"wp","href":"https:\/\/api.w.org\/{rel}","templated":true}]}}