{"id":97644,"date":"2025-11-30T18:38:33","date_gmt":"2025-11-30T17:38:33","guid":{"rendered":"https:\/\/nimedixmedical.com\/notre-catalogue\/cerveau-avec-arteres\/"},"modified":"2026-01-12T14:34:59","modified_gmt":"2026-01-12T13:34:59","slug":"cerveau-avec-arteres","status":"publish","type":"product","link":"https:\/\/nimedixmedical.com\/fr\/notre-catalogue\/cerveau-avec-arteres\/","title":{"rendered":"Cerveau avec Art\u00e8res"},"content":{"rendered":"<p>Le cerveau avec art\u00e8res est un mod\u00e8le anatomique \u00e0 grandeur nature, con\u00e7u pour l\u2019enseignement et la formation. Parfait pour illustrer la structure complexe du cerveau humain, il permet aux \u00e9tudiants et aux professionnels de mieux comprendre les diff\u00e9rentes r\u00e9gions c\u00e9r\u00e9brales et leur fonction.<\/p>\n<h2>Caract\u00e9ristiques<\/h2>\n<ul>\n<li>Dimensions : 16 x 18 x h 16 cm<\/li>\n<li>Poids : 1 kg<\/li>\n<li>Constitu\u00e9 de 9 pi\u00e8ces pour un assemblage facile<\/li>\n<li>Grossissement : 1X pour une repr\u00e9sentation r\u00e9aliste<\/li>\n<\/ul>\n<h2>Livraison<\/h2>\n<ul>\n<li><strong>France :<\/strong> Livraison directe.<\/li>\n<li><strong>Export (Europe et Afrique) :<\/strong> Sur devis.<\/li>\n<\/ul>\n","protected":false},"excerpt":{"rendered":"<ul>\n<li>Mod\u00e8le anatomique d\u00e9taill\u00e9 pour l&#8217;enseignement.<\/li>\n<li>Permet une compr\u00e9hension visuelle des lobes c\u00e9r\u00e9braux et des art\u00e8res.<\/li>\n<li>Id\u00e9al pour les \u00e9tudiants en m\u00e9decine et les professionnels de la sant\u00e9.<\/li>\n<li>Facile \u00e0 manipuler et \u00e0 assembler gr\u00e2ce \u00e0 ses 9 parties.<\/li>\n<\/ul>\n","protected":false},"featured_media":97645,"comment_status":"open","ping_status":"open","template":"","meta":{"inline_featured_image":false},"product_brand":[],"product_cat":[737,738,743],"product_tag":[],"class_list":{"0":"post-97644","1":"product","2":"type-product","3":"status-publish","4":"has-post-thumbnail","6":"product_cat-formation","7":"product_cat-modeles-anatomiques","8":"product_cat-organes","10":"first","11":"instock","12":"sale","13":"taxable","14":"shipping-taxable","15":"purchasable","16":"product-type-simple"},"_links":{"self":[{"href":"https:\/\/nimedixmedical.com\/fr\/wp-json\/wp\/v2\/product\/97644","targetHints":{"allow":["GET"]}}],"collection":[{"href":"https:\/\/nimedixmedical.com\/fr\/wp-json\/wp\/v2\/product"}],"about":[{"href":"https:\/\/nimedixmedical.com\/fr\/wp-json\/wp\/v2\/types\/product"}],"replies":[{"embeddable":true,"href":"https:\/\/nimedixmedical.com\/fr\/wp-json\/wp\/v2\/comments?post=97644"}],"wp:featuredmedia":[{"embeddable":true,"href":"https:\/\/nimedixmedical.com\/fr\/wp-json\/wp\/v2\/media\/97645"}],"wp:attachment":[{"href":"https:\/\/nimedixmedical.com\/fr\/wp-json\/wp\/v2\/media?parent=97644"}],"wp:term":[{"taxonomy":"product_brand","embeddable":true,"href":"https:\/\/nimedixmedical.com\/fr\/wp-json\/wp\/v2\/product_brand?post=97644"},{"taxonomy":"product_cat","embeddable":true,"href":"https:\/\/nimedixmedical.com\/fr\/wp-json\/wp\/v2\/product_cat?post=97644"},{"taxonomy":"product_tag","embeddable":true,"href":"https:\/\/nimedixmedical.com\/fr\/wp-json\/wp\/v2\/product_tag?post=97644"}],"curies":[{"name":"wp","href":"https:\/\/api.w.org\/{rel}","templated":true}]}}