{"id":97590,"date":"2025-11-30T18:38:02","date_gmt":"2025-11-30T17:38:02","guid":{"rendered":"https:\/\/nimedixmedical.com\/notre-catalogue\/squelette-humain\/"},"modified":"2026-01-12T14:34:39","modified_gmt":"2026-01-12T13:34:39","slug":"squelette-humain","status":"publish","type":"product","link":"https:\/\/nimedixmedical.com\/fr\/notre-catalogue\/squelette-humain\/","title":{"rendered":"Squelette Humain"},"content":{"rendered":"<p>Ce squelette humain grandeur nature est un outil essentiel pour les professionnels de la sant\u00e9, les \u00e9tudiants et les enseignants. Il permet de visualiser et d&#8217;\u00e9tudier les diff\u00e9rentes parties du squelette humain de mani\u00e8re d\u00e9taill\u00e9e.<\/p>\n<h2>Caract\u00e9ristiques<\/h2>\n<ul>\n<li>Hauteur : 170 cm<\/li>\n<li>Poids : environ 10 kg<\/li>\n<li>Assembl\u00e9 \u00e0 la main pour une pr\u00e9cision optimale<\/li>\n<li>Articulations principales articul\u00e9es, membres d\u00e9tachables (bras, jambes)<\/li>\n<li>Amovibles : calotte cr\u00e2nienne, cr\u00e2ne, m\u00e2choire<\/li>\n<li>Pied \u00e0 5 roulettes pour un d\u00e9placement facile<\/li>\n<\/ul>\n<h2>Livraison<\/h2>\n<ul>\n<li><strong>France :<\/strong> Livraison directe.<\/li>\n<li><strong>Export (Europe et Afrique) :<\/strong> Sur devis.<\/li>\n<\/ul>\n","protected":false},"excerpt":{"rendered":"<ul>\n<li>R\u00e9plique anatomique pour une utilisation en formation m\u00e9dicale et enseignement.<\/li>\n<li>Assemblage \u00e0 la main garantissant un niveau de d\u00e9tail \u00e9lev\u00e9 et une durabilit\u00e9 accrue.<\/li>\n<li>Articulations principales mobiles permettant des d\u00e9monstrations r\u00e9alistes.<\/li>\n<li>Facilit\u00e9 de transport et de stockage gr\u00e2ce \u00e0 son pied \u00e0 roulettes.<\/li>\n<\/ul>\n","protected":false},"featured_media":97591,"comment_status":"open","ping_status":"open","template":"","meta":{"inline_featured_image":false},"product_brand":[],"product_cat":[737,738,741],"product_tag":[],"class_list":{"0":"post-97590","1":"product","2":"type-product","3":"status-publish","4":"has-post-thumbnail","6":"product_cat-formation","7":"product_cat-modeles-anatomiques","8":"product_cat-squelettes-colonnes-vertebrales-cranes","10":"first","11":"instock","12":"sale","13":"taxable","14":"shipping-taxable","15":"purchasable","16":"product-type-simple"},"_links":{"self":[{"href":"https:\/\/nimedixmedical.com\/fr\/wp-json\/wp\/v2\/product\/97590","targetHints":{"allow":["GET"]}}],"collection":[{"href":"https:\/\/nimedixmedical.com\/fr\/wp-json\/wp\/v2\/product"}],"about":[{"href":"https:\/\/nimedixmedical.com\/fr\/wp-json\/wp\/v2\/types\/product"}],"replies":[{"embeddable":true,"href":"https:\/\/nimedixmedical.com\/fr\/wp-json\/wp\/v2\/comments?post=97590"}],"wp:featuredmedia":[{"embeddable":true,"href":"https:\/\/nimedixmedical.com\/fr\/wp-json\/wp\/v2\/media\/97591"}],"wp:attachment":[{"href":"https:\/\/nimedixmedical.com\/fr\/wp-json\/wp\/v2\/media?parent=97590"}],"wp:term":[{"taxonomy":"product_brand","embeddable":true,"href":"https:\/\/nimedixmedical.com\/fr\/wp-json\/wp\/v2\/product_brand?post=97590"},{"taxonomy":"product_cat","embeddable":true,"href":"https:\/\/nimedixmedical.com\/fr\/wp-json\/wp\/v2\/product_cat?post=97590"},{"taxonomy":"product_tag","embeddable":true,"href":"https:\/\/nimedixmedical.com\/fr\/wp-json\/wp\/v2\/product_tag?post=97590"}],"curies":[{"name":"wp","href":"https:\/\/api.w.org\/{rel}","templated":true}]}}