{"id":97575,"date":"2025-11-30T18:38:02","date_gmt":"2025-11-30T17:38:02","guid":{"rendered":"https:\/\/nimedixmedical.com\/notre-catalogue\/colonne-vertebrale-flexible-avec-tetes-femorales-sacrum-ouvert\/"},"modified":"2026-01-12T14:34:32","modified_gmt":"2026-01-12T13:34:32","slug":"colonne-vertebrale-flexible-avec-tetes-femorales-sacrum-ouvert","status":"publish","type":"product","link":"https:\/\/nimedixmedical.com\/fr\/notre-catalogue\/colonne-vertebrale-flexible-avec-tetes-femorales-sacrum-ouvert\/","title":{"rendered":"Colonne Vert\u00e9brale Flexible avec T\u00eates F\u00e9morales + Sacrum Ouvert"},"content":{"rendered":"<p>La colonne vert\u00e9brale flexible est un outil p\u00e9dagogique essentiel pour les professionnels de la sant\u00e9 et les \u00e9tudiants en m\u00e9decine. Elle permet d&#8217;explorer en d\u00e9tail l&#8217;anatomie humaine, facilitant ainsi la compr\u00e9hension des structures vert\u00e9brales et de leurs interactions.<\/p>\n<h2>Caract\u00e9ristiques<\/h2>\n<ul>\n<li>Dimensions: 95 x 20 x h 20 cm<\/li>\n<li>Poids: 3 kg<\/li>\n<li>Compos\u00e9e de vert\u00e8bres cervicales, thoraciques et lombaires, sacrum, coccyx, et t\u00eates f\u00e9morales amovibles (mod\u00e8les 40130, 31, 32 uniquement).<\/li>\n<li>Repr\u00e9sentation des art\u00e8res vert\u00e9brales et des branches nerveuses spinales.<\/li>\n<li>Disque intervert\u00e9bral L3-L4 prolab\u00e9 inclus.<\/li>\n<li>Partie gauche du squelette avec points d&#8217;origine et d&#8217;insertion des muscles (mod\u00e8le 40131).<\/li>\n<li>Coccyx et cr\u00eate sacr\u00e9e amovibles pour explorer la section sacr\u00e9e de la moelle \u00e9pini\u00e8re (mod\u00e8les 40131 et 40132).<\/li>\n<li>Code couleur sur les r\u00e9gions de la colonne vert\u00e9brale pour faciliter l&#8217;identification (mod\u00e8le 40133).<\/li>\n<\/ul>\n<h2>Livraison<\/h2>\n<ul>\n<li><strong>France :<\/strong> Livraison directe.<\/li>\n<li><strong>Export (Europe et Afrique) :<\/strong> Sur devis.<\/li>\n<\/ul>\n","protected":false},"excerpt":{"rendered":"<ul>\n<li>Mod\u00e8le flexible grandeur nature, id\u00e9al pour l&#8217;enseignement et la d\u00e9monstration.<\/li>\n<li>Repr\u00e9sentation d\u00e9taill\u00e9e des structures vert\u00e9brales, art\u00e8res et nerfs pour une meilleure compr\u00e9hension.<\/li>\n<li>Parties amovibles permettant d&#8217;explorer la moelle \u00e9pini\u00e8re et les muscles associ\u00e9s.<\/li>\n<li>Dimensions adapt\u00e9es pour une utilisation en classe ou en cabinet.<\/li>\n<\/ul>\n","protected":false},"featured_media":97576,"comment_status":"open","ping_status":"open","template":"","meta":{"inline_featured_image":false},"product_brand":[],"product_cat":[737,738,741],"product_tag":[],"class_list":{"0":"post-97575","1":"product","2":"type-product","3":"status-publish","4":"has-post-thumbnail","6":"product_cat-formation","7":"product_cat-modeles-anatomiques","8":"product_cat-squelettes-colonnes-vertebrales-cranes","10":"first","11":"instock","12":"sale","13":"taxable","14":"shipping-taxable","15":"purchasable","16":"product-type-simple"},"_links":{"self":[{"href":"https:\/\/nimedixmedical.com\/fr\/wp-json\/wp\/v2\/product\/97575","targetHints":{"allow":["GET"]}}],"collection":[{"href":"https:\/\/nimedixmedical.com\/fr\/wp-json\/wp\/v2\/product"}],"about":[{"href":"https:\/\/nimedixmedical.com\/fr\/wp-json\/wp\/v2\/types\/product"}],"replies":[{"embeddable":true,"href":"https:\/\/nimedixmedical.com\/fr\/wp-json\/wp\/v2\/comments?post=97575"}],"wp:featuredmedia":[{"embeddable":true,"href":"https:\/\/nimedixmedical.com\/fr\/wp-json\/wp\/v2\/media\/97576"}],"wp:attachment":[{"href":"https:\/\/nimedixmedical.com\/fr\/wp-json\/wp\/v2\/media?parent=97575"}],"wp:term":[{"taxonomy":"product_brand","embeddable":true,"href":"https:\/\/nimedixmedical.com\/fr\/wp-json\/wp\/v2\/product_brand?post=97575"},{"taxonomy":"product_cat","embeddable":true,"href":"https:\/\/nimedixmedical.com\/fr\/wp-json\/wp\/v2\/product_cat?post=97575"},{"taxonomy":"product_tag","embeddable":true,"href":"https:\/\/nimedixmedical.com\/fr\/wp-json\/wp\/v2\/product_tag?post=97575"}],"curies":[{"name":"wp","href":"https:\/\/api.w.org\/{rel}","templated":true}]}}