{"id":97573,"date":"2025-11-30T18:37:31","date_gmt":"2025-11-30T17:37:31","guid":{"rendered":"https:\/\/nimedixmedical.com\/notre-catalogue\/colonne-vertebrale-avec-regions-identifiees-par-code-couleur\/"},"modified":"2026-01-12T14:34:29","modified_gmt":"2026-01-12T13:34:29","slug":"colonne-vertebrale-avec-regions-identifiees-par-code-couleur","status":"publish","type":"product","link":"https:\/\/nimedixmedical.com\/fr\/notre-catalogue\/colonne-vertebrale-avec-regions-identifiees-par-code-couleur\/","title":{"rendered":"Colonne Vert\u00e9brale avec R\u00e9gions Identifi\u00e9es par Code Couleur"},"content":{"rendered":"<p>La colonne vert\u00e9brale est un mod\u00e8le anatomique essentiel pour les professionnels de la sant\u00e9 et les \u00e9tudiants. Avec ses d\u00e9tails pr\u00e9cis, elle permet une visualisation claire des structures vert\u00e9brales et de leurs relations, facilitant ainsi l&#8217;apprentissage et la compr\u00e9hension de l&#8217;anatomie humaine.<\/p>\n<h2>Caract\u00e9ristiques<\/h2>\n<ul>\n<li>Dimensions : 98 x 23 x h 23 cm<\/li>\n<li>Poids : 970 g<\/li>\n<li>Compos\u00e9e d&#8217;une plaque occipitale, vert\u00e8bres cervicales, thoraciques et lombaires, sacrum, coccyx, bassin et t\u00eates f\u00e9morales amovibles (mod\u00e8les 40130, 31, 32 uniquement).<\/li>\n<li>Inclut la repr\u00e9sentation des art\u00e8res vert\u00e9brales, des branches nerveuses spinales et un disque intervert\u00e9bral L3-L4 prolab\u00e9.<\/li>\n<li>Mod\u00e8le 40131 : Points d&#8217;origine (rouge) et d&#8217;insertion (bleu) des muscles.<\/li>\n<li>Mod\u00e8les 40131 et 40132 : Cr\u00eate sacr\u00e9e et coccyx amovibles, r\u00e9v\u00e9lant la section sacr\u00e9e de la moelle \u00e9pini\u00e8re.<\/li>\n<li>Mod\u00e8le 40133 : Identification des r\u00e9gions par code couleur.<\/li>\n<li>Grossissement : 1X<\/li>\n<\/ul>\n<h2>Livraison<\/h2>\n<ul>\n<li><strong>France :<\/strong> Livraison directe.<\/li>\n<li><strong>Export (Europe et Afrique) :<\/strong> Sur devis.<\/li>\n<\/ul>\n","protected":false},"excerpt":{"rendered":"<ul>\n<li>Mod\u00e8le anatomique flexible pour une meilleure compr\u00e9hension de la colonne vert\u00e9brale.<\/li>\n<li>Identification facile des r\u00e9gions gr\u00e2ce \u00e0 un code couleur sur certains mod\u00e8les.<\/li>\n<li>Repr\u00e9sentation d\u00e9taill\u00e9e des structures anatomiques, y compris les art\u00e8res et les nerfs.<\/li>\n<li>Id\u00e9al pour l&#8217;enseignement et la formation en anatomie m\u00e9dicale.<\/li>\n<\/ul>\n","protected":false},"featured_media":97574,"comment_status":"open","ping_status":"open","template":"","meta":{"inline_featured_image":false},"product_brand":[],"product_cat":[737,738,741],"product_tag":[],"class_list":{"0":"post-97573","1":"product","2":"type-product","3":"status-publish","4":"has-post-thumbnail","6":"product_cat-formation","7":"product_cat-modeles-anatomiques","8":"product_cat-squelettes-colonnes-vertebrales-cranes","10":"first","11":"instock","12":"sale","13":"taxable","14":"shipping-taxable","15":"purchasable","16":"product-type-simple"},"_links":{"self":[{"href":"https:\/\/nimedixmedical.com\/fr\/wp-json\/wp\/v2\/product\/97573","targetHints":{"allow":["GET"]}}],"collection":[{"href":"https:\/\/nimedixmedical.com\/fr\/wp-json\/wp\/v2\/product"}],"about":[{"href":"https:\/\/nimedixmedical.com\/fr\/wp-json\/wp\/v2\/types\/product"}],"replies":[{"embeddable":true,"href":"https:\/\/nimedixmedical.com\/fr\/wp-json\/wp\/v2\/comments?post=97573"}],"wp:featuredmedia":[{"embeddable":true,"href":"https:\/\/nimedixmedical.com\/fr\/wp-json\/wp\/v2\/media\/97574"}],"wp:attachment":[{"href":"https:\/\/nimedixmedical.com\/fr\/wp-json\/wp\/v2\/media?parent=97573"}],"wp:term":[{"taxonomy":"product_brand","embeddable":true,"href":"https:\/\/nimedixmedical.com\/fr\/wp-json\/wp\/v2\/product_brand?post=97573"},{"taxonomy":"product_cat","embeddable":true,"href":"https:\/\/nimedixmedical.com\/fr\/wp-json\/wp\/v2\/product_cat?post=97573"},{"taxonomy":"product_tag","embeddable":true,"href":"https:\/\/nimedixmedical.com\/fr\/wp-json\/wp\/v2\/product_tag?post=97573"}],"curies":[{"name":"wp","href":"https:\/\/api.w.org\/{rel}","templated":true}]}}