{"id":97567,"date":"2025-11-30T18:37:31","date_gmt":"2025-11-30T17:37:31","guid":{"rendered":"https:\/\/nimedixmedical.com\/notre-catalogue\/colonne-vertebrale-lombaire\/"},"modified":"2026-01-12T14:34:24","modified_gmt":"2026-01-12T13:34:24","slug":"colonne-vertebrale-lombaire","status":"publish","type":"product","link":"https:\/\/nimedixmedical.com\/fr\/notre-catalogue\/colonne-vertebrale-lombaire\/","title":{"rendered":"Colonne Vert\u00e9brale Lombaire"},"content":{"rendered":"<p>La colonne vert\u00e9brale lombaire est un mod\u00e8le anatomique essentiel pour les professionnels de sant\u00e9 et les \u00e9tudiants. Elle permet de mieux comprendre la structure et le fonctionnement de la r\u00e9gion lombaire, facilitant ainsi l&#8217;enseignement et la formation m\u00e9dicale.<\/p>\n<h2>Caract\u00e9ristiques<\/h2>\n<ul>\n<li>Compos\u00e9e de 5 vert\u00e8bres lombaires et des disques intervert\u00e9braux.<\/li>\n<li>Int\u00e8gre les nerfs lombaires et la moelle \u00e9pini\u00e8re pour une repr\u00e9sentation compl\u00e8te.<\/li>\n<li>Amovibilit\u00e9 de la cr\u00eate sacr\u00e9e et du coccyx pour une flexibilit\u00e9 d&#8217;usage.<\/li>\n<li>Dimensions: 12 x 12 x h 36 cm, Poids: 800 g, Grossissement: 1X.<\/li>\n<\/ul>\n<h2>Livraison<\/h2>\n<ul>\n<li><strong>France :<\/strong> Livraison directe.<\/li>\n<li><strong>Export (Europe et Afrique) :<\/strong> Sur devis.<\/li>\n<\/ul>\n","protected":false},"excerpt":{"rendered":"<ul>\n<li>Mod\u00e8le anatomique de la colonne vert\u00e9brale lombaire, id\u00e9al pour l&#8217;enseignement m\u00e9dical.<\/li>\n<li>Permet une visualisation claire et d\u00e9taill\u00e9e des vert\u00e8bres, disques intervert\u00e9braux et nerfs.<\/li>\n<li>Amovibilit\u00e9 de la cr\u00eate sacr\u00e9e et du coccyx pour une \u00e9tude approfondie.<\/li>\n<li>Dimensions pratiques pour un usage en classe ou en cabinet m\u00e9dical.<\/li>\n<\/ul>\n","protected":false},"featured_media":97568,"comment_status":"open","ping_status":"open","template":"","meta":{"inline_featured_image":false},"product_brand":[],"product_cat":[737,738,741],"product_tag":[],"class_list":{"0":"post-97567","1":"product","2":"type-product","3":"status-publish","4":"has-post-thumbnail","6":"product_cat-formation","7":"product_cat-modeles-anatomiques","8":"product_cat-squelettes-colonnes-vertebrales-cranes","10":"first","11":"instock","12":"sale","13":"taxable","14":"shipping-taxable","15":"purchasable","16":"product-type-simple"},"_links":{"self":[{"href":"https:\/\/nimedixmedical.com\/fr\/wp-json\/wp\/v2\/product\/97567","targetHints":{"allow":["GET"]}}],"collection":[{"href":"https:\/\/nimedixmedical.com\/fr\/wp-json\/wp\/v2\/product"}],"about":[{"href":"https:\/\/nimedixmedical.com\/fr\/wp-json\/wp\/v2\/types\/product"}],"replies":[{"embeddable":true,"href":"https:\/\/nimedixmedical.com\/fr\/wp-json\/wp\/v2\/comments?post=97567"}],"wp:featuredmedia":[{"embeddable":true,"href":"https:\/\/nimedixmedical.com\/fr\/wp-json\/wp\/v2\/media\/97568"}],"wp:attachment":[{"href":"https:\/\/nimedixmedical.com\/fr\/wp-json\/wp\/v2\/media?parent=97567"}],"wp:term":[{"taxonomy":"product_brand","embeddable":true,"href":"https:\/\/nimedixmedical.com\/fr\/wp-json\/wp\/v2\/product_brand?post=97567"},{"taxonomy":"product_cat","embeddable":true,"href":"https:\/\/nimedixmedical.com\/fr\/wp-json\/wp\/v2\/product_cat?post=97567"},{"taxonomy":"product_tag","embeddable":true,"href":"https:\/\/nimedixmedical.com\/fr\/wp-json\/wp\/v2\/product_tag?post=97567"}],"curies":[{"name":"wp","href":"https:\/\/api.w.org\/{rel}","templated":true}]}}