{"id":97495,"date":"2025-11-30T18:36:57","date_gmt":"2025-11-30T17:36:57","guid":{"rendered":"https:\/\/nimedixmedical.com\/notre-catalogue\/oeil-4-pieces-5x\/"},"modified":"2026-01-12T14:33:57","modified_gmt":"2026-01-12T13:33:57","slug":"oeil-4-pieces-5x","status":"publish","type":"product","link":"https:\/\/nimedixmedical.com\/fr\/notre-catalogue\/oeil-4-pieces-5x\/","title":{"rendered":"Oeil &#8211; 4 Pi\u00e8ces &#8211; 5x"},"content":{"rendered":"<p>Ce mod\u00e8le anatomique de l&#8217;\u0153il est con\u00e7u pour offrir une repr\u00e9sentation fid\u00e8le des structures oculaires. Utilis\u00e9 dans le cadre de l&#8217;enseignement m\u00e9dical, il permet aux \u00e9tudiants et professionnels de mieux comprendre l&#8217;anatomie et la fonction de l&#8217;\u0153il dans son environnement naturel.<\/p>\n<h2>Caract\u00e9ristiques<\/h2>\n<ul>\n<li>Dimensions: 42 x 30 x h 31 cm<\/li>\n<li>Poids: 3,2 kg<\/li>\n<li>Pi\u00e8ces: 4<\/li>\n<li>Grossissement: 5X<\/li>\n<\/ul>\n<h2>Livraison<\/h2>\n<ul>\n<li><strong>France :<\/strong> Livraison directe.<\/li>\n<li><strong>Export (Europe et Afrique) :<\/strong> Sur devis.<\/li>\n<\/ul>\n","protected":false},"excerpt":{"rendered":"<ul>\n<li>Mod\u00e8le anatomique d\u00e9taill\u00e9 du globe oculaire pour l&#8217;enseignement.<\/li>\n<li>Id\u00e9al pour les \u00e9tudiants en m\u00e9decine et les professionnels de la sant\u00e9.<\/li>\n<li>Facilite la compr\u00e9hension des nerfs optiques et des muscles oculaires.<\/li>\n<li>Grossissement 5X pour une observation pr\u00e9cise des structures.<\/li>\n<\/ul>\n","protected":false},"featured_media":97494,"comment_status":"open","ping_status":"open","template":"","meta":{"inline_featured_image":false},"product_brand":[],"product_cat":[737,738,739],"product_tag":[],"class_list":{"0":"post-97495","1":"product","2":"type-product","3":"status-publish","4":"has-post-thumbnail","6":"product_cat-formation","7":"product_cat-modeles-anatomiques","8":"product_cat-yeux-et-o-r-l","10":"first","11":"instock","12":"sale","13":"taxable","14":"shipping-taxable","15":"purchasable","16":"product-type-simple"},"_links":{"self":[{"href":"https:\/\/nimedixmedical.com\/fr\/wp-json\/wp\/v2\/product\/97495","targetHints":{"allow":["GET"]}}],"collection":[{"href":"https:\/\/nimedixmedical.com\/fr\/wp-json\/wp\/v2\/product"}],"about":[{"href":"https:\/\/nimedixmedical.com\/fr\/wp-json\/wp\/v2\/types\/product"}],"replies":[{"embeddable":true,"href":"https:\/\/nimedixmedical.com\/fr\/wp-json\/wp\/v2\/comments?post=97495"}],"wp:featuredmedia":[{"embeddable":true,"href":"https:\/\/nimedixmedical.com\/fr\/wp-json\/wp\/v2\/media\/97494"}],"wp:attachment":[{"href":"https:\/\/nimedixmedical.com\/fr\/wp-json\/wp\/v2\/media?parent=97495"}],"wp:term":[{"taxonomy":"product_brand","embeddable":true,"href":"https:\/\/nimedixmedical.com\/fr\/wp-json\/wp\/v2\/product_brand?post=97495"},{"taxonomy":"product_cat","embeddable":true,"href":"https:\/\/nimedixmedical.com\/fr\/wp-json\/wp\/v2\/product_cat?post=97495"},{"taxonomy":"product_tag","embeddable":true,"href":"https:\/\/nimedixmedical.com\/fr\/wp-json\/wp\/v2\/product_tag?post=97495"}],"curies":[{"name":"wp","href":"https:\/\/api.w.org\/{rel}","templated":true}]}}