{"id":116677,"date":"2026-01-12T12:07:41","date_gmt":"2026-01-12T11:07:41","guid":{"rendered":"https:\/\/nimedixmedical.com\/?post_type=product&#038;p=116677"},"modified":"2026-01-12T23:10:36","modified_gmt":"2026-01-12T22:10:36","slug":"reprographe-numerique-transmissions-des-images-via-le-protocole-reseau-dicom","status":"publish","type":"product","link":"https:\/\/nimedixmedical.com\/fr\/notre-catalogue\/reprographe-numerique-transmissions-des-images-via-le-protocole-reseau-dicom\/","title":{"rendered":"Reprographe Num\u00e9rique-transmissions des Images Via le Protocole R\u00e9seau Dicom"},"content":{"rendered":"<p>Le syst\u00e8me d\u2019imagerie thermique s\u00e8che HQ-DY est un processeur de films thermographiques con\u00e7u pour copier et transmettre des images via le protocole r\u00e9seau DICOM. Il utilise la technologie d\u2019imagerie thermique s\u00e8che directe la plus r\u00e9cente et prend en charge une large gamme de modalit\u00e9s, notamment la tomodensitom\u00e9trie (TDM), l\u2019imagerie par r\u00e9sonance magn\u00e9tique (IRM), la radiographie num\u00e9rique (DR), la radiographie num\u00e9rique (CR), la gastro-ent\u00e9rologie num\u00e9rique, la m\u00e9decine nucl\u00e9aire, la radiographie mobile et la dentisterie. Le syst\u00e8me d\u2019imagerie thermique s\u00e8che HQ-DY est d\u00e9di\u00e9 \u00e0 la pr\u00e9cision du diagnostic gr\u00e2ce \u00e0 son excellente qualit\u00e9 d\u2019image et propose une imagerie abordable r\u00e9pondant \u00e0 vos besoins.<\/p>\n","protected":false},"excerpt":{"rendered":"<p>Le syst\u00e8me d&#8217;imagerie thermique s\u00e8che HQ-DY est un processeur de films thermographiques con\u00e7u pour copier et transmettre des images via le protocole r\u00e9seau DICOM. Il utilise la technologie d&#8217;imagerie thermique s\u00e8che directe la plus r\u00e9cente et prend en charge une large gamme de modalit\u00e9s, notamment la tomodensitom\u00e9trie (TDM), l&#8217;imagerie par r\u00e9sonance magn\u00e9tique (IRM), la radiographie num\u00e9rique (DR), la radiographie num\u00e9rique (CR), la gastro-ent\u00e9rologie num\u00e9rique, la m\u00e9decine nucl\u00e9aire, la radiographie mobile et la dentisterie. Le syst\u00e8me d&#8217;imagerie thermique s\u00e8che HQ-DY est d\u00e9di\u00e9 \u00e0 la pr\u00e9cision du diagnostic gr\u00e2ce \u00e0 son excellente qualit\u00e9 d&#8217;image et propose une imagerie abordable r\u00e9pondant \u00e0 vos besoins.<\/p>\n","protected":false},"featured_media":116675,"comment_status":"open","ping_status":"closed","template":"","meta":{"inline_featured_image":false},"product_brand":[1318],"product_cat":[15],"product_tag":[],"class_list":{"0":"post-116677","1":"product","2":"type-product","3":"status-publish","4":"has-post-thumbnail","6":"product_brand-hu-q","7":"product_cat-appareils-de-diagnostic","9":"first","10":"onbackorder","11":"taxable","12":"shipping-taxable","13":"purchasable","14":"product-type-simple"},"_links":{"self":[{"href":"https:\/\/nimedixmedical.com\/fr\/wp-json\/wp\/v2\/product\/116677","targetHints":{"allow":["GET"]}}],"collection":[{"href":"https:\/\/nimedixmedical.com\/fr\/wp-json\/wp\/v2\/product"}],"about":[{"href":"https:\/\/nimedixmedical.com\/fr\/wp-json\/wp\/v2\/types\/product"}],"replies":[{"embeddable":true,"href":"https:\/\/nimedixmedical.com\/fr\/wp-json\/wp\/v2\/comments?post=116677"}],"wp:featuredmedia":[{"embeddable":true,"href":"https:\/\/nimedixmedical.com\/fr\/wp-json\/wp\/v2\/media\/116675"}],"wp:attachment":[{"href":"https:\/\/nimedixmedical.com\/fr\/wp-json\/wp\/v2\/media?parent=116677"}],"wp:term":[{"taxonomy":"product_brand","embeddable":true,"href":"https:\/\/nimedixmedical.com\/fr\/wp-json\/wp\/v2\/product_brand?post=116677"},{"taxonomy":"product_cat","embeddable":true,"href":"https:\/\/nimedixmedical.com\/fr\/wp-json\/wp\/v2\/product_cat?post=116677"},{"taxonomy":"product_tag","embeddable":true,"href":"https:\/\/nimedixmedical.com\/fr\/wp-json\/wp\/v2\/product_tag?post=116677"}],"curies":[{"name":"wp","href":"https:\/\/api.w.org\/{rel}","templated":true}]}}