{"id":116428,"date":"2025-11-30T23:18:59","date_gmt":"2025-11-30T22:18:59","guid":{"rendered":"https:\/\/nimedixmedical.com\/notre-catalogue\/balance-danalyse-corporelle-sans-fil-ihealth-fit-hs2s\/"},"modified":"2026-01-31T12:25:01","modified_gmt":"2026-01-31T11:25:01","slug":"balance-danalyse-corporelle-sans-fil-ihealth-fit-hs2s","status":"publish","type":"product","link":"https:\/\/nimedixmedical.com\/fr\/notre-catalogue\/balance-danalyse-corporelle-sans-fil-ihealth-fit-hs2s\/","title":{"rendered":"Balance D&#8217;analyse Corporelle Sans Fil Ihealth Fit Hs2s -mesure le Poids, L\u2019imc, la Masse Maigre, Musculaire, Osseuse et Hydrique"},"content":{"rendered":"<div class=\"wpb-content-wrapper\">\t<div  class=\"vc_row wpb_row vc_row-fluid vc_column-gap-default ts-row-wide\"  ><div class=\"wpb_column vc_column_container vc_col-sm-12\">\n\t<div class=\"wpb_wrapper\">\n\t\n\t<div class=\"wpb_text_column wpb_content_element\" >\n\t\t<div class=\"wpb_wrapper\">\n\t\t\t<p>La balance d\u2019analyse corporelle sans fil iHealth Fit HS2S est un outil essentiel pour le suivi de votre sant\u00e9. Gr\u00e2ce \u00e0 sa connexion Bluetooth, elle permet de contr\u00f4ler le poids et la composition corporelle en toute simplicit\u00e9 sur votre iPhone, iPad ou smartphone Android.<\/p>\n<h2>Caract\u00e9ristiques<\/h2>\n<ul>\n<li>Mesure le poids, l\u2019IMC, la masse maigre, musculaire, osseuse et hydrique.<\/li>\n<li>\u00c9valuation de la graisse corporelle, de l\u2019apport calorique quotidien et de la graisse visc\u00e9rale.<\/li>\n<li>\u00c9cran LED lumineux pour une lecture facile.<\/li>\n<li>Supporte jusqu&#8217;\u00e0 8 utilisateurs avec stockage de 500 mesures par utilisateur.<\/li>\n<li>Compatible avec iOS 9.0 et Android 5.0+, installation simple.<\/li>\n<li>Alimentation par 4 batteries AAA (incluses).<\/li>\n<li>Dimensions : 306x306x26,6 mm, poids : 1 850 g.<\/li>\n<li>Pr\u00e9cision : poids de 5-180 kg (\u00b11%), graisse corporelle de 5%-65% (\u00b11%).<\/li>\n<\/ul>\n<h2>Livraison<\/h2>\n<ul>\n<li><strong>France :<\/strong> Livraison directe.<\/li>\n<li><strong>Export (Europe et Afrique) :<\/strong> Sur devis.<\/li>\n<\/ul>\n\n\t\t<\/div>\n\t<\/div>\n\t<\/div>\n<\/div><\/div>\n<\/div>","protected":false},"excerpt":{"rendered":"<ul>\n<li>Contr\u00f4le pr\u00e9cis de votre poids et de votre composition corporelle.<\/li>\n<li>Synchronisation facile avec votre smartphone via Bluetooth.<\/li>\n<li>Capacit\u00e9 \u00e0 stocker les donn\u00e9es de 8 utilisateurs diff\u00e9rents.<\/li>\n<li>Suivi des progr\u00e8s avec des graphiques et historique d&#8217;analyse.<\/li>\n<\/ul>\n","protected":false},"featured_media":116429,"comment_status":"open","ping_status":"closed","template":"","meta":{"inline_featured_image":false},"product_brand":[],"product_cat":[1305,1304],"product_tag":[],"class_list":{"0":"post-116428","1":"product","2":"type-product","3":"status-publish","4":"has-post-thumbnail","6":"product_cat-ihealth-produits-professionnels-pour-la-sante-sans-fil","7":"product_cat-produits-sans-fil","9":"first","10":"instock","11":"sale","12":"taxable","13":"shipping-taxable","14":"purchasable","15":"product-type-simple"},"_links":{"self":[{"href":"https:\/\/nimedixmedical.com\/fr\/wp-json\/wp\/v2\/product\/116428","targetHints":{"allow":["GET"]}}],"collection":[{"href":"https:\/\/nimedixmedical.com\/fr\/wp-json\/wp\/v2\/product"}],"about":[{"href":"https:\/\/nimedixmedical.com\/fr\/wp-json\/wp\/v2\/types\/product"}],"replies":[{"embeddable":true,"href":"https:\/\/nimedixmedical.com\/fr\/wp-json\/wp\/v2\/comments?post=116428"}],"wp:featuredmedia":[{"embeddable":true,"href":"https:\/\/nimedixmedical.com\/fr\/wp-json\/wp\/v2\/media\/116429"}],"wp:attachment":[{"href":"https:\/\/nimedixmedical.com\/fr\/wp-json\/wp\/v2\/media?parent=116428"}],"wp:term":[{"taxonomy":"product_brand","embeddable":true,"href":"https:\/\/nimedixmedical.com\/fr\/wp-json\/wp\/v2\/product_brand?post=116428"},{"taxonomy":"product_cat","embeddable":true,"href":"https:\/\/nimedixmedical.com\/fr\/wp-json\/wp\/v2\/product_cat?post=116428"},{"taxonomy":"product_tag","embeddable":true,"href":"https:\/\/nimedixmedical.com\/fr\/wp-json\/wp\/v2\/product_tag?post=116428"}],"curies":[{"name":"wp","href":"https:\/\/api.w.org\/{rel}","templated":true}]}}