{"id":116422,"date":"2025-11-30T23:18:59","date_gmt":"2025-11-30T22:18:59","guid":{"rendered":"https:\/\/nimedixmedical.com\/notre-catalogue\/ethylotest-professionnel-ap338-calibrage-facile-avec-imprimante\/"},"modified":"2026-01-31T12:21:59","modified_gmt":"2026-01-31T11:21:59","slug":"ethylotest-professionnel-ap338-calibrage-facile-avec-imprimante","status":"publish","type":"product","link":"https:\/\/nimedixmedical.com\/fr\/notre-catalogue\/ethylotest-professionnel-ap338-calibrage-facile-avec-imprimante\/","title":{"rendered":"\u00c9thylotest Professionnel Ap338 Calibrage Facile avec Imprimante"},"content":{"rendered":"<p>Le mod\u00e8le AP338 est un \u00e9thylotest professionnel id\u00e9al pour les environnements m\u00e9dicaux et de s\u00e9curit\u00e9. Gr\u00e2ce \u00e0 sa technologie avanc\u00e9e et son imprimante int\u00e9gr\u00e9e, il permet d&#8217;obtenir des r\u00e9sultats pr\u00e9cis et rapides, garantissant ainsi la s\u00e9curit\u00e9 des utilisateurs et le respect des r\u00e9glementations en vigueur.<\/p>\n<h2>Caract\u00e9ristiques<\/h2>\n<ul>\n<li>Capteur \u00e0 pile \u00e0 combustible pour des mesures fiables.<\/li>\n<li>\u00c9cran LCD IPS couleur de 4,5&#8243; avec interface tactile conviviale.<\/li>\n<li>Autonomie gr\u00e2ce \u00e0 une batterie Li-Ion rechargeable de 3,7 V.<\/li>\n<li>Fonction d&#8217;auto-surveillance du d\u00e9bit et chauffage automatique de la chambre.<\/li>\n<li>Compatible avec Windows XP, 7, 8, 10, 11 pour l&#8217;exportation de donn\u00e9es au format Excel.<\/li>\n<li>Pr\u00e9cision de mesure avec un \u00e9cart type de \u00b1 0,025 mg\/L ou \u00b1 5% de la mesure.<\/li>\n<li>Dimensions: 208x78x37 mm, Poids: 360 g.<\/li>\n<\/ul>\n<h2>Livraison<\/h2>\n<ul>\n<li><strong>France :<\/strong> Livraison directe.<\/li>\n<li><strong>Export (Europe et Afrique) :<\/strong> Sur devis.<\/li>\n<\/ul>\n","protected":false},"excerpt":{"rendered":"<ul>\n<li>\u00c9thylotest professionnel avec imprimante int\u00e9gr\u00e9e pour r\u00e9sultats imm\u00e9diats.<\/li>\n<li>Auto-calibrage et remplacement ais\u00e9 du module pr\u00e9-calibr\u00e9 pour une utilisation simplifi\u00e9e.<\/li>\n<li>\u00c9cran tactile couleur et grande capacit\u00e9 de m\u00e9moire pour jusqu&#8217;\u00e0 150 000 tests.<\/li>\n<li>Pr\u00e9cision de mesure \u00e9lev\u00e9e avec un \u00e9cart type de \u00b1 0,025 mg\/L.<\/li>\n<\/ul>\n","protected":false},"featured_media":116423,"comment_status":"open","ping_status":"closed","template":"","meta":{"inline_featured_image":false},"product_brand":[],"product_cat":[1287,1303,1302],"product_tag":[],"class_list":{"0":"post-116422","1":"product","2":"type-product","3":"status-publish","4":"has-post-thumbnail","6":"product_cat-diagnostics-laboratoire","7":"product_cat-ethylotests-ethylotests-cigarettes-electroniques-anti-ronflement","8":"product_cat-ethylotests-cigarettes-electroniques-anti-ronflement","10":"first","11":"instock","12":"sale","13":"taxable","14":"shipping-taxable","15":"purchasable","16":"product-type-simple"},"_links":{"self":[{"href":"https:\/\/nimedixmedical.com\/fr\/wp-json\/wp\/v2\/product\/116422","targetHints":{"allow":["GET"]}}],"collection":[{"href":"https:\/\/nimedixmedical.com\/fr\/wp-json\/wp\/v2\/product"}],"about":[{"href":"https:\/\/nimedixmedical.com\/fr\/wp-json\/wp\/v2\/types\/product"}],"replies":[{"embeddable":true,"href":"https:\/\/nimedixmedical.com\/fr\/wp-json\/wp\/v2\/comments?post=116422"}],"wp:featuredmedia":[{"embeddable":true,"href":"https:\/\/nimedixmedical.com\/fr\/wp-json\/wp\/v2\/media\/116423"}],"wp:attachment":[{"href":"https:\/\/nimedixmedical.com\/fr\/wp-json\/wp\/v2\/media?parent=116422"}],"wp:term":[{"taxonomy":"product_brand","embeddable":true,"href":"https:\/\/nimedixmedical.com\/fr\/wp-json\/wp\/v2\/product_brand?post=116422"},{"taxonomy":"product_cat","embeddable":true,"href":"https:\/\/nimedixmedical.com\/fr\/wp-json\/wp\/v2\/product_cat?post=116422"},{"taxonomy":"product_tag","embeddable":true,"href":"https:\/\/nimedixmedical.com\/fr\/wp-json\/wp\/v2\/product_tag?post=116422"}],"curies":[{"name":"wp","href":"https:\/\/api.w.org\/{rel}","templated":true}]}}