{"id":116362,"date":"2025-11-30T23:17:33","date_gmt":"2025-11-30T22:17:33","guid":{"rendered":"https:\/\/nimedixmedical.com\/notre-catalogue\/kit-glucometre-gima-mg-dl-it-de-gr-arabe\/"},"modified":"2026-01-12T15:57:47","modified_gmt":"2026-01-12T14:57:47","slug":"kit-glucometre-gima-mg-dl-it-de-gr-arabe","status":"publish","type":"product","link":"https:\/\/nimedixmedical.com\/fr\/notre-catalogue\/kit-glucometre-gima-mg-dl-it-de-gr-arabe\/","title":{"rendered":"Kit Glucom\u00e8tre GIMA Mg\/dl &#8211; It, de, Gr, Arabe"},"content":{"rendered":"<p>Le kit glucom\u00e8tre GIMA est con\u00e7u pour assurer une surveillance efficace de la glyc\u00e9mie. Il est id\u00e9al tant pour un usage personnel que professionnel, offrant des r\u00e9sultats pr\u00e9cis et fiables gr\u00e2ce \u00e0 une technologie avanc\u00e9e. Un outil essentiel pour les personnes atteintes de diab\u00e8te.<\/p>\n<h2>Caract\u00e9ristiques<\/h2>\n<ul>\n<li>Kit complet incluant 10 bandelettes, 10 lancettes st\u00e9riles, et un stylo autopiqueur.<\/li>\n<li>Conforme aux normes ISO15197:2013 et EN ISO15197:2015.<\/li>\n<li>Technologie de biocapteurs \u00e9lectrochimiques pour des mesures pr\u00e9cises.<\/li>\n<li>Temps de test rapide : seulement 5 secondes.<\/li>\n<li>M\u00e9moire de 1 000 r\u00e9sultats, avec moyenne sur 7, 14, 30, 60, 90 jours.<\/li>\n<li>Transmission des donn\u00e9es via USB et d\u00e9tection automatique d\u2019\u00e9chantillon insuffisant.<\/li>\n<li>Alimentation par 2 piles bouton CR 2032 avec une dur\u00e9e de vie de 3 000 mesures.<\/li>\n<\/ul>\n<h2>Livraison<\/h2>\n<ul>\n<li><strong>France :<\/strong> Livraison directe.<\/li>\n<li><strong>Export (Europe et Afrique) :<\/strong> Sur devis.<\/li>\n<\/ul>\n","protected":false},"excerpt":{"rendered":"<ul>\n<li>Kit complet pour un usage professionnel et personnel.<\/li>\n<li>Pr\u00e9cision et fiabilit\u00e9 pour l\u2019auto-surveillance de la glyc\u00e9mie.<\/li>\n<li>\u00c9chantillons de sang vari\u00e9s, adapt\u00e9s \u00e0 diff\u00e9rents besoins.<\/li>\n<li>Facilit\u00e9 d&#8217;utilisation avec un temps de test rapide de 5 secondes.<\/li>\n<\/ul>\n","protected":false},"featured_media":116363,"comment_status":"open","ping_status":"open","template":"","meta":{"inline_featured_image":false},"product_brand":[],"product_cat":[1287,1301,1298],"product_tag":[],"class_list":{"0":"post-116362","1":"product","2":"type-product","3":"status-publish","4":"has-post-thumbnail","6":"product_cat-diagnostics-laboratoire","7":"product_cat-glucometres-et-accessoires","8":"product_cat-glucometres-et-multicare","10":"first","11":"instock","12":"sale","13":"taxable","14":"shipping-taxable","15":"purchasable","16":"product-type-simple"},"_links":{"self":[{"href":"https:\/\/nimedixmedical.com\/fr\/wp-json\/wp\/v2\/product\/116362","targetHints":{"allow":["GET"]}}],"collection":[{"href":"https:\/\/nimedixmedical.com\/fr\/wp-json\/wp\/v2\/product"}],"about":[{"href":"https:\/\/nimedixmedical.com\/fr\/wp-json\/wp\/v2\/types\/product"}],"replies":[{"embeddable":true,"href":"https:\/\/nimedixmedical.com\/fr\/wp-json\/wp\/v2\/comments?post=116362"}],"wp:featuredmedia":[{"embeddable":true,"href":"https:\/\/nimedixmedical.com\/fr\/wp-json\/wp\/v2\/media\/116363"}],"wp:attachment":[{"href":"https:\/\/nimedixmedical.com\/fr\/wp-json\/wp\/v2\/media?parent=116362"}],"wp:term":[{"taxonomy":"product_brand","embeddable":true,"href":"https:\/\/nimedixmedical.com\/fr\/wp-json\/wp\/v2\/product_brand?post=116362"},{"taxonomy":"product_cat","embeddable":true,"href":"https:\/\/nimedixmedical.com\/fr\/wp-json\/wp\/v2\/product_cat?post=116362"},{"taxonomy":"product_tag","embeddable":true,"href":"https:\/\/nimedixmedical.com\/fr\/wp-json\/wp\/v2\/product_tag?post=116362"}],"curies":[{"name":"wp","href":"https:\/\/api.w.org\/{rel}","templated":true}]}}